{"id":9549,"date":"2017-12-20T15:27:46","date_gmt":"2017-12-20T21:27:46","guid":{"rendered":"http:\/\/vislab.mx\/licenciaturas\/?page_id=9549"},"modified":"2023-06-05T12:33:10","modified_gmt":"2023-06-05T18:33:10","slug":"aviso-de-privacidad","status":"publish","type":"page","link":"https:\/\/ebvg.edu.mx\/roma\/aviso-de-privacidad\/","title":{"rendered":"Aviso de Privacidad"},"content":{"rendered":"<p>[vc_row][vc_column][vc_column_text]<strong>Aviso de Privacidad<\/strong><\/p>\n<p>En cumplimiento a la Ley Federal de Protecci\u00f3n de Datos Personales en Posesi\u00f3n de los Particulares y de su Reglamento (en adelante la Ley), y con el fin de asegurar la protecci\u00f3n y privacidad de los datos personales, as\u00ed como regular los derechos<\/p>\n<p>de acceso, rectificaci\u00f3n, cancelaci\u00f3n y oposici\u00f3n del tratamiento de los mismos, Escuela Berta von Gl\u00fcmer, s.c., le comunica<\/p>\n<p>el presente Aviso.<\/p>\n<p><strong>Responsable<\/strong><\/p>\n<p>Escuela Berta von Gl\u00fcmer, s.c., (en adelante el Responsable), ubicada en la calle de Puebla No. 419, Col. Roma Norte, Alcald\u00eda de Cuauht\u00e9moc, en la Ciudad de M\u00e9xico, CP. 06700, es responsable de proteger la confidencialidad de los datos personales, datos personales sensibles y datos personales financieros o patrimoniales, datos acad\u00e9micos, datos de salud, datos de identificaci\u00f3n, datos laborales de padre, madre, o tutor, datos de identificaci\u00f3n, datos acad\u00e9micos de hermanos, datos sobre caracter\u00edsticas f\u00edsicas. de sus alumnos, aspirantes a alumnos, exalumnos, egresados, y de sus padres o tutores, as\u00ed como de garantizar su privacidad y su derecho a la autodeterminaci\u00f3n informativa.<\/p>\n<p>El ejercicio de los derechos de acceso, rectificaci\u00f3n, cancelaci\u00f3n, oposici\u00f3n, limitaci\u00f3n de uso o la revocaci\u00f3n del consentimiento, podr\u00e1 solicitarse por escrito al correo electr\u00f3nico <a href=\"mailto:privacidad@ebvg.edu.mx\">privacidad@ebvg.edu.mx<\/a><\/p>\n<p><strong>Pol\u00edtica de Privacidad<\/strong><\/p>\n<p>Este Aviso tiene como fin asegurar la privacidad de los datos proporcionados por nuestros alumnos, aspirantes a alumnos, exalumnos, egresados, y de sus padres o tutores, con el fin de vincularse con los servicios acad\u00e9micos proporcionados por el Responsable.<\/p>\n<p>Al proporcionar sus datos personales el titular est\u00e1 de acuerdo en su tratamiento, conforme este t\u00e9rmino se entiende en la fracci\u00f3n<\/p>\n<p>XVIII del art\u00edculo 3 de la Ley. En caso de no estar de acuerdo el titular no deber\u00e1 proporcionar dato alguno.<\/p>\n<p><strong>Finali<\/strong><strong>dades<\/strong><\/p>\n<p>El Responsable puede recabar datos personales, datos personales sensibles y datos personales financieros o patrimoniales, datos acad\u00e9micos, datos de salud, datos de identificaci\u00f3n, datos laborales de padre, madre, o tutor, datos de identificaci\u00f3n, datos acad\u00e9micos de hermanos, datos sobre caracter\u00edsticas f\u00edsicas. de sus alumnos, aspirantes a alumnos, exalumnos, egresados, y de sus padres o tutores, con algunas de las siguientes finalidades:<\/p>\n<p>Prestaci\u00f3n de servicios educativos; integraci\u00f3n del expediente acad\u00e9mico; integraci\u00f3n del expediente administrativo; informaci\u00f3n de contacto para enviar comunicados; informaci\u00f3n de contacto para localizar a los padres o tutores; analizar solicitudes de becas; decidir sobre descuentos o recargos; evaluar calidad en el servicio, realizar estad\u00edsticas sobre los servicios educativos y actividades deportivas y culturales; cumplir con requerimientos de la Secretar\u00eda de Educaci\u00f3n P\u00fablica y dem\u00e1s autoridades gubernamentales. y,<\/p>\n<p>en general, para fines mercadot\u00e9cnicos, publicitarios o de prospecci\u00f3n comercial.<\/p>\n<p><strong>Datos Personales<\/strong><\/p>\n<p>Pueden ser objeto de tratamiento los siguientes datos personales, datos personales sensibles y datos personales financieros o patrimoniales, que se presentan en forma enunciativa, no limitativa:<\/p>\n<p>1.- Datos de identificaci\u00f3n: nombre completo, edad, fecha y lugar de nacimiento, g\u00e9nero, estado civil, domicilio, nacionalidad, correo<\/p>\n<p>electr\u00f3nico, tel\u00e9fonos de contacto, Clave \u00danica del Registro de Poblaci\u00f3n, N\u00famero de Seguridad Social, clave del Registro Federal de Contribuyentes, firma, religi\u00f3n, huella digital, nombre del Padre, Madre, Tutores y hermanos.<\/p>\n<p>2.- Datos Acad\u00e9micos: nombre y domicilio de escuela de procedencia, trayectoria educativa, calificaciones y certificados emitidos por<\/p>\n<p>otras instituciones, idiomas, t\u00edtulo profesional, n\u00famero de c\u00e9dula profesional, certificados de estudios, antecedentes escolares.<\/p>\n<p>3.- Datos de Salud: Estado de salud, historial cl\u00ednico, enfermedades, restricciones alimenticias, alergias, grupo sangu\u00edneo, donador de \u00f3rganos, cuestiones de car\u00e1cter psicol\u00f3gico y psiqui\u00e1trico, datos de su doctor, tratamientos m\u00e9dicos o psicol\u00f3gicos que recibe, datos de contactos para caso de emergencia, con el fin de acreditar estudios, calificaciones, ex\u00e1menes y certificaciones.<\/p>\n<p>4.- Datos sobre los padres o tutores: nombre completo del padre y la madre o tutor y tutora del alumno, nombre completo, edad y<\/p>\n<p>escolaridad de todos sus hijos, domicilio completo de la familia o de cada uno de los padres si est\u00e1n separados, as\u00ed como sus tel\u00e9fonos y correos electr\u00f3nicos, datos completos del domicilio del trabajo, empleo o negocio &nbsp;del padre y\/o de la madre incluyendo tel\u00e9fonos y correos, ocupaci\u00f3n, puesto que desempe\u00f1a, grado de estudios, estado civil, horarios del trabajo, etc. RFC, CURP y domicilio fiscal para la facturaci\u00f3n electr\u00f3nica.<\/p>\n<p>5.- Datos financieros o patrimoniales: Bienes muebles e inmuebles, ingresos y egresos personales, ingresos y egresos de los padres,<\/p>\n<p>cuentas bancarias, referencias personales, informaci\u00f3n fiscal. Reporte de buro de cr\u00e9dito, declaraciones de impuestos, recibos de n\u00f3mina y en general datos sobre la situaci\u00f3n econ\u00f3mica de la familia, para el otorgamiento de becas, descuentos o consideraciones financieras y para la gesti\u00f3n de pagos necesarios.<\/p>\n<p>6.- Datos sensibles: aficiones, deportes, actividades extracurriculares. Datos sobre el comportamiento del alumno en lo social, familiar, emotivo, salud, deportivo, etc.; datos solicitados en entrevistas de admisi\u00f3n y\/o de seguimiento que permitan evaluar al alumno y su familia o entorno familiar.<\/p>\n<p>7.- Caracter\u00edsticas f\u00edsicas: foto, color de piel, de iris y de pelo, huella digital, cicatrices o se\u00f1ales particulares.<\/p>\n<p>8.- Datos para las compa\u00f1\u00edas de seguro con quien el Responsable tiene contratado p\u00f3lizas para las gestiones de seguros y\/o reembolsos a favor del Titular<\/p>\n<p>9.- Datos para videograbaciones y monitoreo de clases: Las grabaciones efectuadas de las sesiones de clases, as\u00ed como de las evaluaciones se buscar\u00e1 proteger y resguardar los datos biom\u00e9tricos, de audio e imagen que formen parte de la videograbaci\u00f3n y tales no podr\u00e1n ser usadas, ni distribuidas para ning\u00fan fin que no sean expresamente los necesarios para cuestiones acad\u00e9micas. As\u00ed como el CCTV (circuito cerrado de televisi\u00f3n) para la seguridad interna de la escuela, entre otros. Cualquier persona que participe en estas actividades o eventos, sean en las instalaciones del propio Responsable o en otras instalaciones, acepta que podr\u00e1 ser grabado y\/o fotografiado. Quedar\u00e1 expresamente prohibido la divulgaci\u00f3n, difusi\u00f3n o duplicado, teniendo como resultado la imposibilidad de que en medios f\u00edsicos o virtuales existan im\u00e1genes, audios o videos que formen parte de las sesiones de clase virtual o presencial sin la autorizaci\u00f3n y el consentimiento expreso e inequ\u00edvoco de quien puede otorgarlo, quedando a reserva de las excepciones presentadas por el numeral 37 de la Ley Federal de Protecci\u00f3n de Datos Personales en Posesi\u00f3n de los Particulares.<\/p>\n<p>&nbsp;<\/p>\n<p>En caso de no contar con algunos de los datos citados, podr\u00eda existir la posibilidad de que el Responsable no pueda proporcionar los servicios propios de la relaci\u00f3n jur\u00eddica que se establezca con el Titular.<\/p>\n<p>Asimismo, se informa que para cumplir con las finalidades previstas en el presente Aviso, ser\u00e1n recabados y tratados datos personales sensibles descritos en los incisos anteriores. Es por esto que el Responsable se compromete a que los mismos sean tratados bajo<\/p>\n<p>estrictas medidas de seguridad, garantizando su confidencialidad.<\/p>\n<p><strong>Principios<\/strong><\/p>\n<p>El Responsable observa los principios de confidencialidad, licitud, consentimiento, informaci\u00f3n, calidad, finalidad, lealtad, proporcionalidad y responsabilidad en la protecci\u00f3n de datos personales.<\/p>\n<p><strong>Transferencia <\/strong><strong>de Datos<\/strong><\/p>\n<p>El Responsable podr\u00e1 realizar las transferencias nacionales o internacionales de datos sin el consentimiento del titular en los casos previstos en la Ley y en su Reglamento.<\/p>\n<p>Tambi\u00e9n podr\u00e1 realizar transferencias de datos a entidades proveedoras de servicios para el cumplimiento de las obligaciones<\/p>\n<p>contractuales acordadas.<\/p>\n<p>Los terceros y las entidades receptores de datos personales, asumir\u00e1n las mismas obligaciones y\/o responsabilidades que el<\/p>\n<p>Responsable ha asumido con el titular en el presente Aviso.<\/p>\n<p>El titular de datos personales que establece una relaci\u00f3n jur\u00eddica con el Responsable acepta que sus datos personales podr\u00edan ser transferidos en los t\u00e9rminos descritos en la Ley, su Reglamento y el presente Aviso de Privacidad.<\/p>\n<p>Opciones y medios para limitar el uso o divulgaci\u00f3n de los datos personales<\/p>\n<p>El tratamiento de sus datos personales ser\u00e1 el que resulte necesario, adecuado y relevante en relaci\u00f3n con las finalidades previstas en este Aviso de Privacidad.<\/p>\n<p>El Responsable cuenta con las medidas de seguridad, administrativas, t\u00e9cnicas y f\u00edsicas necesarias y suficientes para proteger sus datos personales contra da\u00f1o, p\u00e9rdida, alteraci\u00f3n, destrucci\u00f3n, uso, acceso o tratamiento no autorizado.<\/p>\n<p>Los datos personales son salvaguardados en bases de datos y equipos de c\u00f3mputo que cuentan con la seguridad necesaria para prevenir fugas de informaci\u00f3n. Controles de acceso f\u00edsico y l\u00f3gico, controles ambientales, sistemas de protecci\u00f3n anti intrusos (IPS, Firewall), herramientas de protecci\u00f3n antivirus y filtrado web son algunas de las herramientas utilizadas para mantener la seguridad de los datos en los sistemas del Responsable.<\/p>\n<p>Si el titular desea solicitar la limitaci\u00f3n del uso o divulgaci\u00f3n de sus datos personales puede hacerlo en el correo electr\u00f3nico <a href=\"mailto:privacidad@ebvg.edu.mx\">privacidad@ebvg.edu.mx<\/a><\/p>\n<p><strong>Derechos de los Titulares &nbsp;de Datos Personales<\/strong><\/p>\n<p>Cualquier titular o, en su caso, su representante legal podr\u00e1 ejercer los derechos de acceso, rectificaci\u00f3n, cancelaci\u00f3n y oposici\u00f3n sobre sus datos personales, y el Responsable proveer\u00e1 los medios que le permitan un oportuno ejercicio de sus derechos. El ejercicio de los derechos de acceso, rectificaci\u00f3n, cancelaci\u00f3n, oposici\u00f3n, limitaci\u00f3n de uso o la revocaci\u00f3n del consentimiento, deber\u00e1n solicitarse por escrito \u00fanicamente ante el Responsable en el correo electr\u00f3nico <a href=\"mailto:privacidad@ebvg.edu.mx\">privacidad@ebvg.edu.mx<\/a> Procedimiento para el Ejercicio de los Derechos<\/p>\n<p>La solicitud, por escrito v\u00eda correo electr\u00f3nico, de acceso, rectificaci\u00f3n, cancelaci\u00f3n, oposici\u00f3n, limitaci\u00f3n de uso o la revocaci\u00f3n del consentimiento, deber\u00e1 contener y acompa\u00f1ar lo siguiente:<\/p>\n<p>i &#8211; El nombre del titular y domicilio u otro medio para comunicarle la respuesta a su solicitud,<\/p>\n<p>ii &#8211; Los documentos que acrediten su identidad o, en su caso, la representaci\u00f3n legal del titular,<\/p>\n<p>iii&nbsp; \u2013La descripci\u00f3n clara y precisa de los datos personales respecto de los que se busca ejercer alguno de los derechos antes mencionados, y<\/p>\n<p>iv &#8211; Cualquier otro elemento o documento que facilite la localizaci\u00f3n de los datos personales.<\/p>\n<p>v &#8211; Para el caso de las solicitudes de rectificaci\u00f3n el titular deber\u00e1 indicar las modificaciones a realizarse y aportar la documentaci\u00f3n<\/p>\n<p>que sustente su petici\u00f3n<\/p>\n<p>El Responsable comunicar\u00e1 al titular, en veinte d\u00edas h\u00e1biles contados desde la fecha en que se recibi\u00f3 la solicitud de acceso, rectificaci\u00f3n, cancelaci\u00f3n u oposici\u00f3n, la determinaci\u00f3n adoptada a efecto de que, si resulta procedente, se haga efectiva la misma dentro de los quince d\u00edas h\u00e1biles siguientes a la fecha en que se comunica la respuesta. Los plazos antes referidos, podr\u00e1n ser<\/p>\n<p>ampliados una sola vez por un periodo igual, siempre y cuando as\u00ed lo justifiquen las circunstancias del caso.<\/p>\n<p><strong>A<\/strong><strong>cces<\/strong><strong>o<\/strong><\/p>\n<p>La obligaci\u00f3n de acceso a la informaci\u00f3n se dar\u00e1 por cumplida cuando se pongan a disposici\u00f3n del titular los datos personales.<\/p>\n<p><strong>Revocaci\u00f3n<\/strong><\/p>\n<p>El titular de los datos personales podr\u00e1 revocar su consentimiento para el tratamiento de datos personales en cualquier momento, debiendo, \u00fanicamente para tales efectos enviar una solicitud por escrito al Departamento de Privacidad en el correo<\/p>\n<p>electr\u00f3nico <a href=\"mailto:privacidad@ebvg.edu.mx\">privacidad@ebvg.edu.mx<\/a><\/p>\n<p>Dentro de los siguientes veinte d\u00edas h\u00e1biles contados desde la fecha en que se recibi\u00f3 la solicitud de revocaci\u00f3n el Responsable informar\u00e1 al titular sobre la procedencia o improcedencia de la misma y si resulta procedente la har\u00e1 efectiva dentro de los quince<\/p>\n<p>d\u00edas h\u00e1biles siguientes a la fecha en que se comunica la respuesta al correo electr\u00f3nico que el titular proporcione.<\/p>\n<p><strong>Cambios a este Aviso<\/strong><\/p>\n<p>El Responsable se reserva el derecho de efectuar en cualquier momento modificaciones o actualizaciones al presente aviso de privacidad, para la atenci\u00f3n de novedades legislativas o jurisprudenciales, pol\u00edticas internas, nuevos requerimientos para la prestaci\u00f3n u ofrecimiento de los servicios que ofrece El Responsable.<\/p>\n<p>Estas modificaciones estar\u00e1n disponibles a trav\u00e9s de la p\u00e1gina de internet: &nbsp;<a href=\"http:\/\/www.ebvg.edu.mx\">www.ebvg.edu.mx<\/a><\/p>\n<p><strong>Consentimiento General<\/strong><\/p>\n<p>Habi\u00e9ndose puesto a disposici\u00f3n del Titular este Aviso de Privacidad y sus modificaciones, ya sea personalmente o a trav\u00e9s de la p\u00e1gina de internet o de otros medios, y no habiendo manifestado inmediatamente oposici\u00f3n alguna, se entender\u00e1 que el titular ha consentido t\u00e1citamente el tratamiento de sus datos.<\/p>\n<p>Si el titular proporcion\u00f3 sus datos verbalmente, por escrito, por medios electr\u00f3nicos, \u00f3pticos o por cualquier otra tecnolog\u00eda, o por signos inequ\u00edvocos, se entender\u00e1 que ha dado su consentimiento expreso.<\/p>\n<p><strong>Consentimiento expreso<\/strong><\/p>\n<p>De conformidad con los art\u00edculos aplicables de la Ley Federal para la Protecci\u00f3n de Datos Personales en Posesi\u00f3n de los Particulares, por medio de la presente i. el titular reconoce que ha le\u00eddo este Aviso de Privacidad y entendido sus alcances; ii. el titular otorga su consentimiento expreso para el tratamiento de sus datos personales, datos personales sensibles y datos personales financieros o patrimoniales para los fines establecidos en este Aviso de Privacidad; y iii. el titular acepta que el Responsable pueda transferir sus datos personales, datos personales sensibles y datos personales financieros o patrimoniales a terceros distintos del encargado.<\/p>\n<p>Este consentimiento expreso puede documentarse&nbsp; a trav\u00e9s&nbsp; de firma aut\u00f3grafa, firma electr\u00f3nica o cualquier mecanismo de autenticaci\u00f3n.[\/vc_column_text][\/vc_column][\/vc_row]<\/p>\n","protected":false},"excerpt":{"rendered":"<p>[vc_row][vc_column][vc_column_text]Aviso de Privacidad En cumplimiento a la Ley Federal de Protecci\u00f3n de Datos Personales en Posesi\u00f3n de los Particulares y de su Reglamento (en adelante la Ley), y con el fin de asegurar la protecci\u00f3n y privacidad de los datos personales, as\u00ed como regular los derechos de acceso, rectificaci\u00f3n, cancelaci\u00f3n y oposici\u00f3n del tratamiento de &#8230;<\/p>\n","protected":false},"author":1,"featured_media":0,"parent":0,"menu_order":0,"comment_status":"closed","ping_status":"closed","template":"","meta":[],"_links":{"self":[{"href":"https:\/\/ebvg.edu.mx\/roma\/wp-json\/wp\/v2\/pages\/9549"}],"collection":[{"href":"https:\/\/ebvg.edu.mx\/roma\/wp-json\/wp\/v2\/pages"}],"about":[{"href":"https:\/\/ebvg.edu.mx\/roma\/wp-json\/wp\/v2\/types\/page"}],"author":[{"embeddable":true,"href":"https:\/\/ebvg.edu.mx\/roma\/wp-json\/wp\/v2\/users\/1"}],"replies":[{"embeddable":true,"href":"https:\/\/ebvg.edu.mx\/roma\/wp-json\/wp\/v2\/comments?post=9549"}],"version-history":[{"count":6,"href":"https:\/\/ebvg.edu.mx\/roma\/wp-json\/wp\/v2\/pages\/9549\/revisions"}],"predecessor-version":[{"id":13621,"href":"https:\/\/ebvg.edu.mx\/roma\/wp-json\/wp\/v2\/pages\/9549\/revisions\/13621"}],"wp:attachment":[{"href":"https:\/\/ebvg.edu.mx\/roma\/wp-json\/wp\/v2\/media?parent=9549"}],"curies":[{"name":"wp","href":"https:\/\/api.w.org\/{rel}","templated":true}]}}