{"id":4138,"date":"2017-08-08T13:02:07","date_gmt":"2017-08-08T18:02:07","guid":{"rendered":"https:\/\/ebvg.edu.mx\/roma?page_id=4138"},"modified":"2021-09-07T12:55:32","modified_gmt":"2021-09-07T17:55:32","slug":"ballet-2","status":"publish","type":"page","link":"https:\/\/ebvg.edu.mx\/roma\/ballet-2\/","title":{"rendered":"Ballet"},"content":{"rendered":"<p>[vc_row imgparallax=&#8221;yes&#8221; srcparallax=&#8221;3060&#8243; filter=&#8221;greydark&#8221; idparallax=&#8221;event-parall&#8221;][vc_column css=&#8221;.vc_custom_1503421559506{margin-top: -160px !important;padding-right: 0px !important;padding-left: 0px !important;}&#8221;][rev_slider_vc alias=&#8221;slideballet&#8221;][vc_empty_space height=&#8221;20px&#8221;][\/vc_column][\/vc_row][vc_row][vc_column width=&#8221;3\/4&#8243;]<h1 style=\"color:#a8a8a8;\" class=\" title center\">Ballet<\/h1>[vc_empty_space height=&#8221;20px&#8221;]<h3 style=\"color:#a5a5a5;\" class=\" subtitle center\">Berta Von Gl\u00fcmer<\/h3>[vc_empty_space][vc_gallery interval=&#8221;5&#8243; images=&#8221;4634&#8243; img_size=&#8221;600&#215;400&#8243; onclick=&#8221;&#8221;][vc_empty_space][vc_column_text]Considerado como Arte Esc\u00e9nica, el ballet requiere mucha\u00a0concentraci\u00f3n\u00a0a nivel ps\u00edquico; flexibilidad, coordinaci\u00f3n y ritmo musical a nivel f\u00edsico.\u00a0Por ello se recomienda que esta disciplina\u00a0<strong>empiece a practicarse desde una edad muy temprana<\/strong>, los 3 o 4 a\u00f1os, que es cuando el aparato\u00a0 locomotor\u00a0de los ni\u00f1os puede asimilar e interiorizar con m\u00e1s facilidad y soltura los movimientos y t\u00e9cnicas de la danza.[\/vc_column_text][vc_empty_space]<h3 style=\"color:;\" class=\"  \">Horario<\/h3>[vc_empty_space]<table class=\"nicdark_table extrabig nicdark_bg_blue nicdark_radius\" style=\"height: 295px;\" width=\"603\">\n<thead class=\"nicdark_border_blue\">\n<tr>\n<th class=\"white\" style=\"text-align: center;\">Nivel Escolar<\/th>\n<th class=\"white\" style=\"text-align: center;\">Categor\u00eda<\/th>\n<th class=\"white\" style=\"text-align: center;\">Inscripci\u00f3n<\/th>\n<th class=\"white\" style=\"text-align: center;\">Colegiatura<\/th>\n<th class=\"white\" style=\"text-align: center;\">Horario<\/th>\n<\/tr>\n<\/thead>\n<tbody class=\"nicdark_bg_grey nicdark_border_grey\">\n<tr>\n<td>\n<h5 class=\"grey subtitle\" style=\"text-align: center;\">JARDIN DE NI\u00d1OS \/ PRIMARIA<\/h5>\n<\/td>\n<td style=\"text-align: center;\">\n<h5 class=\"grey subtitle\">BALLET<\/h5>\n<\/td>\n<td style=\"text-align: center;\">\n<h5 class=\"grey subtitle\">$1000.00<\/h5>\n<\/td>\n<td style=\"text-align: center;\">\n<h5 class=\"grey subtitle\">$900<\/h5>\n<\/td>\n<td style=\"text-align: center;\">\n<h5 class=\"grey subtitle\">MARTES Y JUEVES 15:00 A 16:00 Hrs.<\/h5>\n<p>&nbsp;<\/td>\n<\/tr>\n<\/tbody>\n<\/table>\n[\/vc_column][vc_column width=&#8221;1\/4&#8243;][vc_column_text]<\/p>\n<div id=\"custom_html-6\" class=\"widget_text widget widget_custom_html\">\n<h2 align=\"center\">Otras Actividades<\/h2>\n<div class=\"textwidget custom-html-widget\">\n<table>\n<tbody>\n<tr>\n<td><a href=\"https:\/\/ebvg.edu.mx\/romafutbol\/\"><img src=\"https:\/\/ebvg.edu.mx\/romawp-content\/uploads\/2015\/01\/FUTBOL.png\" alt=\"F\u00fatbol Team\" width=\"80px\" \/><\/a><\/td>\n<td>Futbol Team<br \/>\n<a href=\"https:\/\/ebvg.edu.mx\/romafutbol\/\">Ver m\u00e1s<\/a><\/td>\n<\/tr>\n<tr>\n<td><\/td>\n<\/tr>\n<tr>\n<td><a href=\"https:\/\/ebvg.edu.mx\/romajazz\"><img src=\"https:\/\/ebvg.edu.mx\/romawp-content\/uploads\/2015\/01\/JAZZ.png\" alt=\"Jazz Team\" width=\"80px\" \/><\/a><\/td>\n<td>Jazz Team<br \/>\n<a href=\"https:\/\/ebvg.edu.mx\/romajazz\">Ver m\u00e1s<\/a><\/td>\n<\/tr>\n<tr>\n<td><\/td>\n<\/tr>\n<tr>\n<td><a href=\"https:\/\/ebvg.edu.mx\/romabaloncesto\"><img src=\"https:\/\/ebvg.edu.mx\/romawp-content\/uploads\/2015\/01\/BASQUETBOL.png\" alt=\"Basketball Team\" width=\"80px\" \/><\/a><\/td>\n<td>Basketball Team<br \/>\n<a href=\"https:\/\/ebvg.edu.mx\/romabaloncesto\">Ver m\u00e1s<\/a><\/td>\n<\/tr>\n<tr>\n<td><\/td>\n<\/tr>\n<tr>\n<td><\/td>\n<td><\/td>\n<\/tr>\n<tr>\n<td><\/td>\n<\/tr>\n<tr>\n<td><\/td>\n<td><\/td>\n<\/tr>\n<tr>\n<td><\/td>\n<\/tr>\n<tr>\n<td><a href=\"https:\/\/ebvg.edu.mx\/romataekwondo\"><img src=\"https:\/\/ebvg.edu.mx\/romawp-content\/uploads\/2015\/01\/TAE-KWON-DO.png\" alt=\"TAE-KWON-DO\" width=\"80px\" \/><\/a><\/td>\n<td>TAE KWON DO<br \/>\n<a href=\"https:\/\/ebvg.edu.mx\/romataekwondo\">Ver m\u00e1s<\/a><\/td>\n<\/tr>\n<tr>\n<td><\/td>\n<\/tr>\n<tr>\n<td><\/td>\n<td><\/td>\n<\/tr>\n<tr>\n<td><\/td>\n<\/tr>\n<tr>\n<td><\/td>\n<td><\/td>\n<\/tr>\n<\/tbody>\n<\/table>\n<\/div>\n<\/div>\n<p>[\/vc_column_text][\/vc_column][\/vc_row][vc_row][vc_column][vc_empty_space][\/vc_column][\/vc_row]<\/p>\n","protected":false},"excerpt":{"rendered":"<p>[vc_row imgparallax=&#8221;yes&#8221; srcparallax=&#8221;3060&#8243; filter=&#8221;greydark&#8221; idparallax=&#8221;event-parall&#8221;][vc_column css=&#8221;.vc_custom_1503421559506{margin-top: -160px !important;padding-right: 0px !important;padding-left: 0px !important;}&#8221;][rev_slider_vc alias=&#8221;slideballet&#8221;][vc_empty_space height=&#8221;20px&#8221;][\/vc_column][\/vc_row][vc_row][vc_column width=&#8221;3\/4&#8243;][vc_empty_space height=&#8221;20px&#8221;][vc_empty_space][vc_gallery interval=&#8221;5&#8243; images=&#8221;4634&#8243; img_size=&#8221;600&#215;400&#8243; onclick=&#8221;&#8221;][vc_empty_space][vc_column_text]Considerado como Arte Esc\u00e9nica, el ballet requiere mucha\u00a0concentraci\u00f3n\u00a0a nivel ps\u00edquico; flexibilidad, coordinaci\u00f3n y ritmo musical a nivel f\u00edsico.\u00a0Por ello se recomienda que esta disciplina\u00a0empiece a practicarse desde una edad muy temprana, los 3 o 4 a\u00f1os, &#8230;<\/p>\n","protected":false},"author":1,"featured_media":0,"parent":0,"menu_order":0,"comment_status":"open","ping_status":"closed","template":"","meta":[],"_links":{"self":[{"href":"https:\/\/ebvg.edu.mx\/roma\/wp-json\/wp\/v2\/pages\/4138"}],"collection":[{"href":"https:\/\/ebvg.edu.mx\/roma\/wp-json\/wp\/v2\/pages"}],"about":[{"href":"https:\/\/ebvg.edu.mx\/roma\/wp-json\/wp\/v2\/types\/page"}],"author":[{"embeddable":true,"href":"https:\/\/ebvg.edu.mx\/roma\/wp-json\/wp\/v2\/users\/1"}],"replies":[{"embeddable":true,"href":"https:\/\/ebvg.edu.mx\/roma\/wp-json\/wp\/v2\/comments?post=4138"}],"version-history":[{"count":15,"href":"https:\/\/ebvg.edu.mx\/roma\/wp-json\/wp\/v2\/pages\/4138\/revisions"}],"predecessor-version":[{"id":12123,"href":"https:\/\/ebvg.edu.mx\/roma\/wp-json\/wp\/v2\/pages\/4138\/revisions\/12123"}],"wp:attachment":[{"href":"https:\/\/ebvg.edu.mx\/roma\/wp-json\/wp\/v2\/media?parent=4138"}],"curies":[{"name":"wp","href":"https:\/\/api.w.org\/{rel}","templated":true}]}}