{"id":3549,"date":"2017-05-02T22:33:31","date_gmt":"2017-05-03T04:33:31","guid":{"rendered":"https:\/\/ebvg.edu.mx\/roma?page_id=3549"},"modified":"2026-02-04T14:27:00","modified_gmt":"2026-02-04T20:27:00","slug":"jardin-de-ninos","status":"publish","type":"page","link":"https:\/\/ebvg.edu.mx\/roma\/jardin-de-ninos\/","title":{"rendered":"Jard\u00edn de ni\u00f1os"},"content":{"rendered":"<p>[vc_row css=&#8221;.vc_custom_1502201114656{margin-top: -160px !important;}&#8221;][vc_column css=&#8221;.vc_custom_1502901238746{margin-top: -160px !important;}&#8221;][rev_slider_vc alias=&#8221;slidejardindeninos&#8221;][vc_empty_space height=&#8221;12px&#8221;]<h1 style=\"color:#bababa;\" class=\" title center\">Maternal y Jard\u00edn de Ni\u00f1os<\/h1>[vc_empty_space height=&#8221;20px&#8221;]<h3 style=\"color:#b7b7b7;\" class=\" subtitle left\">Jard\u00edn de Ni\u00f1os Clave de Incorporaci\u00f3n SEP 09050444 <\/h3>[\/vc_column][\/vc_row][vc_row][vc_column][vc_empty_space][\/vc_column][\/vc_row][vc_row][vc_column width=&#8221;2\/3&#8243;][vc_empty_space][vc_column_text]<\/p>\n<p style=\"text-align: justify;\"><span class=\"white nicdark_dropcap nicdark_bg_green nicdark_radius_circle nicdark_shadow\">E<\/span>n el jard\u00edn de ni\u00f1os \u201cBerta von Gl\u00fcmer\u201d nuestro objetivo es sentar las bases para el futuro educativo de nuestros alumnos.<\/p>\n<p style=\"text-align: justify;\">Al concluir pre-primaria nuestros alumnos estar\u00e1n en \u00f3ptimas condiciones para iniciar su educaci\u00f3n primaria, gracias a excelentes bases en diversas \u00e1reas; pero sobre, todo en crecimiento acad\u00e9mico y lectoescritura tanto en espa\u00f1ol como en ingl\u00e9s.<\/p>\n<p>Contamos con:<\/p>\n<div class=\"vision\">\n<ul>\n<li>Sistema biling\u00fce<\/li>\n<li>Inform\u00e1tica<\/li>\n<li>Sal\u00f3n de cantos y juegos<\/li>\n<li>Departamento de Psicopedagog\u00eda<\/li>\n<li>Alberca de pelotas<\/li>\n<li>\u00c1rea de juegos<\/li>\n<li>Servicio m\u00e9dico<\/li>\n<li>Cada grupo cuenta con una maestra titular y una auxiliar<\/li>\n<li>Afterschool&nbsp;hasta las 19:00 h.<\/li>\n<\/ul>\n<\/div>\n<p>[\/vc_column_text][vc_empty_space]<h3 style=\"color:;\" class=\" subtitle left\">Uniformes<\/h3>[vc_column_text]<\/p>\n<ul>\n<li>De diario<\/li>\n<li>Bata de trabajo (Maternal, Jard\u00edn I y Jard\u00edn II)<\/li>\n<li>Pants para Educaci\u00f3n F\u00edsica<\/li>\n<\/ul>\n<p>[\/vc_column_text][vc_empty_space][\/vc_column][vc_column width=&#8221;1\/3&#8243;][vc_empty_space][vc_row_inner css=&#8221;.vc_custom_1462909217420{padding-top: 15px !important;padding-right: 25px !important;padding-bottom: 15px !important;padding-left: 25px !important;background-color: #6fc191 !important;border-radius: 3px !important;}&#8221;][vc_column_inner]<h3 style=\"color:#ffffff;\" class=\"  center\">Maternal <\/h3><h3 style=\"color:#ffffff;\" class=\"  center\">8:45 a 14:00 h.<\/h3>[vc_empty_space height=&#8221;10px&#8221;]<div class=\"nicdark_divider   small \"><span style=\"background-color:#ffffff;\" class=\"nicdark_radius\"><\/span><\/div>[vc_empty_space height=&#8221;10px&#8221;]<h3 style=\"color:#ffffff;\" class=\"  center\">Jard\u00edn<\/h3><h3 style=\"color:#ffffff;\" class=\"  center\">8:15 a 14:00 h.<\/h3>[\/vc_column_inner][\/vc_row_inner][vc_empty_space][vc_btn title=&#8221;Formato de reinscripci\u00f3n&#8221; style=&#8221;3d&#8221; color=&#8221;green&#8221; align=&#8221;center&#8221; i_icon_fontawesome=&#8221;fa fa-file-pdf-o&#8221; add_icon=&#8221;true&#8221; link=&#8221;url:https%3A%2F%2Febvg.edu.mx%2Froma%2Fwp-content%2Fuploads%2F2026%2F02%2FFto_Reincripciones_26-27.pdf||target:%20_blank|&#8221;][vc_btn title=&#8221;Procedimiento de inscripci\u00f3n&#8221; style=&#8221;flat&#8221; color=&#8221;sky&#8221; size=&#8221;xs&#8221; align=&#8221;center&#8221; link=&#8221;url:https%3A%2F%2Febvg.edu.mx%2Fromawp-content%2Fuploads%2F2023%2F02%2FInstructivo_Llenado_Fto_Reinscripciones_23-24.pdf||target:%20_blank|&#8221;][vc_empty_space][vc_row_inner css=&#8221;.vc_custom_1462909228817{padding-top: 15px !important;padding-right: 25px !important;padding-bottom: 15px !important;padding-left: 25px !important;background-color: #6fc191 !important;border-radius: 3px !important;}&#8221;][vc_column_inner]<h3 style=\"color:#ffffff;\" class=\"  center\">Niveles de ense\u00f1anza<\/h3>[\/vc_column_inner][\/vc_row_inner][vc_column_text css=&#8221;.vc_custom_1582776679736{padding-top: 20px !important;padding-right: 25px !important;padding-bottom: 20px !important;padding-left: 25px !important;background-color: #f9f9f9 !important;}&#8221;]<\/p>\n<p style=\"text-align: center;\">Maternal A, B y C (18 meses a 3 a\u00f1os)<\/p>\n<p style=\"text-align: center;\">1er. Grado de Educaci\u00f3n Preescolar (3 a\u00f1os)<\/p>\n<hr>\n<p style=\"text-align: center;\">2o. Grado de Educaci\u00f3n Preescolar (4 a\u00f1os)<\/p>\n<hr>\n<p style=\"text-align: center;\">3er. Grado o Pre-primaria (5 a\u00f1os)<\/p>\n<p>[\/vc_column_text][\/vc_column][\/vc_row][vc_row][vc_column][vc_empty_space][\/vc_column][\/vc_row][vc_row][vc_column][vc_row_inner][vc_column_inner width=&#8221;1\/3&#8243;][vc_btn title=&#8221;Servicios escolares&#8221; style=&#8221;3d&#8221; color=&#8221;orange&#8221; align=&#8221;center&#8221; link=&#8221;url:https%3A%2F%2Febvg.edu.mx%2Fromaservicios-escolares%2F|||&#8221;][\/vc_column_inner][vc_column_inner width=&#8221;1\/3&#8243;][vc_btn title=&#8221;Transporte&#8221; style=&#8221;3d&#8221; color=&#8221;orange&#8221; align=&#8221;center&#8221; link=&#8221;|||&#8221;][\/vc_column_inner][vc_column_inner width=&#8221;1\/3&#8243;][vc_btn title=&#8221;Locker&#8221; style=&#8221;3d&#8221; color=&#8221;orange&#8221; align=&#8221;center&#8221; link=&#8221;url:https%3A%2F%2Febvg.edu.mx%2Fromalocker%2F|||&#8221;][\/vc_column_inner][\/vc_row_inner][vc_empty_space height=&#8221;25px&#8221;][\/vc_column][\/vc_row][vc_row][vc_column][vc_empty_space height=&#8221;60px&#8221;]<h1 style=\"color:;\" class=\" title \">Datos de admisi\u00f3n<\/h1>[vc_empty_space]<div class=\"nicdark_divider  left big \"><span style=\"background-color:#1e73be;\" class=\"nicdark_radius\"><\/span><\/div>[vc_empty_space][\/vc_column][\/vc_row][vc_row][vc_column width=&#8221;1\/2&#8243;][vc_tta_accordion color=&#8221;green&#8221; spacing=&#8221;10&#8243; active_section=&#8221;9&#8243; collapsible_all=&#8221;true&#8221;][vc_tta_section title=&#8221;Proceso de admisi\u00f3n&#8221; tab_id=&#8221;1457554929915-e4ad5599-73d9&#8243;][vc_column_text]<\/p>\n<ol>\n<li>Solicitar Informaci\u00f3n.<br \/>\nV\u00eda Telef\u00f3nica al n\u00famero 5552-41-13-40.<br \/>\nCorreo Electr\u00f3nico.- relacionespublicas@ebvg.edu.mx<br \/>\nPresencial dentro de un horario de 8:30 a.m. a 6:00 p.m.<\/li>\n<li>Programar cita para registro de proceso de admisi\u00f3n<\/li>\n<li>Presentarse a d\u00edas de prueba y evaluaci\u00f3n de aptitudes acad\u00e9micas<\/li>\n<li>Entrega de resultado<\/li>\n<li>Realizar proceso de inscripci\u00f3n<\/li>\n<\/ol>\n<p>[\/vc_column_text][\/vc_tta_section][vc_tta_section title=&#8221;Requisitos de inscripci\u00f3n&#8221; tab_id=&#8221;1457555220307-aeab311a-ce07&#8243;][vc_column_text]<\/p>\n<ol>\n<li><strong>MATERNAL <\/strong>Original y dos copias\n<ul>\n<li>Acta de nacimiento<\/li>\n<li>CURP<\/li>\n<li>Cartilla de vacunaci\u00f3n<\/li>\n<li>3 fotograf\u00edas tama\u00f1o infantil a color portando el uniforme escolar<\/li>\n<li>Certificado m\u00e9dico con: fecha, firma y c\u00e9dula profesional del doctor que la emiti\u00f3, tipo de sangre, peso, talla, especificar si tiene alg\u00fan padecimiento o alergia<\/li>\n<li>C\u00e9dula de referencia de salud del alumno<\/li>\n<li>Carta de <em>No adeudo<\/em> en caso de que la escuela de procedencia sea particular<\/li>\n<li>Copia de identificaci\u00f3n oficial de ambos padres<\/li>\n<li>Comprobante de domicilio de no m\u00e1s de dos meses de antig\u00fcedad (recibo telef\u00f3nico preferentemente)<\/li>\n<\/ul>\n<p>&nbsp;<\/p>\n<p><strong>JARD\u00cdN DE NI\u00d1OS.- PRIMER GRADO<\/strong><\/p>\n<p>Tener 3 a\u00f1os cumplidos al 31 de diciembre del a\u00f1o en curso.<\/p>\n<p>Original y dos copias<\/p>\n<ul>\n<li>Acta de nacimiento<\/li>\n<li>CURP<\/li>\n<li>Cartilla de vacunaci\u00f3n<\/li>\n<li>3 fotograf\u00edas tama\u00f1o infantil a color portando el uniforme escolar<\/li>\n<li>Certificado m\u00e9dico con: fecha, firma y c\u00e9dula profesional del doctor que la emiti\u00f3, tipo de sangre, peso, talla, especificar si tiene alg\u00fan padecimiento o alergia<\/li>\n<li>C\u00e9dula de referencia de salud del alumno<\/li>\n<li>Carta de <em>No adeudo<\/em> en caso de que la escuela de procedencia sea particular<\/li>\n<li>Copia de identificaci\u00f3n oficial de ambos padres<\/li>\n<li>Comprobante de domicilio de no m\u00e1s de dos meses de antig\u00fcedad (recibo telef\u00f3nico preferentemente)<\/li>\n<\/ul>\n<p>&nbsp;<\/p>\n<p><strong>JARD\u00cdN DE NI\u00d1OS.- SEGUNDO GRADO<\/strong><\/p>\n<p>Tener 4 a\u00f1os cumplidos al 31 de diciembre del a\u00f1o en curso.<\/p>\n<p>Original y dos copias<\/p>\n<ul>\n<li>Acta de nacimiento<\/li>\n<li>CURP<\/li>\n<li>Cartilla de vacunaci\u00f3n<\/li>\n<li>3 fotograf\u00edas tama\u00f1o infantil a color portando el uniforme escolar<\/li>\n<li>Certificado m\u00e9dico con: fecha, firma y c\u00e9dula profesional del doctor que la emiti\u00f3, tipo de sangre, peso, talla, especificar si tiene alg\u00fan padecimiento o alergia<\/li>\n<li>C\u00e9dula de referencia de salud del alumno<\/li>\n<li>Constancia de estudios expedida por la SEP de 1er. grado de preescolar<\/li>\n<li>Carta de <em>No adeudo<\/em> en caso de que la escuela de procedencia sea particular<\/li>\n<li>Copia de identificaci\u00f3n oficial de ambos padres<\/li>\n<li>Comprobante de domicilio de no m\u00e1s de dos meses de antig\u00fcedad (recibo telef\u00f3nico preferentemente)<\/li>\n<\/ul>\n<p>&nbsp;<\/p>\n<p><strong>JARD\u00cdN DE NI\u00d1OS.- TERCER GRADO<\/strong><\/p>\n<p>Tener 5 a\u00f1os cumplidos al 31 de diciembre del a\u00f1o en curso.<\/p>\n<p>Original y dos copias<\/p>\n<ul>\n<li>Acta de nacimiento<\/li>\n<li>CURP<\/li>\n<li>Cartilla de vacunaci\u00f3n<\/li>\n<li>3 fotograf\u00edas tama\u00f1o infantil a color portando el uniforme escolar<\/li>\n<li>Certificado m\u00e9dico con: fecha, firma y c\u00e9dula profesional del doctor que la emiti\u00f3, tipo de sangre, peso, talla, especificar si tiene alg\u00fan padecimiento o alergia<\/li>\n<li>C\u00e9dula de referencia de salud del alumno<\/li>\n<li>Constancia de estudios expedida por la SEP de 2do grado de preescolar<\/li>\n<li>Carta de <em>No adeudo<\/em> en caso de que la escuela de procedencia sea particular<\/li>\n<li>Copia de identificaci\u00f3n oficial de ambos padres<\/li>\n<li>Comprobante de domicilio de no m\u00e1s de dos meses de antig\u00fcedad (recibo telef\u00f3nico preferentemente)<\/li>\n<\/ul>\n<p>traducci\u00f3n al espa\u00f1ol.<\/li>\n<\/ol>\n<p>[\/vc_column_text][\/vc_tta_section][\/vc_tta_accordion][\/vc_column][vc_column width=&#8221;1\/2&#8243;][vc_tta_accordion color=&#8221;green&#8221; spacing=&#8221;10&#8243; active_section=&#8221;8&#8243; collapsible_all=&#8221;true&#8221;][vc_tta_section title=&#8221;Proveedor de uniformes&#8221; tab_id=&#8221;1457561749482-9d63f7c1-463a&#8221;][vc_column_text]<\/p>\n<p style=\"font-weight: 400;\">UNIFORMES COLE LM, S.A. DE C.V.<\/p>\n<p style=\"font-weight: 400;\">Cerrada de Augusto Rodin&nbsp; No. 98 interior 4, N\u00e1poles, 03840 CDMX<\/p>\n<p style=\"font-weight: 400;\">Tel. 55 5615 9015,&nbsp; 55 5598 8958, <a href=\"mailto:uniformescole@yahoo.com\">uniformescole@yahoo.com<\/a><\/p>\n<p>[\/vc_column_text][\/vc_tta_section][vc_tta_section title=&#8221;Servicio de forrado&#8221; tab_id=&#8221;1457561749661-b0b4be77-ce88&#8243;][vc_column_text]<\/p>\n<p style=\"margin: 0cm; margin-bottom: .0001pt; line-height: 16.5pt; background: #F8F8F8;\"><span style=\"font-size: 11.5pt; font-family: 'Raleway','serif'; color: #a4a4a4;\">Incluye el forrado de libros y cuadernos, l\u00e1pices marcados por unidad y reforzados con el nombre, nivel y grado del alumno. (No incluye libros SEP)<\/span><\/p>\n<p style=\"margin: 0cm; margin-bottom: .0001pt; line-height: 16.5pt; background: #F8F8F8;\"><span style=\"font-size: 11.5pt; font-family: 'Raleway','serif'; color: #a4a4a4;\">&nbsp;<\/span><\/p>\n<p style=\"margin: 0cm; margin-bottom: .0001pt; line-height: 16.5pt; background: #F8F8F8;\"><span style=\"font-size: 11.5pt; font-family: 'Raleway','serif'; color: #a4a4a4;\">Costo por definir.<\/span><\/p>\n<p>[\/vc_column_text][\/vc_tta_section][\/vc_tta_accordion][\/vc_column][\/vc_row][vc_row][vc_column][vc_empty_space height=&#8221;60px&#8221;][vc_empty_space]<h1 style=\"color:;\" class=\" title left\"><\/h1><h2 style=\"color:;\" class=\" title left\"><\/h2>[vc_empty_space]<div class=\"nicdark_divider  left big \"><span style=\"background-color:#1e73be;\" class=\"nicdark_radius\"><\/span><\/div>[vc_empty_space][vc_empty_space][vc_row_inner][vc_column_inner width=&#8221;1\/3&#8243;][\/vc_column_inner][vc_column_inner width=&#8221;1\/3&#8243;][\/vc_column_inner][\/vc_row_inner][vc_empty_space][vc_empty_space][\/vc_column][\/vc_row]<\/p>\n","protected":false},"excerpt":{"rendered":"<p>[vc_row css=&#8221;.vc_custom_1502201114656{margin-top: -160px !important;}&#8221;][vc_column css=&#8221;.vc_custom_1502901238746{margin-top: -160px !important;}&#8221;][rev_slider_vc alias=&#8221;slidejardindeninos&#8221;][vc_empty_space height=&#8221;12px&#8221;][vc_empty_space height=&#8221;20px&#8221;][\/vc_column][\/vc_row][vc_row][vc_column][vc_empty_space][\/vc_column][\/vc_row][vc_row][vc_column width=&#8221;2\/3&#8243;][vc_empty_space][vc_column_text] En el jard\u00edn de ni\u00f1os \u201cBerta von Gl\u00fcmer\u201d nuestro objetivo es sentar las bases para el futuro educativo de nuestros alumnos. Al concluir pre-primaria nuestros alumnos estar\u00e1n en \u00f3ptimas condiciones para iniciar su educaci\u00f3n primaria, gracias a excelentes bases en diversas \u00e1reas; pero sobre, &#8230;<\/p>\n","protected":false},"author":1,"featured_media":0,"parent":0,"menu_order":0,"comment_status":"closed","ping_status":"closed","template":"","meta":[],"_links":{"self":[{"href":"https:\/\/ebvg.edu.mx\/roma\/wp-json\/wp\/v2\/pages\/3549"}],"collection":[{"href":"https:\/\/ebvg.edu.mx\/roma\/wp-json\/wp\/v2\/pages"}],"about":[{"href":"https:\/\/ebvg.edu.mx\/roma\/wp-json\/wp\/v2\/types\/page"}],"author":[{"embeddable":true,"href":"https:\/\/ebvg.edu.mx\/roma\/wp-json\/wp\/v2\/users\/1"}],"replies":[{"embeddable":true,"href":"https:\/\/ebvg.edu.mx\/roma\/wp-json\/wp\/v2\/comments?post=3549"}],"version-history":[{"count":159,"href":"https:\/\/ebvg.edu.mx\/roma\/wp-json\/wp\/v2\/pages\/3549\/revisions"}],"predecessor-version":[{"id":14567,"href":"https:\/\/ebvg.edu.mx\/roma\/wp-json\/wp\/v2\/pages\/3549\/revisions\/14567"}],"wp:attachment":[{"href":"https:\/\/ebvg.edu.mx\/roma\/wp-json\/wp\/v2\/media?parent=3549"}],"curies":[{"name":"wp","href":"https:\/\/api.w.org\/{rel}","templated":true}]}}