{"id":3527,"date":"2017-04-26T09:42:42","date_gmt":"2017-04-26T14:42:42","guid":{"rendered":"https:\/\/ebvg.edu.mx\/roma?page_id=3527"},"modified":"2026-02-26T13:17:58","modified_gmt":"2026-02-26T19:17:58","slug":"educacion-superior-y-posgrados","status":"publish","type":"page","link":"https:\/\/ebvg.edu.mx\/roma\/educacion-superior-y-posgrados\/","title":{"rendered":"Educaci\u00f3n superior y Posgrados"},"content":{"rendered":"<p>[vc_row css=&#8221;.vc_custom_1506959882472{margin-top: -170px !important;background-image: url(http:\/\/ebvg.edu.mx\/romawp-content\/uploads\/2017\/04\/EDUCACION-CONTINUA.png?id=4544) !important;background-position: center !important;background-repeat: no-repeat !important;background-size: cover !important;}&#8221;][vc_column css=&#8221;.vc_custom_1506959534887{margin-top: -30px !important;}&#8221;]<h1 style=\"color:#ffffff;\" class=\" title center\">Licenciatura y Posgrados<\/h1>[vc_empty_space height=&#8221;12px&#8221;]<h3 style=\"color:#d1d1d1;\" class=\" subtitle center\">Berta Von Gl\u00fcmer<\/h3>[vc_empty_space][rev_slider_vc alias=&#8221;slidelicenciatura&#8221;][\/vc_column][\/vc_row][vc_row][vc_column width=&#8221;1\/3&#8243; css=&#8221;.vc_custom_1502903538613{margin-top: 35px !important;border-top-width: 0px !important;border-right-width: 0px !important;border-bottom-width: 0px !important;border-left-width: 0px !important;padding-top: 0px !important;padding-right: 0px !important;padding-bottom: 0px !important;padding-left: 0px !important;border-left-color: #ffffff !important;border-left-style: solid !important;border-right-color: #ffffff !important;border-right-style: solid !important;border-top-color: #ffffff !important;border-top-style: solid !important;border-bottom-color: #ffffff !important;border-bottom-style: solid !important;}&#8221;][vc_row_inner css=&#8221;.vc_custom_1493828497618{background-color: #fafafa !important;}&#8221; el_class=&#8221;card-fix&#8221;][vc_column_inner][vc_single_image image=&#8221;4474&#8243; img_size=&#8221;medium&#8221; alignment=&#8221;center&#8221; style=&#8221;vc_box_shadow&#8221;][vc_empty_space height=&#8221;20px&#8221;]<h4 style=\"color:#868585;\" class=\" title center\">Licenciatura<\/h4>[vc_empty_space height=&#8221;20px&#8221;][vc_column_text css=&#8221;.vc_custom_1502838003626{padding-right: 10px !important;padding-left: 10px !important;}&#8221;]<\/p>\n<div class=\"vc_row wpb_row vc_row-fluid\">\n<div class=\"wpb_column vc_column_container vc_col-sm-12\">\n<div class=\"vc_column-inner vc_custom_1502822990657\">\n<div class=\"wpb_wrapper\">\n<h3 class=\" title left\">Clave de incorporaci\u00f3n SEP 09PNE0025Z \/ 09PNE0037E<\/h3>\n<\/div>\n<\/div>\n<\/div>\n<\/div>\n<div class=\"vc_row wpb_row vc_row-fluid\">\n<div class=\"wpb_column vc_column_container vc_col-sm-8\">\n<div class=\"vc_column-inner \">\n<div class=\"wpb_wrapper\">\n<div class=\"wpb_text_column wpb_content_element \">\n<div class=\"wpb_wrapper\">\n<div class=\"vc_empty_space\">\n<p><strong>\u201cPara aprender a ense\u00f1ar\u201d<\/strong><\/p>\n<p class=\"p1\"><span class=\"s1\">Nuestra meta es formar profesionistas comprometidas a ejercer la docencia en educaci\u00f3n preescolar. La Normal \u201cBerta von Gl\u00fcmer\u201d, d\u00f3nde m\u00e1s de 58 a\u00f1os de experiencia nos respaldan, prepara educadoras con responsabilidad y capaces de guiar la formaci\u00f3n de la ni\u00f1ez, fomenta el desarrollo de actitudes reflexivas, cr\u00edticas y creadoras. Ofrece una s\u00f3lida formaci\u00f3n de orientaci\u00f3n human\u00edstica, sustentada en la cultura, la ciencia y la tecnolog\u00eda, para que trascienda la pr\u00e1ctica educativa.<\/span><\/p>\n<p class=\"p1\"><span class=\"s1\">Todo esto se logra gracias a la gu\u00eda y conducci\u00f3n del cuerpo docente altamente calificado y en constante actualizaci\u00f3n magisterial y con gran vocaci\u00f3n por la ense\u00f1anza.<\/span><\/p>\n<\/div>\n<\/div>\n<\/div>\n<\/div>\n<\/div>\n<\/div>\n<\/div>\n<p>[\/vc_column_text][vc_empty_space height=&#8221;20px&#8221;][vc_column_text]Horario Matutino: 7:00 a 15:30 hrs<br \/>\nHorario Vespertino: 14:00 a 22:00 hrs<\/p>\n<p>[\/vc_column_text][vc_empty_space height=&#8221;12px&#8221;][vc_column_text]<em><strong><a href=\"https:\/\/ebvg.edu.mx\/romalicenciatura-en-educacion-preescolar\/\">Ver m\u00e1s<\/a><\/strong><\/em>[\/vc_column_text][\/vc_column_inner][\/vc_row_inner][\/vc_column][vc_column width=&#8221;1\/3&#8243;][vc_row_inner css=&#8221;.vc_custom_1493828497618{background-color: #fafafa !important;}&#8221; el_class=&#8221;card-fix&#8221;][vc_column_inner][vc_single_image image=&#8221;4914&#8243; img_size=&#8221;medium&#8221; alignment=&#8221;center&#8221; style=&#8221;vc_box_shadow&#8221;][vc_empty_space height=&#8221;20px&#8221;]<h4 style=\"color:#868585;\" class=\" title center\">Maestr\u00eda en Psicopedagog\u00eda infantil<\/h4>[vc_empty_space height=&#8221;20px&#8221;][vc_column_text css=&#8221;.vc_custom_1511896836393{padding-right: 10px !important;padding-left: 10px !important;}&#8221;]<\/p>\n<div class=\"vc_row wpb_row vc_row-fluid\">\n<div class=\"wpb_column vc_column_container vc_col-sm-12\">\n<div class=\"vc_column-inner vc_custom_1502822990657\">\n<div class=\"wpb_wrapper\"><center>RVOE con acuerdo 20170213<\/center><\/div>\n<\/div>\n<\/div>\n<\/div>\n<div><\/div>\n<div><strong>PERFIL DE INGRESO:<\/strong><\/div>\n<ul>\n<li>Tener inter\u00e9s por conocer los procesos de aprendizaje involucrados en le desarrollo.<\/li>\n<li>Gusto por la educaci\u00f3n de la infancia y por la atenci\u00f3n de los peque\u00f1os con necesidades educativas especiales.<\/li>\n<li>Reconocimiento del papel de la familia, el docente y la escuela tienen el proceso educativo de la infancia.<\/li>\n<\/ul>\n<p><strong>PERFIL DE EGRESO:<\/strong><\/p>\n<ul>\n<li>Identifica las causas que originan los problemas de aprendizaje.<\/li>\n<li>Eval\u00faa la din\u00e1mica familiar y dise\u00f1a estrategias que favorecen el desarrollo del ni\u00f1o a partir de la asesor\u00eda a padres.<\/li>\n<li>Aplica e interpreta instrumentos de evaluaci\u00f3n psicopedag\u00f3gica<\/li>\n<li>Asesora a docentes para mejorar su pr\u00e1ctica educativa y atender necesidades educativas especiales.<\/li>\n<li>Dise\u00f1a programas y talleres dirigidos a prevenir, corregir y optimizar procesos de aprendizaje y desarrollo infantil.<\/li>\n<\/ul>\n<div><\/div>\n<p>[\/vc_column_text][vc_empty_space height=&#8221;20px&#8221;][vc_column_text]<em><strong><a href=\"https:\/\/ebvg.edu.mx\/romawp-content\/uploads\/2017\/04\/MAESTRIA-2-OK.png\">Ver m\u00e1s&#8230;<\/a><\/strong><\/em>[\/vc_column_text][vc_column_text][\/vc_column_text][vc_empty_space][\/vc_column_inner][\/vc_row_inner][\/vc_column][vc_column width=&#8221;1\/3&#8243;][vc_row_inner css=&#8221;.vc_custom_1493828497618{background-color: #fafafa !important;}&#8221; el_class=&#8221;card-fix&#8221;][vc_column_inner][vc_single_image image=&#8221;4507&#8243; img_size=&#8221;medium&#8221; alignment=&#8221;center&#8221; style=&#8221;vc_box_shadow&#8221;][vc_empty_space height=&#8221;20px&#8221;]<h4 style=\"color:#868585;\" class=\" title center\">Educaci\u00f3n Continua<\/h4>[vc_empty_space height=&#8221;20px&#8221;][vc_column_text css=&#8221;.vc_custom_1772133107688{padding-right: 10px !important;padding-left: 10px !important;}&#8221;]<\/p>\n<div class=\"vc_row wpb_row vc_row-fluid\">\n<div class=\"wpb_column vc_column_container vc_col-sm-12\">\n<div class=\"vc_column-inner vc_custom_1502822990657\">\n<div class=\"wpb_wrapper\">\n<p><center><\/p>\n<div class=\"vc_row wpb_row vc_row-fluid\">\n<div class=\"wpb_column vc_column_container vc_col-sm-12\">\n<div class=\"vc_column-inner vc_custom_1502822990657\">\n<div class=\"wpb_wrapper\">\n<h3 class=\" title left\">El Juego como Estrategia B\u00e1sica para el Aprendizaje.<\/h3>\n<\/div>\n<\/div>\n<\/div>\n<\/div>\n<div>\n<div><strong>Objetivos<\/strong><\/div>\n<div>\n<p>Las participantes conocer\u00e1n y pondr\u00e1n en pr\u00e1ctica una metodolog\u00eda de trabajo que les permitir\u00e1 emplear el juego y potenciar el desarrollo del ni\u00f1o preescolar en diferentes \u00e1mbitos.<\/p>\n<p><strong>Dirigido a<\/strong><\/p>\n<p>Licenciadas y pasantes en educaci\u00f3n preescolar, pedagogos y psic\u00f3logos involucrados directamente en el desarrollo del alumno del nivel preescolar.<\/p>\n<div class=\"vc_row wpb_row vc_row-fluid\">\n<div class=\"wpb_column vc_column_container vc_col-sm-12\">\n<div class=\"vc_column-inner vc_custom_1502822990657\">\n<div class=\"wpb_wrapper\">\n<h3 class=\" title left\">La Lectoescritura en el Preescolar.<\/h3>\n<\/div>\n<\/div>\n<\/div>\n<\/div>\n<div>\n<div><strong>Objetivos<\/strong><\/div>\n<div>\n<p>Adquirir saberes conceptuales y procedimentales que les permitan favorecer en el ni\u00f1o preescolar las habilidades previas al aprendizaje de la lectoescritura, as\u00ed como la posterior adquisici\u00f3n de dicho proceso.<\/p>\n<p><strong>Dirigido a<\/strong><\/p>\n<p>Licenciadas y pasantes en educaci\u00f3n preescolar, pedagogos y psic\u00f3logos involucrados directamente en el desarrollo del alumno del nivel.<\/p>\n<div class=\"vc_row wpb_row vc_row-fluid\"><\/div>\n<\/div>\n<\/div>\n<\/div>\n<\/div>\n<p><\/center><\/div>\n<\/div>\n<\/div>\n<\/div>\n<p>[\/vc_column_text][vc_empty_space height=&#8221;20px&#8221;][vc_column_text]<em><strong><a href=\"https:\/\/ebvg.edu.mx\/romawp-content\/uploads\/2017\/04\/MAESTRIA-2-OK.png\">Ver m\u00e1s&#8230;<\/a><\/strong><\/em>[\/vc_column_text][vc_column_text][\/vc_column_text][vc_empty_space][\/vc_column_inner][\/vc_row_inner][vc_row_inner css=&#8221;.vc_custom_1493828497618{background-color: #fafafa !important;}&#8221; el_class=&#8221;card-fix&#8221;][\/vc_row_inner][\/vc_column][\/vc_row]<\/p>\n","protected":false},"excerpt":{"rendered":"<p>[vc_row css=&#8221;.vc_custom_1506959882472{margin-top: -170px !important;background-image: url(http:\/\/ebvg.edu.mx\/romawp-content\/uploads\/2017\/04\/EDUCACION-CONTINUA.png?id=4544) !important;background-position: center !important;background-repeat: no-repeat !important;background-size: cover !important;}&#8221;][vc_column css=&#8221;.vc_custom_1506959534887{margin-top: -30px !important;}&#8221;][vc_empty_space height=&#8221;12px&#8221;][vc_empty_space][rev_slider_vc alias=&#8221;slidelicenciatura&#8221;][\/vc_column][\/vc_row][vc_row][vc_column width=&#8221;1\/3&#8243; css=&#8221;.vc_custom_1502903538613{margin-top: 35px !important;border-top-width: 0px !important;border-right-width: 0px !important;border-bottom-width: 0px !important;border-left-width: 0px !important;padding-top: 0px !important;padding-right: 0px !important;padding-bottom: 0px !important;padding-left: 0px !important;border-left-color: #ffffff !important;border-left-style: solid !important;border-right-color: #ffffff !important;border-right-style: solid !important;border-top-color: #ffffff !important;border-top-style: solid !important;border-bottom-color: #ffffff !important;border-bottom-style: solid !important;}&#8221;][vc_row_inner css=&#8221;.vc_custom_1493828497618{background-color: #fafafa &#8230;<\/p>\n","protected":false},"author":1,"featured_media":0,"parent":0,"menu_order":0,"comment_status":"closed","ping_status":"closed","template":"","meta":[],"_links":{"self":[{"href":"https:\/\/ebvg.edu.mx\/roma\/wp-json\/wp\/v2\/pages\/3527"}],"collection":[{"href":"https:\/\/ebvg.edu.mx\/roma\/wp-json\/wp\/v2\/pages"}],"about":[{"href":"https:\/\/ebvg.edu.mx\/roma\/wp-json\/wp\/v2\/types\/page"}],"author":[{"embeddable":true,"href":"https:\/\/ebvg.edu.mx\/roma\/wp-json\/wp\/v2\/users\/1"}],"replies":[{"embeddable":true,"href":"https:\/\/ebvg.edu.mx\/roma\/wp-json\/wp\/v2\/comments?post=3527"}],"version-history":[{"count":102,"href":"https:\/\/ebvg.edu.mx\/roma\/wp-json\/wp\/v2\/pages\/3527\/revisions"}],"predecessor-version":[{"id":14595,"href":"https:\/\/ebvg.edu.mx\/roma\/wp-json\/wp\/v2\/pages\/3527\/revisions\/14595"}],"wp:attachment":[{"href":"https:\/\/ebvg.edu.mx\/roma\/wp-json\/wp\/v2\/media?parent=3527"}],"curies":[{"name":"wp","href":"https:\/\/api.w.org\/{rel}","templated":true}]}}