{"id":3342,"date":"2016-03-15T16:34:57","date_gmt":"2016-03-15T22:34:57","guid":{"rendered":"http:\/\/renzon.com\/berta\/?page_id=3342"},"modified":"2023-01-26T14:20:22","modified_gmt":"2023-01-26T20:20:22","slug":"transporte","status":"publish","type":"page","link":"https:\/\/ebvg.edu.mx\/roma\/transporte\/","title":{"rendered":"Transporte"},"content":{"rendered":"<p>[vc_row css=&#8221;.vc_custom_1502229578094{margin-top: -160px !important;}&#8221;][vc_column css=&#8221;.vc_custom_1502918870912{margin-top: -80px !important;padding-right: 0px !important;padding-left: 0px !important;}&#8221;][vc_empty_space height=&#8221;20px&#8221;]<h1 style=\"color:#bababa;\" class=\" title center\">Transporte<\/h1>[vc_empty_space height=&#8221;12px&#8221;]<h3 style=\"color:#bababa;\" class=\"  center\">Berta Von Gl\u00fcmer<\/h3>[\/vc_column][\/vc_row][vc_row][vc_column][vc_empty_space][vc_row_inner][vc_column_inner width=&#8221;2\/3&#8243;][vc_column_text]<\/p>\n<p style=\"text-align: justify;\">EN CONSTRUCCI\u00d3N<\/p>\n<p style=\"text-align: justify;\">La disposici\u00f3n del servicio est\u00e1 sujeta al lugar.<\/p>\n<p>[\/vc_column_text][vc_empty_space][vc_empty_space]<h3 style=\"color:;\" class=\"  \">Costos<\/h3>[vc_empty_space]<table class=\"nicdark_table extrabig nicdark_bg_green nicdark_radius\">\n<thead class=\"nicdark_border_green\">\n<tr>\n<td class=\"\">\n<h4 class=\"white\" style=\"text-align: center;\">Concepto<\/h4>\n<\/td>\n<td style=\"text-align: center;\">\n<h4 class=\"white\">Monto<\/h4>\n<\/td>\n<td style=\"text-align: center;\">\n<h4 class=\"white\">Periodo<\/h4>\n<\/td>\n<\/tr>\n<\/thead>\n<tbody class=\"nicdark_bg_grey nicdark_border_grey\">\n<tr>\n<td>\n<h5 class=\"grey subtitle\" style=\"text-align: center;\">Inscripci\u00f3n<\/h5>\n<\/td>\n<td>\n<h5 class=\"grey subtitle\" style=\"text-align: center;\"><\/h5>\n<\/td>\n<td><\/td>\n<\/tr>\n<tr>\n<td>\n<h5 class=\"grey subtitle\" style=\"text-align: center;\">Servicio completo<\/h5>\n<\/td>\n<td>\n<h5 class=\"grey subtitle\" style=\"text-align: center;\"><\/h5>\n<\/td>\n<td>\n<h5 class=\"grey subtitle\" style=\"text-align: center;\">mensual<\/h5>\n<\/td>\n<\/tr>\n<tr>\n<td>\n<h5 class=\"grey subtitle\" style=\"text-align: center;\">Medio Servicio<\/h5>\n<\/td>\n<td>\n<h5 class=\"grey subtitle\" style=\"text-align: center;\"><\/h5>\n<\/td>\n<td>\n<h5 class=\"grey subtitle\" style=\"text-align: center;\">mensual<\/h5>\n<\/td>\n<\/tr>\n<\/tbody>\n<\/table>\n[vc_empty_space][vc_column_text]S\u00f3lo aplica en horarios normales de clases.[\/vc_column_text][vc_empty_space][vc_column_text]CONSTRUCCI\u00d3N[\/vc_column_text][\/vc_column_inner][vc_column_inner width=&#8221;1\/4&#8243;]<h3 style=\"color:;\" class=\"  center\">Responsable<\/h3>[vc_column_text]<\/p>\n<hr>\n<p>[\/vc_column_text][vc_empty_space][vc_column_text]<\/p>\n<p><center><\/center><center>CONSTRUCCI\u00d3N<\/center>[\/vc_column_text][vc_empty_space][vc_column_text]<\/p>\n<hr>\n<p>[\/vc_column_text]<h3 style=\"color:;\" class=\"  center\">M\u00e1s servicios<\/h3>[vc_column_text]<\/p>\n<hr>\n<p>[\/vc_column_text][vc_wp_text]<\/p>\n<div id=\"custom_html-6\" class=\"widget_text widget widget_custom_html\">\n<h2 align=\"center\">M\u00e1s Servicios<\/h2>\n<div class=\"textwidget custom-html-widget\">\n<table>\n<tbody>\n<tr>\n<td><a href=\"\/roma\/servicios-escolares\/\"><img src=\"\/roma\/wp-content\/uploads\/2017\/08\/SERV-ESC.png\" alt=\"F\u00fatbol Team\" width=\"80px\"><\/a><\/td>\n<td>Servicios Escolares<br \/>\n<a href=\"\/roma\/servicios-escolares\/\">Ver m\u00e1s<\/a><\/td>\n<\/tr>\n<tr>\n<td><\/td>\n<\/tr>\n<tr>\n<td><a href=\"\/roma\/locker\"><img class=\"alignleft\" src=\"\/roma\/wp-content\/uploads\/2017\/08\/LOCKER.png\" alt=\"Transporte\" width=\"80\"><\/a><\/td>\n<td>Locker<br \/>\n<a href=\"\/roma\/locker\/\">Ver m\u00e1s<\/a><\/td>\n<\/tr>\n<tr>\n<td><\/td>\n<\/tr>\n<\/tbody>\n<\/table>\n<\/div>\n<\/div>\n<p>[\/vc_wp_text][\/vc_column_inner][\/vc_row_inner][vc_empty_space][\/vc_column][\/vc_row][vc_row][vc_column width=&#8221;2\/3&#8243;][vc_empty_space][vc_row_inner][vc_column_inner width=&#8221;1\/2&#8243;]<h3 style=\"color:;\" class=\" subtitle center\">Costo adicional<\/h3>[vc_empty_space][vc_column_text]Por actividades vespertinas y Secundaria.<\/p>\n<p>(S\u00f3lo salida ya que es horario variable)[\/vc_column_text][\/vc_column_inner][vc_column_inner width=&#8221;1\/2&#8243;]<h3 style=\"color:;\" class=\" subtitle center\">Descuento especial a hermanos<\/h3>[vc_empty_space][vc_column_text]<\/p>\n<p><center>Solo aplica en horarios normales de clases<\/center>&nbsp;[\/vc_column_text][\/vc_column_inner][\/vc_row_inner][vc_empty_space][vc_empty_space][\/vc_column][vc_column width=&#8221;1\/3&#8243;][\/vc_column][\/vc_row]<\/p>\n","protected":false},"excerpt":{"rendered":"<p>[vc_row css=&#8221;.vc_custom_1502229578094{margin-top: -160px !important;}&#8221;][vc_column css=&#8221;.vc_custom_1502918870912{margin-top: -80px !important;padding-right: 0px !important;padding-left: 0px !important;}&#8221;][vc_empty_space height=&#8221;20px&#8221;][vc_empty_space height=&#8221;12px&#8221;][\/vc_column][\/vc_row][vc_row][vc_column][vc_empty_space][vc_row_inner][vc_column_inner width=&#8221;2\/3&#8243;][vc_column_text] EN CONSTRUCCI\u00d3N La disposici\u00f3n del servicio est\u00e1 sujeta al lugar. [\/vc_column_text][vc_empty_space][vc_empty_space][vc_empty_space][vc_empty_space][vc_column_text]S\u00f3lo aplica en horarios normales de clases.[\/vc_column_text][vc_empty_space][vc_column_text]CONSTRUCCI\u00d3N[\/vc_column_text][\/vc_column_inner][vc_column_inner width=&#8221;1\/4&#8243;][vc_column_text] [\/vc_column_text][vc_empty_space][vc_column_text] CONSTRUCCI\u00d3N[\/vc_column_text][vc_empty_space][vc_column_text] [\/vc_column_text][vc_column_text] [\/vc_column_text][vc_wp_text] M\u00e1s Servicios Servicios Escolares Ver m\u00e1s Locker Ver m\u00e1s [\/vc_wp_text][\/vc_column_inner][\/vc_row_inner][vc_empty_space][\/vc_column][\/vc_row][vc_row][vc_column width=&#8221;2\/3&#8243;][vc_empty_space][vc_row_inner][vc_column_inner width=&#8221;1\/2&#8243;][vc_empty_space][vc_column_text]Por actividades vespertinas y Secundaria. (S\u00f3lo salida ya &#8230;<\/p>\n","protected":false},"author":1,"featured_media":0,"parent":0,"menu_order":0,"comment_status":"open","ping_status":"closed","template":"","meta":[],"_links":{"self":[{"href":"https:\/\/ebvg.edu.mx\/roma\/wp-json\/wp\/v2\/pages\/3342"}],"collection":[{"href":"https:\/\/ebvg.edu.mx\/roma\/wp-json\/wp\/v2\/pages"}],"about":[{"href":"https:\/\/ebvg.edu.mx\/roma\/wp-json\/wp\/v2\/types\/page"}],"author":[{"embeddable":true,"href":"https:\/\/ebvg.edu.mx\/roma\/wp-json\/wp\/v2\/users\/1"}],"replies":[{"embeddable":true,"href":"https:\/\/ebvg.edu.mx\/roma\/wp-json\/wp\/v2\/comments?post=3342"}],"version-history":[{"count":53,"href":"https:\/\/ebvg.edu.mx\/roma\/wp-json\/wp\/v2\/pages\/3342\/revisions"}],"predecessor-version":[{"id":13360,"href":"https:\/\/ebvg.edu.mx\/roma\/wp-json\/wp\/v2\/pages\/3342\/revisions\/13360"}],"wp:attachment":[{"href":"https:\/\/ebvg.edu.mx\/roma\/wp-json\/wp\/v2\/media?parent=3342"}],"curies":[{"name":"wp","href":"https:\/\/api.w.org\/{rel}","templated":true}]}}