{"id":3271,"date":"2016-03-15T13:22:22","date_gmt":"2016-03-15T19:22:22","guid":{"rendered":"http:\/\/renzon.com\/berta\/?page_id=3271"},"modified":"2025-06-19T15:48:42","modified_gmt":"2025-06-19T21:48:42","slug":"taekwondo","status":"publish","type":"page","link":"https:\/\/ebvg.edu.mx\/roma\/taekwondo\/","title":{"rendered":"Taekwondo"},"content":{"rendered":"<p>[vc_row][vc_column css=&#8221;.vc_custom_1503419336557{margin-top: -160px !important;padding-right: 0px !important;padding-left: 0px !important;}&#8221;][vc_empty_space height=&#8221;20px&#8221;][\/vc_column][\/vc_row][vc_row][vc_column width=&#8221;3\/4&#8243;]<h1 style=\"color:#bcbcbc;\" class=\" subtitle center\">Taekwondo<\/h1>[vc_empty_space height=&#8221;12px&#8221;]<h3 style=\"color:#b7b7b7;\" class=\" subtitle center\">Berta Von Gl\u00fcmer<\/h3>[vc_empty_space][vc_gallery interval=&#8221;5&#8243; images=&#8221;3288,3287,3286,3285,3279,3278,3277,3272,3280,3281,3282,3283,3284,3276,3275,3274,3273&#8243; img_size=&#8221;600&#215;400&#8243; onclick=&#8221;&#8221; css=&#8221;.vc_custom_1503005807960{padding-top: 0px !important;padding-right: 0px !important;padding-bottom: 0px !important;padding-left: 0px !important;}&#8221;][vc_empty_space][vc_column_text]<\/p>\n<p class=\"p1\" style=\"text-align: justify;\">Actividad con alta demanda en nuestra escuela. Contamos con&nbsp; los niveles &nbsp;preescolar, primaria y secundaria. Es un deporte con &nbsp;un sistema de combate, sin armas, de origen coreano. A trav\u00e9s de \u00e9l se&nbsp;trabajan concentraci\u00f3n y disciplina.<\/p>\n<p class=\"p1\">Se realizan torneos con diferentes escuelas .<\/p>\n<p>[\/vc_column_text][vc_empty_space]<h3 style=\"color:;\" class=\"  center\">Horarios<\/h3>[vc_empty_space]<table class=\"nicdark_table extrabig nicdark_bg_blue nicdark_radius\" style=\"height: 295px;\" width=\"603\">\n<thead class=\"nicdark_border_blue\">\n<tr>\n<th class=\"white\" style=\"text-align: center;\">Nivel Escolar<\/th>\n<th class=\"white\" style=\"text-align: center;\">Categor\u00eda<\/th>\n<th class=\"white\" style=\"text-align: center;\">Inscripci\u00f3n<\/th>\n<th class=\"white\" style=\"text-align: center;\">Colegiatura<\/th>\n<th class=\"white\" style=\"text-align: center;\">Horario<\/th>\n<\/tr>\n<\/thead>\n<tbody class=\"nicdark_bg_grey nicdark_border_grey\">\n<tr>\n<td>\n<h5 class=\"grey subtitle\" style=\"text-align: center;\">JARD\u00cdN Y PRIMARIA 1\u00b0,2\u00b0,3\u00b0<\/h5>\n<p style=\"text-align: center;\"><\/td>\n<td style=\"text-align: center;\">\n<h5 class=\"grey subtitle\">A<\/h5>\n<\/td>\n<td style=\"text-align: center;\">\n<h5 class=\"grey subtitle\">$1,200.00<\/h5>\n<\/td>\n<td style=\"text-align: center;\">\n<h5 class=\"grey subtitle\">$1,150.00<\/h5>\n<\/td>\n<td style=\"text-align: center;\">\n<h5 class=\"grey subtitle\">LUNES Y MI\u00c9RCOLES DE&nbsp; 15:15 A 16:45 HRS.<\/h5>\n<\/td>\n<\/tr>\n<tr>\n<td>\n<h5 class=\"grey subtitle\" style=\"text-align: center;\">PRIMARIA 4\u00b0,5\u00b0,6\u00b0 Y SECUNDARIA<\/h5>\n<\/td>\n<td style=\"text-align: center;\">\n<h5 class=\"grey subtitle\">B<\/h5>\n<\/td>\n<td style=\"text-align: center;\">\n<h5 class=\"grey subtitle\">$1,200.00<\/h5>\n<\/td>\n<td style=\"text-align: center;\">\n<h5 class=\"grey subtitle\">$1,150.00<\/h5>\n<\/td>\n<td style=\"text-align: center;\">\n<h5 class=\"grey subtitle\">MARTES Y JUEVES&nbsp; 15:15 A16:45 HRS.<\/h5>\n<\/td>\n<\/tr>\n<tr>\n<td><\/td>\n<td style=\"text-align: center;\"><\/td>\n<\/tr>\n<\/tbody>\n<\/table>\n[\/vc_column][vc_column width=&#8221;1\/4&#8243;][vc_column_text]<\/p>\n<div id=\"custom_html-6\" class=\"widget_text widget widget_custom_html\">\n<h2 align=\"center\">Otras Actividades<\/h2>\n<div class=\"textwidget custom-html-widget\">\n<table>\n<tbody>\n<tr>\n<td><a href=\"https:\/\/ebvg.edu.mx\/roma\/futbol\/\"><img src=\"https:\/\/ebvg.edu.mx\/roma\/wp-content\/uploads\/2015\/01\/FUTBOL.png\" alt=\"F\u00fatbol Team\" width=\"80px\" \/><\/a><\/td>\n<td>Futbol Team<br \/>\n<a href=\"https:\/\/ebvg.edu.mx\/roma\/futbol\/\">Ver m\u00e1s<\/a><\/td>\n<\/tr>\n<tr>\n<td><a href=\"https:\/\/ebvg.edu.mx\/roma\/baloncesto\"><img src=\"https:\/\/ebvg.edu.mx\/roma\/wp-content\/uploads\/2015\/01\/BASQUETBOL.png\" alt=\"Basketball Team\" width=\"80px\" \/>Basketball Team<br \/>\n<\/a><a href=\"https:\/\/ebvg.edu.mx\/roma\/baloncesto\">Ver m\u00e1s<\/a><\/td>\n<\/tr>\n<tr>\n<td><\/td>\n<td><\/td>\n<\/tr>\n<tr>\n<td><\/td>\n<\/tr>\n<tr>\n<td><\/td>\n<td><\/td>\n<\/tr>\n<tr>\n<td><\/td>\n<\/tr>\n<tr>\n<td><\/td>\n<td><\/td>\n<\/tr>\n<tr>\n<td><\/td>\n<\/tr>\n<tr>\n<td><\/td>\n<td><\/td>\n<\/tr>\n<tr>\n<td><\/td>\n<\/tr>\n<tr>\n<td><\/td>\n<td><\/td>\n<\/tr>\n<tr>\n<td><\/td>\n<\/tr>\n<tr>\n<td><\/td>\n<td><\/td>\n<\/tr>\n<tr>\n<td><\/td>\n<\/tr>\n<tr>\n<td><\/td>\n<td><\/td>\n<\/tr>\n<\/tbody>\n<\/table>\n<\/div>\n<\/div>\n<p>[\/vc_column_text][\/vc_column][\/vc_row][vc_row][vc_column][vc_empty_space][\/vc_column][\/vc_row]<\/p>\n","protected":false},"excerpt":{"rendered":"<p>[vc_row][vc_column css=&#8221;.vc_custom_1503419336557{margin-top: -160px !important;padding-right: 0px !important;padding-left: 0px !important;}&#8221;][vc_empty_space height=&#8221;20px&#8221;][\/vc_column][\/vc_row][vc_row][vc_column width=&#8221;3\/4&#8243;][vc_empty_space height=&#8221;12px&#8221;][vc_empty_space][vc_gallery interval=&#8221;5&#8243; images=&#8221;3288,3287,3286,3285,3279,3278,3277,3272,3280,3281,3282,3283,3284,3276,3275,3274,3273&#8243; img_size=&#8221;600&#215;400&#8243; onclick=&#8221;&#8221; css=&#8221;.vc_custom_1503005807960{padding-top: 0px !important;padding-right: 0px !important;padding-bottom: 0px !important;padding-left: 0px !important;}&#8221;][vc_empty_space][vc_column_text] Actividad con alta demanda en nuestra escuela. Contamos con&nbsp; los niveles &nbsp;preescolar, primaria y secundaria. Es un deporte con &nbsp;un sistema de combate, sin armas, de origen coreano. A trav\u00e9s de &#8230;<\/p>\n","protected":false},"author":1,"featured_media":0,"parent":0,"menu_order":0,"comment_status":"open","ping_status":"closed","template":"","meta":[],"_links":{"self":[{"href":"https:\/\/ebvg.edu.mx\/roma\/wp-json\/wp\/v2\/pages\/3271"}],"collection":[{"href":"https:\/\/ebvg.edu.mx\/roma\/wp-json\/wp\/v2\/pages"}],"about":[{"href":"https:\/\/ebvg.edu.mx\/roma\/wp-json\/wp\/v2\/types\/page"}],"author":[{"embeddable":true,"href":"https:\/\/ebvg.edu.mx\/roma\/wp-json\/wp\/v2\/users\/1"}],"replies":[{"embeddable":true,"href":"https:\/\/ebvg.edu.mx\/roma\/wp-json\/wp\/v2\/comments?post=3271"}],"version-history":[{"count":35,"href":"https:\/\/ebvg.edu.mx\/roma\/wp-json\/wp\/v2\/pages\/3271\/revisions"}],"predecessor-version":[{"id":13979,"href":"https:\/\/ebvg.edu.mx\/roma\/wp-json\/wp\/v2\/pages\/3271\/revisions\/13979"}],"wp:attachment":[{"href":"https:\/\/ebvg.edu.mx\/roma\/wp-json\/wp\/v2\/media?parent=3271"}],"curies":[{"name":"wp","href":"https:\/\/api.w.org\/{rel}","templated":true}]}}