{"id":3252,"date":"2016-03-15T12:59:15","date_gmt":"2016-03-15T18:59:15","guid":{"rendered":"http:\/\/renzon.com\/berta\/?page_id=3252"},"modified":"2022-09-13T11:37:17","modified_gmt":"2022-09-13T16:37:17","slug":"natacion","status":"publish","type":"page","link":"https:\/\/ebvg.edu.mx\/roma\/natacion\/","title":{"rendered":"Nataci\u00f3n"},"content":{"rendered":"<p>[vc_row css=&#8221;.vc_custom_1503000385674{margin-top: -220px !important;}&#8221;][vc_column css=&#8221;.vc_custom_1503352626410{margin-top: -210px !important;padding-right: 0px !important;padding-left: 0px !important;}&#8221;][rev_slider_vc alias=&#8221;slidenatacion&#8221;][vc_empty_space height=&#8221;20px&#8221;][\/vc_column][\/vc_row][vc_row][vc_column width=&#8221;3\/4&#8243;]<h1 style=\"color:#a3a3a3;\" class=\" subtitle center\">Nataci\u00f3n<\/h1>[vc_empty_space height=&#8221;12px&#8221;]<h3 style=\"color:#b2b2b2;\" class=\" subtitle center\">Berta Von Gl\u00fcmer<\/h3>[vc_empty_space height=&#8221;20px&#8221;][vc_gallery interval=&#8221;5&#8243; images=&#8221;3254,3255,3256,3257,3265,3264,3263,3262,3261,3260,3259,3258,3266,3267,3268&#8243; img_size=&#8221;600&#215;400&#8243; onclick=&#8221;&#8221;][vc_empty_space][vc_column_text]<\/p>\n<p style=\"text-align: justify;\">En esta actividad&nbsp;participan los alumnos y alumnas de preescolar y primaria. Actualmente la nataci\u00f3n es considerada uno de los deportes m\u00e1s completos&nbsp;que ofrece grandes beneficios a los alumnos; por ejemplo, el desarrollar de un buen estado f\u00edsico y contar con un sistema respiratorio y muscular s\u00f3lido. Cada a\u00f1o se cuenta con una competencia en cada nivel.<\/p>\n<p>[\/vc_column_text][vc_empty_space]<h3 style=\"color:;\" class=\"  center\">Horarios<\/h3>[vc_empty_space]<table class=\"nicdark_table extrabig nicdark_bg_blue nicdark_radius\" style=\"height: 295px;\" width=\"603\">\n<thead class=\"nicdark_border_blue\">\n<tr>\n<th class=\"white\" style=\"text-align: center;\">Nivel Escolar<\/th>\n<th class=\"white\" style=\"text-align: center;\">Categor\u00eda<\/th>\n<th class=\"white\" style=\"text-align: center;\">Inscripci\u00f3n<\/th>\n<th class=\"white\" style=\"text-align: center;\">Colegiatura<\/th>\n<th class=\"white\" style=\"text-align: center;\">Horario<\/th>\n<\/tr>\n<\/thead>\n<tbody class=\"nicdark_bg_grey nicdark_border_grey\">\n<tr>\n<td>\n<h5 class=\"grey subtitle\" style=\"text-align: center;\">JARD\u00cdN<\/h5>\n<\/td>\n<td style=\"text-align: center;\">\n<h5 class=\"grey subtitle\">JARD\u00cdN<\/h5>\n<\/td>\n<td style=\"text-align: center;\">\n<h5 class=\"grey subtitle\">$1,200.00<\/h5>\n<\/td>\n<td style=\"text-align: center;\">\n<h5 class=\"grey subtitle\">$1,840.00<\/h5>\n<\/td>\n<td style=\"text-align: center;\">\n<h5 class=\"grey subtitle\">M\u00e1rtes y Jueves 14:00 a 15:00 HRS.<\/h5>\n<\/td>\n<\/tr>\n<tr>\n<td>\n<h5 class=\"grey subtitle\" style=\"text-align: center;\">PRIMARIA<\/h5>\n<p style=\"text-align: center;\">(* SE REQUIERE FIRMA DE RESPONSIVA)<\/p>\n<\/td>\n<td style=\"text-align: center;\">\n<h5 class=\"grey subtitle\">PRIMARIA<\/h5>\n<\/td>\n<td style=\"text-align: center;\">\n<h5 class=\"grey subtitle\">$1,200.00<\/h5>\n<\/td>\n<td style=\"text-align: center;\">\n<h5 class=\"grey subtitle\">$1,840.00<\/h5>\n<\/td>\n<td style=\"text-align: center;\">\n<h5 class=\"grey subtitle\">M\u00e1rtes y Jueves 15:00 a 16:00 HRS.<\/h5>\n<\/td>\n<\/tr>\n<tr>\n<td><\/td>\n<td style=\"text-align: center;\"><\/td>\n<td style=\"text-align: center;\"><\/td>\n<td style=\"text-align: center;\"><\/td>\n<td style=\"text-align: center;\"><\/td>\n<\/tr>\n<tr>\n<td><\/td>\n<td style=\"text-align: center;\"><\/td>\n<td style=\"text-align: center;\"><\/td>\n<td style=\"text-align: center;\"><\/td>\n<td style=\"text-align: center;\"><\/td>\n<\/tr>\n<\/tbody>\n<\/table>\n[vc_empty_space][\/vc_column][vc_column width=&#8221;1\/4&#8243;][vc_column_text]<\/p>\n<div id=\"custom_html-6\" class=\"widget_text widget widget_custom_html\">\n<h2 align=\"center\">Otras Actividades<\/h2>\n<div class=\"textwidget custom-html-widget\">\n<table>\n<tbody>\n<tr>\n<td><a href=\"https:\/\/ebvg.edu.mx\/romafutbol\"><img src=\"https:\/\/ebvg.edu.mx\/romawp-content\/uploads\/2015\/01\/FUTBOL.png\" alt=\"F\u00fatbol Team\" width=\"80px\"><\/a><\/td>\n<td>Futbol Team<br \/>\n<a href=\"https:\/\/ebvg.edu.mx\/romafutbol\">Ver m\u00e1s<\/a><\/td>\n<\/tr>\n<tr>\n<td><\/td>\n<\/tr>\n<tr>\n<td><a href=\"https:\/\/ebvg.edu.mx\/romabaloncesto\"><img src=\"https:\/\/ebvg.edu.mx\/romawp-content\/uploads\/2015\/01\/BASQUETBOL.png\" alt=\"Basketball Team\" width=\"80px\"><\/a><\/td>\n<td>Basketball Team<br \/>\n<a href=\"https:\/\/ebvg.edu.mx\/romabaloncesto\">Ver m\u00e1s<\/a><\/td>\n<\/tr>\n<tr>\n<td><\/td>\n<\/tr>\n<tr>\n<td><a href=\"https:\/\/ebvg.edu.mx\/romaajedrez\"><img src=\"https:\/\/ebvg.edu.mx\/romawp-content\/uploads\/2015\/01\/AJEDREZ.png\" alt=\"Chess Team\" width=\"80px\"><\/a><\/td>\n<td>Chess Team<br \/>\n<a href=\"https:\/\/ebvg.edu.mx\/romaajedrez\">Ver m\u00e1s<\/a><\/td>\n<\/tr>\n<tr>\n<td><\/td>\n<\/tr>\n<tr>\n<td><a href=\"https:\/\/ebvg.edu.mx\/romataekwondo\"><img src=\"https:\/\/ebvg.edu.mx\/romawp-content\/uploads\/2015\/01\/TAE-KWON-DO.png\" alt=\"TAE-KWON-DO\" width=\"80px\"><\/a><\/td>\n<td>TAE KWON DO<br \/>\n<a href=\"https:\/\/ebvg.edu.mx\/romataekwondo\">Ver m\u00e1s<\/a><\/td>\n<\/tr>\n<tr>\n<td><\/td>\n<\/tr>\n<tr>\n<td><\/td>\n<td><\/td>\n<\/tr>\n<tr>\n<td><\/td>\n<\/tr>\n<tr>\n<td><\/td>\n<td><\/td>\n<\/tr>\n<tr>\n<td><\/td>\n<\/tr>\n<tr>\n<td><\/td>\n<td><\/td>\n<\/tr>\n<tr>\n<td><\/td>\n<\/tr>\n<tr>\n<td><\/td>\n<td><\/td>\n<\/tr>\n<tr>\n<td><\/td>\n<\/tr>\n<tr>\n<td><\/td>\n<td><\/td>\n<\/tr>\n<\/tbody>\n<\/table>\n<\/div>\n<\/div>\n<p>[\/vc_column_text][vc_empty_space height=&#8221;20px&#8221;][\/vc_column][\/vc_row][vc_row][vc_column][vc_empty_space][\/vc_column][\/vc_row]<\/p>\n","protected":false},"excerpt":{"rendered":"<p>[vc_row css=&#8221;.vc_custom_1503000385674{margin-top: -220px !important;}&#8221;][vc_column css=&#8221;.vc_custom_1503352626410{margin-top: -210px !important;padding-right: 0px !important;padding-left: 0px !important;}&#8221;][rev_slider_vc alias=&#8221;slidenatacion&#8221;][vc_empty_space height=&#8221;20px&#8221;][\/vc_column][\/vc_row][vc_row][vc_column width=&#8221;3\/4&#8243;][vc_empty_space height=&#8221;12px&#8221;][vc_empty_space height=&#8221;20px&#8221;][vc_gallery interval=&#8221;5&#8243; images=&#8221;3254,3255,3256,3257,3265,3264,3263,3262,3261,3260,3259,3258,3266,3267,3268&#8243; img_size=&#8221;600&#215;400&#8243; onclick=&#8221;&#8221;][vc_empty_space][vc_column_text] En esta actividad&nbsp;participan los alumnos y alumnas de preescolar y primaria. Actualmente la nataci\u00f3n es considerada uno de los deportes m\u00e1s completos&nbsp;que ofrece grandes beneficios a los alumnos; por ejemplo, el desarrollar de un buen &#8230;<\/p>\n","protected":false},"author":1,"featured_media":0,"parent":0,"menu_order":0,"comment_status":"open","ping_status":"closed","template":"","meta":[],"_links":{"self":[{"href":"https:\/\/ebvg.edu.mx\/roma\/wp-json\/wp\/v2\/pages\/3252"}],"collection":[{"href":"https:\/\/ebvg.edu.mx\/roma\/wp-json\/wp\/v2\/pages"}],"about":[{"href":"https:\/\/ebvg.edu.mx\/roma\/wp-json\/wp\/v2\/types\/page"}],"author":[{"embeddable":true,"href":"https:\/\/ebvg.edu.mx\/roma\/wp-json\/wp\/v2\/users\/1"}],"replies":[{"embeddable":true,"href":"https:\/\/ebvg.edu.mx\/roma\/wp-json\/wp\/v2\/comments?post=3252"}],"version-history":[{"count":33,"href":"https:\/\/ebvg.edu.mx\/roma\/wp-json\/wp\/v2\/pages\/3252\/revisions"}],"predecessor-version":[{"id":13230,"href":"https:\/\/ebvg.edu.mx\/roma\/wp-json\/wp\/v2\/pages\/3252\/revisions\/13230"}],"wp:attachment":[{"href":"https:\/\/ebvg.edu.mx\/roma\/wp-json\/wp\/v2\/media?parent=3252"}],"curies":[{"name":"wp","href":"https:\/\/api.w.org\/{rel}","templated":true}]}}