{"id":3242,"date":"2016-03-15T12:32:47","date_gmt":"2016-03-15T18:32:47","guid":{"rendered":"http:\/\/renzon.com\/berta\/?page_id=3242"},"modified":"2022-05-03T08:47:46","modified_gmt":"2022-05-03T13:47:46","slug":"robotica","status":"publish","type":"page","link":"https:\/\/ebvg.edu.mx\/roma\/robotica\/","title":{"rendered":"Rob\u00f3tica"},"content":{"rendered":"<p>[vc_row][vc_column css=&#8221;.vc_custom_1503419233247{margin-top: -160px !important;padding-right: 0px !important;padding-left: 0px !important;}&#8221;][rev_slider_vc alias=&#8221;sliderobotica&#8221;][vc_empty_space height=&#8221;20px&#8221;][\/vc_column][\/vc_row][vc_row][vc_column width=&#8221;3\/4&#8243;]<h1 style=\"color:#9e9e9e;\" class=\" title center\">Rob\u00f3tica<\/h1>[vc_empty_space height=&#8221;12px&#8221;]<h3 style=\"color:#b2b2b2;\" class=\" subtitle center\">Berta Von Gl\u00fcmer<\/h3>[vc_empty_space][vc_gallery interval=&#8221;5&#8243; images=&#8221;3244,3245,3246,3250,3249,3248,3247&#8243; img_size=&#8221;600&#215;400&#8243; onclick=&#8221;&#8221;][vc_empty_space][vc_column_text]Esta actividad te ense\u00f1a a programar objetos para que hagan una funci\u00f3n en espec\u00edfico dentro de una computadora, y la diversi\u00f3n aumenta cuando lo puedes llevar al plano real, es decir, donde creas objetos y haces que se muevan de forma aut\u00f3noma para cumplir un objetivo o funci\u00f3n.[\/vc_column_text][vc_empty_space]<h3 style=\"color:;\" class=\"  center\">Equipos representativos<\/h3>[vc_empty_space]<p><strong>categor\u00eda<\/strong><\/p>\n<div>\n<table class=\"nicdark_table extrabig nicdark_bg_blue nicdark_radius\" style=\"height: 295px;\" width=\"603\">\n<thead class=\"nicdark_border_blue\">\n<tr>\n<th class=\"white\" style=\"text-align: center;\">Nivel Escolar<\/th>\n<th class=\"white\" style=\"text-align: center;\">Categor\u00eda<\/th>\n<th class=\"white\" style=\"text-align: center;\">Inscripci\u00f3n<\/th>\n<th class=\"white\" style=\"text-align: center;\">Colegiatura<\/th>\n<th class=\"white\" style=\"text-align: center;\">Horario<\/th>\n<\/tr>\n<\/thead>\n<tbody class=\"nicdark_bg_grey nicdark_border_grey\">\n<tr>\n<td>\n<h5 class=\"grey subtitle\" style=\"text-align: center;\">Primaria Baja<\/h5>\n<\/td>\n<td style=\"text-align: center;\">\n<h5 class=\"grey subtitle\">A<\/h5>\n<\/td>\n<td style=\"text-align: center;\">\n<h5 class=\"grey subtitle\">PR\u00d3XIMAMENTE<\/h5>\n<\/td>\n<td style=\"text-align: center;\">\n<h5 class=\"grey subtitle\">PR\u00d3XIMAMENTE<\/h5>\n<\/td>\n<td style=\"text-align: center;\">\n<h5 class=\"grey subtitle\">PR\u00d3XIMAMENTE<\/h5>\n<\/td>\n<\/tr>\n<tr>\n<td>\n<h5 class=\"grey subtitle\" style=\"text-align: center;\">Primaria Alta<\/h5>\n<\/td>\n<td style=\"text-align: center;\">\n<h5 class=\"grey subtitle\">\u00a0B<\/h5>\n<\/td>\n<td style=\"text-align: center;\">\n<h5 class=\"grey subtitle\">PR\u00d3XIMAMENTE<\/h5>\n<\/td>\n<td style=\"text-align: center;\">\n<h5 class=\"grey subtitle\">PR\u00d3XIMAMENTE<\/h5>\n<\/td>\n<td style=\"text-align: center;\">\n<h5 class=\"grey subtitle\">PR\u00d3XIMAMENTE<\/h5>\n<\/td>\n<\/tr>\n<\/tbody>\n<\/table>\n<\/div>\n<div><\/div>\n[\/vc_column][vc_column width=&#8221;1\/4&#8243;][vc_column_text]<\/p>\n<div>\n<div>\n<div>\n<div id=\"custom_html-6\" class=\"widget_text widget widget_custom_html\">\n<h2 align=\"center\">Otras Actividades<\/h2>\n<div class=\"textwidget custom-html-widget\">\n<table>\n<tbody>\n<tr>\n<td><a href=\"https:\/\/ebvg.edu.mx\/romafutbol\/\"><img src=\"https:\/\/ebvg.edu.mx\/romawp-content\/uploads\/2015\/01\/FUTBOL.png\" alt=\"F\u00fatbol Team\" width=\"80px\" \/><\/a><\/td>\n<td>Futbol Team<br \/>\n<a href=\"https:\/\/ebvg.edu.mx\/romafutbol\/\">Ver m\u00e1s<\/a><\/td>\n<\/tr>\n<tr>\n<td><\/td>\n<\/tr>\n<tr>\n<td><a href=\"https:\/\/ebvg.edu.mx\/romajazz\"><img src=\"https:\/\/ebvg.edu.mx\/romawp-content\/uploads\/2015\/01\/JAZZ.png\" alt=\"Jazz Team\" width=\"80px\" \/><\/a><\/td>\n<td>Jazz Team<br \/>\n<a href=\"https:\/\/ebvg.edu.mx\/romajazz\">Ver m\u00e1s<\/a><\/td>\n<\/tr>\n<tr>\n<td><\/td>\n<\/tr>\n<tr>\n<td><a href=\"https:\/\/ebvg.edu.mx\/romabaloncesto\"><img src=\"https:\/\/ebvg.edu.mx\/romawp-content\/uploads\/2015\/01\/BASQUETBOL.png\" alt=\"Basketball Team\" width=\"80px\" \/><\/a><\/td>\n<td>Basketball Team<br \/>\n<a href=\"https:\/\/ebvg.edu.mx\/romabaloncesto\">Ver m\u00e1s<\/a><\/td>\n<\/tr>\n<tr>\n<td><\/td>\n<\/tr>\n<tr>\n<td><a href=\"https:\/\/ebvg.edu.mx\/romaajedrez\"><img src=\"https:\/\/ebvg.edu.mx\/romawp-content\/uploads\/2015\/01\/AJEDREZ.png\" alt=\"Chess Team\" width=\"80px\" \/><\/a><\/td>\n<td>Chess Team<br \/>\n<a href=\"https:\/\/ebvg.edu.mx\/romaajedrez\">Ver m\u00e1s<\/a><\/td>\n<\/tr>\n<tr>\n<td><\/td>\n<\/tr>\n<tr>\n<td><a href=\"https:\/\/ebvg.edu.mx\/romataekwondo\"><img src=\"https:\/\/ebvg.edu.mx\/romawp-content\/uploads\/2015\/01\/TAE-KWON-DO.png\" alt=\"TAE-KWON-DO\" width=\"80px\" \/><\/a><\/td>\n<td>TAE KWON DO<br \/>\n<a href=\"https:\/\/ebvg.edu.mx\/romataekwondo\">Ver m\u00e1s<\/a><\/td>\n<\/tr>\n<tr>\n<td><\/td>\n<\/tr>\n<tr>\n<td><a href=\"https:\/\/ebvg.edu.mx\/romaglee-2\"><img src=\"https:\/\/ebvg.edu.mx\/romawp-content\/uploads\/2017\/08\/glee.png\" alt=\"Glee Team\" width=\"80px\" \/><\/a><\/td>\n<td>Glee Team<br \/>\n<a href=\"https:\/\/ebvg.edu.mx\/romaglee-2\">Ver m\u00e1s<\/a><\/td>\n<\/tr>\n<tr>\n<td><\/td>\n<\/tr>\n<tr>\n<td><a href=\"https:\/\/ebvg.edu.mx\/romaballet-2\/\"><img src=\"https:\/\/ebvg.edu.mx\/romawp-content\/uploads\/2017\/08\/BALLET.png\" alt=\"Ballet Team\" width=\"80px\" \/><\/a><\/td>\n<td>Ballet Team<br \/>\n<a href=\"https:\/\/ebvg.edu.mx\/romaballet-2\/\">Ver m\u00e1s<\/a><\/td>\n<\/tr>\n<tr>\n<td><\/td>\n<\/tr>\n<tr>\n<td><a href=\"https:\/\/ebvg.edu.mx\/romatenis\"><img src=\"https:\/\/ebvg.edu.mx\/romawp-content\/uploads\/2017\/08\/TENNIS.png\" alt=\"Tenis Team\" width=\"80px\" \/><\/a><\/td>\n<td>Tenis Team<br \/>\n<a href=\"https:\/\/ebvg.edu.mx\/romatenis\">Ver m\u00e1s<\/a><\/td>\n<\/tr>\n<\/tbody>\n<\/table>\n<\/div>\n<\/div>\n<\/div>\n<\/div>\n<\/div>\n<div>\n<div>\n<div>\n<p>[\/vc_column_text][\/vc_column][\/vc_row][vc_row][vc_column][vc_empty_space][\/vc_column][\/vc_row][vc_row][vc_column][vc_column_text]<\/p>\n<\/div>\n<\/div>\n<\/div>\n<p>[\/vc_column_text][\/vc_column][\/vc_row]<\/p>\n","protected":false},"excerpt":{"rendered":"<p>[vc_row][vc_column css=&#8221;.vc_custom_1503419233247{margin-top: -160px !important;padding-right: 0px !important;padding-left: 0px !important;}&#8221;][rev_slider_vc alias=&#8221;sliderobotica&#8221;][vc_empty_space height=&#8221;20px&#8221;][\/vc_column][\/vc_row][vc_row][vc_column width=&#8221;3\/4&#8243;][vc_empty_space height=&#8221;12px&#8221;][vc_empty_space][vc_gallery interval=&#8221;5&#8243; images=&#8221;3244,3245,3246,3250,3249,3248,3247&#8243; img_size=&#8221;600&#215;400&#8243; onclick=&#8221;&#8221;][vc_empty_space][vc_column_text]Esta actividad te ense\u00f1a a programar objetos para que hagan una funci\u00f3n en espec\u00edfico dentro de una computadora, y la diversi\u00f3n aumenta cuando lo puedes llevar al plano real, es decir, donde creas objetos y haces que se muevan de &#8230;<\/p>\n","protected":false},"author":1,"featured_media":0,"parent":0,"menu_order":0,"comment_status":"open","ping_status":"closed","template":"","meta":[],"_links":{"self":[{"href":"https:\/\/ebvg.edu.mx\/roma\/wp-json\/wp\/v2\/pages\/3242"}],"collection":[{"href":"https:\/\/ebvg.edu.mx\/roma\/wp-json\/wp\/v2\/pages"}],"about":[{"href":"https:\/\/ebvg.edu.mx\/roma\/wp-json\/wp\/v2\/types\/page"}],"author":[{"embeddable":true,"href":"https:\/\/ebvg.edu.mx\/roma\/wp-json\/wp\/v2\/users\/1"}],"replies":[{"embeddable":true,"href":"https:\/\/ebvg.edu.mx\/roma\/wp-json\/wp\/v2\/comments?post=3242"}],"version-history":[{"count":49,"href":"https:\/\/ebvg.edu.mx\/roma\/wp-json\/wp\/v2\/pages\/3242\/revisions"}],"predecessor-version":[{"id":12956,"href":"https:\/\/ebvg.edu.mx\/roma\/wp-json\/wp\/v2\/pages\/3242\/revisions\/12956"}],"wp:attachment":[{"href":"https:\/\/ebvg.edu.mx\/roma\/wp-json\/wp\/v2\/media?parent=3242"}],"curies":[{"name":"wp","href":"https:\/\/api.w.org\/{rel}","templated":true}]}}