{"id":3230,"date":"2016-03-15T12:22:47","date_gmt":"2016-03-15T18:22:47","guid":{"rendered":"http:\/\/renzon.com\/berta\/?page_id=3230"},"modified":"2022-09-13T11:13:11","modified_gmt":"2022-09-13T16:13:11","slug":"ajedrez","status":"publish","type":"page","link":"https:\/\/ebvg.edu.mx\/roma\/ajedrez\/","title":{"rendered":"Ajedrez"},"content":{"rendered":"<p>[vc_row][vc_column css=&#8221;.vc_custom_1503419012401{margin-top: -160px !important;}&#8221;][rev_slider_vc alias=&#8221;slideajedrez&#8221;][vc_empty_space height=&#8221;20px&#8221;][\/vc_column][\/vc_row][vc_row][vc_column width=&#8221;3\/4&#8243;]<h1 style=\"color:#b7b7b7;\" class=\" title center\">Ajedrez<\/h1>[vc_empty_space height=&#8221;12px&#8221;]<h3 style=\"color:#a8a8a8;\" class=\" title center\">Berta Von Gl\u00fcmer<\/h3>[vc_empty_space][vc_gallery interval=&#8221;5&#8243; images=&#8221;3237,3236,3235,3234,3233&#8243; img_size=&#8221;600&#215;400&#8243; onclick=&#8221;&#8221;][vc_empty_space][vc_column_text]<\/p>\n<p style=\"text-align: justify;\">Actividad de bastante aceptaci\u00f3n en nuestra Comunidad Educativa. La pr\u00e1ctica del Ajedrez ayuda a alumnos y alumnas a motivar la&nbsp; concentraci\u00f3n y el an\u00e1lisis que se reflejan en la visi\u00f3n de los problemas y en la b\u00fasqueda de soluciones r\u00e1pidas; adem\u00e1s de fortalecer su&nbsp;desarrollo acad\u00e9mico.<\/p>\n<p>[\/vc_column_text][vc_empty_space]<h3 style=\"color:;\" class=\"  center\">Equipo representativo<\/h3>[vc_empty_space]<table class=\"nicdark_table extrabig nicdark_bg_blue nicdark_radius\" style=\"height: 295px;\" width=\"603\">\n<thead class=\"nicdark_border_blue\">\n<tr>\n<th class=\"white\" style=\"text-align: center;\">Nivel Escolar<\/th>\n<th class=\"white\" style=\"text-align: center;\">Categor\u00eda<\/th>\n<th class=\"white\" style=\"text-align: center;\">Inscripci\u00f3n<\/th>\n<th class=\"white\" style=\"text-align: center;\">Colegiatura<\/th>\n<th class=\"white\" style=\"text-align: center;\">Horario<\/th>\n<\/tr>\n<\/thead>\n<tbody class=\"nicdark_bg_grey nicdark_border_grey\">\n<tr>\n<td>\n<h5 class=\"grey subtitle\" style=\"text-align: center;\">Primaria 1\u00b0,2\u00b0,3\u00b0<\/h5>\n<\/td>\n<td style=\"text-align: center;\">\n<h5 class=\"grey subtitle\">A<\/h5>\n<\/td>\n<td style=\"text-align: center;\">\n<h5 class=\"grey subtitle\">$2,500.00<\/h5>\n<\/td>\n<td style=\"text-align: center;\">\n<h5 class=\"grey subtitle\">SIN COSTO<\/h5>\n<\/td>\n<td style=\"text-align: center;\">\n<h5 class=\"grey subtitle\">Lunes y Mi\u00e9rcoles 15:15 a 16:45 HRS.<\/h5>\n<\/td>\n<\/tr>\n<tr>\n<td>\n<h5 class=\"grey subtitle\" style=\"text-align: center;\">Primaria&nbsp; 4\u00b0,5\u00b0, 6\u00b0<\/h5>\n<\/td>\n<td style=\"text-align: center;\">\n<h5 class=\"grey subtitle\">B<\/h5>\n<\/td>\n<td style=\"text-align: center;\">\n<h5 class=\"grey subtitle\">$2,500.00<\/h5>\n<\/td>\n<td style=\"text-align: center;\">\n<h5 class=\"grey subtitle\">SIN COSTO<\/h5>\n<\/td>\n<td style=\"text-align: center;\">\n<h5 class=\"grey subtitle\">Martes y Jueves 15:15 a 16:45 HRS.<\/h5>\n<\/td>\n<\/tr>\n<\/tbody>\n<\/table>\n[\/vc_column][vc_column width=&#8221;1\/4&#8243;][vc_column_text]<\/p>\n<div id=\"custom_html-6\" class=\"widget_text widget widget_custom_html\">\n<h2 align=\"center\">Otras Actividades<\/h2>\n<div class=\"textwidget custom-html-widget\">\n<table>\n<tbody>\n<tr>\n<td><a href=\"https:\/\/ebvg.edu.mx\/romafutbol\/\"><img src=\"https:\/\/ebvg.edu.mx\/romawp-content\/uploads\/2015\/01\/FUTBOL.png\" alt=\"F\u00fatbol Team\" width=\"80px\"><\/a><\/td>\n<td>Futbol Team<br \/>\n<a href=\"https:\/\/ebvg.edu.mx\/romafutbol\/\">Ver m\u00e1s<\/a><\/td>\n<\/tr>\n<tr>\n<td><\/td>\n<\/tr>\n<tr>\n<td><\/td>\n<td><\/td>\n<\/tr>\n<tr>\n<td><\/td>\n<\/tr>\n<tr>\n<td><a href=\"https:\/\/ebvg.edu.mx\/romabaloncesto\"><img src=\"https:\/\/ebvg.edu.mx\/romawp-content\/uploads\/2015\/01\/BASQUETBOL.png\" alt=\"Basketball Team\" width=\"80px\"><\/a><\/td>\n<td>Basketball Team<br \/>\n<a href=\"https:\/\/ebvg.edu.mx\/romabaloncesto\">Ver m\u00e1s<\/a><\/td>\n<\/tr>\n<tr>\n<td><\/td>\n<\/tr>\n<tr>\n<td><a href=\"https:\/\/ebvg.edu.mx\/romataekwondo\"><img src=\"https:\/\/ebvg.edu.mx\/romawp-content\/uploads\/2015\/01\/TAE-KWON-DO.png\" alt=\"TAE-KWON-DO\" width=\"80px\"><\/a><\/td>\n<td>TAE KWON DO<br \/>\n<a href=\"https:\/\/ebvg.edu.mx\/romataekwondo\">Ver m\u00e1s<\/a><\/td>\n<\/tr>\n<tr>\n<td><\/td>\n<\/tr>\n<tr>\n<td><\/td>\n<td><\/td>\n<\/tr>\n<tr>\n<td><\/td>\n<\/tr>\n<tr>\n<td><\/td>\n<td><\/td>\n<\/tr>\n<tr>\n<td><\/td>\n<\/tr>\n<tr>\n<td><\/td>\n<td><\/td>\n<\/tr>\n<tr>\n<td><\/td>\n<\/tr>\n<tr>\n<td><\/td>\n<td><\/td>\n<\/tr>\n<\/tbody>\n<\/table>\n<\/div>\n<\/div>\n<p>[\/vc_column_text][\/vc_column][\/vc_row][vc_row][vc_column][vc_empty_space][\/vc_column][\/vc_row]<\/p>\n","protected":false},"excerpt":{"rendered":"<p>[vc_row][vc_column css=&#8221;.vc_custom_1503419012401{margin-top: -160px !important;}&#8221;][rev_slider_vc alias=&#8221;slideajedrez&#8221;][vc_empty_space height=&#8221;20px&#8221;][\/vc_column][\/vc_row][vc_row][vc_column width=&#8221;3\/4&#8243;][vc_empty_space height=&#8221;12px&#8221;][vc_empty_space][vc_gallery interval=&#8221;5&#8243; images=&#8221;3237,3236,3235,3234,3233&#8243; img_size=&#8221;600&#215;400&#8243; onclick=&#8221;&#8221;][vc_empty_space][vc_column_text] Actividad de bastante aceptaci\u00f3n en nuestra Comunidad Educativa. La pr\u00e1ctica del Ajedrez ayuda a alumnos y alumnas a motivar la&nbsp; concentraci\u00f3n y el an\u00e1lisis que se reflejan en la visi\u00f3n de los problemas y en la b\u00fasqueda de soluciones r\u00e1pidas; adem\u00e1s de fortalecer &#8230;<\/p>\n","protected":false},"author":1,"featured_media":0,"parent":0,"menu_order":0,"comment_status":"open","ping_status":"closed","template":"","meta":[],"_links":{"self":[{"href":"https:\/\/ebvg.edu.mx\/roma\/wp-json\/wp\/v2\/pages\/3230"}],"collection":[{"href":"https:\/\/ebvg.edu.mx\/roma\/wp-json\/wp\/v2\/pages"}],"about":[{"href":"https:\/\/ebvg.edu.mx\/roma\/wp-json\/wp\/v2\/types\/page"}],"author":[{"embeddable":true,"href":"https:\/\/ebvg.edu.mx\/roma\/wp-json\/wp\/v2\/users\/1"}],"replies":[{"embeddable":true,"href":"https:\/\/ebvg.edu.mx\/roma\/wp-json\/wp\/v2\/comments?post=3230"}],"version-history":[{"count":32,"href":"https:\/\/ebvg.edu.mx\/roma\/wp-json\/wp\/v2\/pages\/3230\/revisions"}],"predecessor-version":[{"id":13228,"href":"https:\/\/ebvg.edu.mx\/roma\/wp-json\/wp\/v2\/pages\/3230\/revisions\/13228"}],"wp:attachment":[{"href":"https:\/\/ebvg.edu.mx\/roma\/wp-json\/wp\/v2\/media?parent=3230"}],"curies":[{"name":"wp","href":"https:\/\/api.w.org\/{rel}","templated":true}]}}