{"id":3220,"date":"2016-03-15T12:08:08","date_gmt":"2016-03-15T18:08:08","guid":{"rendered":"http:\/\/renzon.com\/berta\/?page_id=3220"},"modified":"2021-09-07T12:51:04","modified_gmt":"2021-09-07T17:51:04","slug":"jazz","status":"publish","type":"page","link":"https:\/\/ebvg.edu.mx\/roma\/jazz\/","title":{"rendered":"Jazz"},"content":{"rendered":"<p>[vc_row][vc_column css=&#8221;.vc_custom_1502996948577{margin-top: -230px !important;}&#8221;][rev_slider_vc alias=&#8221;slidejazz&#8221;][vc_empty_space height=&#8221;20px&#8221;][vc_row_inner][vc_column_inner width=&#8221;3\/4&#8243;]<h1 style=\"color:#9e9e9e;\" class=\" title center\">Jazz<\/h1>[vc_empty_space height=&#8221;12px&#8221;]<h3 style=\"color:#afafaf;\" class=\" subtitle center\">Berta Von Gl\u00fcmer<\/h3>[vc_empty_space height=&#8221;20px&#8221;][vc_gallery interval=&#8221;5&#8243; images=&#8221;3224,3222,3225,3223,3226&#8243; img_size=&#8221;600&#215;400&#8243; onclick=&#8221;&#8221;][vc_empty_space][vc_column_text]<\/p>\n<p style=\"text-align: justify;\">Actividad que permite a\u00a0alumnos y alumnas demostrar sus habilidades en el baile ya que este estilo acent\u00faa la l\u00ednea corporal, la movilidad del torso, trabajo de piernas r\u00e1pido y preciso y exagera los movimientos de algunas partes del cuerpo; por ejemplo, hombros y caderas.<\/p>\n<p style=\"text-align: justify;\">Los alumnos y las alumnas tienen la oportunidad de participar en diversos eventos: noche navide\u00f1a, D\u00eda Berta, Clausura y Concursos de hip hop externos.<\/p>\n<p>[\/vc_column_text][vc_empty_space]<h3 style=\"color:;\" class=\"  center\">Equipos representativos<\/h3>[vc_empty_space]<table class=\"nicdark_table extrabig nicdark_bg_blue nicdark_radius\" style=\"height: 295px;\" width=\"603\">\n<thead class=\"nicdark_border_blue\">\n<tr>\n<th class=\"white\" style=\"text-align: center;\">Nivel Escolar<\/th>\n<th class=\"white\" style=\"text-align: center;\">Categor\u00eda<\/th>\n<th class=\"white\" style=\"text-align: center;\">Inscripci\u00f3n<\/th>\n<th class=\"white\" style=\"text-align: center;\">Colegiatura<\/th>\n<th class=\"white\" style=\"text-align: center;\">Horario<\/th>\n<\/tr>\n<\/thead>\n<tbody class=\"nicdark_bg_grey nicdark_border_grey\">\n<tr>\n<td>\n<h5 class=\"grey subtitle\" style=\"text-align: center;\">PRIMARIA BAJA<\/h5>\n<p style=\"text-align: center;\"><strong>(1\u00b0,2\u00b0,3\u00b0)<\/strong><\/p>\n<\/td>\n<td style=\"text-align: center;\">\n<h5 class=\"grey subtitle\">JAZZ<\/h5>\n<\/td>\n<td style=\"text-align: center;\">\n<h5 class=\"grey subtitle\">$1,000.00<\/h5>\n<\/td>\n<td style=\"text-align: center;\">\n<h5 class=\"grey subtitle\">$900<\/h5>\n<\/td>\n<td style=\"text-align: center;\">\n<h5 class=\"grey subtitle\">LUNES Y MI\u00c9RCOLES DE\u00a0 15:00-16:00 Hrs.<\/h5>\n<\/td>\n<\/tr>\n<tr>\n<td>\n<h5 class=\"grey subtitle\" style=\"text-align: center;\">PRIMARIA ALTA<\/h5>\n<p style=\"text-align: center;\"><strong>(4\u00b0,5\u00b0,6\u00b0)<\/strong><\/p>\n<\/td>\n<td style=\"text-align: center;\">\n<h5 class=\"grey subtitle\">JAZZ<\/h5>\n<\/td>\n<td style=\"text-align: center;\">\n<h5 class=\"grey subtitle\">$1000.00<\/h5>\n<\/td>\n<td style=\"text-align: center;\">\n<h5 class=\"grey subtitle\">$900<\/h5>\n<\/td>\n<td style=\"text-align: center;\">\n<h5 class=\"grey subtitle\">LUNES Y MI\u00c9RCOLES DE\u00a0 16:00-17:00 Hrs.<\/h5>\n<\/td>\n<\/tr>\n<tr>\n<td><\/td>\n<td style=\"text-align: center;\"><\/td>\n<\/tr>\n<\/tbody>\n<\/table>\n[\/vc_column_inner][vc_column_inner width=&#8221;1\/4&#8243;][vc_column_text]<\/p>\n<div id=\"custom_html-6\" class=\"widget_text widget widget_custom_html\">\n<h2 align=\"center\">Otras Actividades<\/h2>\n<div class=\"textwidget custom-html-widget\">\n<table>\n<tbody>\n<tr>\n<td><a href=\"https:\/\/ebvg.edu.mx\/romafutbol\/\"><img src=\"https:\/\/ebvg.edu.mx\/romawp-content\/uploads\/2015\/01\/FUTBOL.png\" alt=\"F\u00fatbol Team\" width=\"80px\" \/><\/a><\/td>\n<td>Futbol Team<br \/>\n<a href=\"https:\/\/ebvg.edu.mx\/romafutbol\/\">Ver m\u00e1s<\/a><\/td>\n<\/tr>\n<tr>\n<td><\/td>\n<\/tr>\n<tr>\n<td><a href=\"https:\/\/ebvg.edu.mx\/romabaloncesto\"><img src=\"https:\/\/ebvg.edu.mx\/romawp-content\/uploads\/2015\/01\/BASQUETBOL.png\" alt=\"Basketball Team\" width=\"80px\" \/><\/a><\/td>\n<td>Basketball Team<br \/>\n<a href=\"https:\/\/ebvg.edu.mx\/romabaloncesto\">Ver m\u00e1s<\/a><\/td>\n<\/tr>\n<tr>\n<td><\/td>\n<\/tr>\n<tr>\n<td><img loading=\"lazy\" class=\"alignnone size-full wp-image-12095\" src=\"https:\/\/ebvg.edu.mx\/romawp-content\/uploads\/2021\/07\/MOTRICIDAD.png\" alt=\"\" width=\"80\" height=\"80\" \/><\/td>\n<td>Motrigl\u00fcm<\/p>\n<p>Ver m\u00e1s<\/td>\n<\/tr>\n<tr>\n<td><\/td>\n<\/tr>\n<tr>\n<td><\/td>\n<td><\/td>\n<\/tr>\n<tr>\n<td><\/td>\n<\/tr>\n<tr>\n<td><a href=\"https:\/\/ebvg.edu.mx\/romataekwondo\"><img src=\"https:\/\/ebvg.edu.mx\/romawp-content\/uploads\/2015\/01\/TAE-KWON-DO.png\" alt=\"TAE-KWON-DO\" width=\"80px\" \/><\/a><\/td>\n<td>TAE KWON DO<br \/>\n<a href=\"https:\/\/ebvg.edu.mx\/romataekwondo\">Ver m\u00e1s<\/a><\/td>\n<\/tr>\n<tr>\n<td><\/td>\n<\/tr>\n<tr>\n<td><\/td>\n<td><\/td>\n<\/tr>\n<tr>\n<td><\/td>\n<\/tr>\n<tr>\n<td><a href=\"https:\/\/ebvg.edu.mx\/romaballet-2\/\"><img src=\"https:\/\/ebvg.edu.mx\/romawp-content\/uploads\/2017\/08\/BALLET.png\" alt=\"Ballet Team\" width=\"80px\" \/><\/a><\/td>\n<td>Ballet Team<br \/>\n<a href=\"https:\/\/ebvg.edu.mx\/romaballet-2\/\">Ver m\u00e1s<\/a><\/td>\n<\/tr>\n<tr>\n<td><\/td>\n<\/tr>\n<tr>\n<td><\/td>\n<td><\/td>\n<\/tr>\n<\/tbody>\n<\/table>\n<\/div>\n<\/div>\n<p>[\/vc_column_text][\/vc_column_inner][\/vc_row_inner][vc_empty_space height=&#8221;50px&#8221;][\/vc_column][\/vc_row]<\/p>\n","protected":false},"excerpt":{"rendered":"<p>[vc_row][vc_column css=&#8221;.vc_custom_1502996948577{margin-top: -230px !important;}&#8221;][rev_slider_vc alias=&#8221;slidejazz&#8221;][vc_empty_space height=&#8221;20px&#8221;][vc_row_inner][vc_column_inner width=&#8221;3\/4&#8243;][vc_empty_space height=&#8221;12px&#8221;][vc_empty_space height=&#8221;20px&#8221;][vc_gallery interval=&#8221;5&#8243; images=&#8221;3224,3222,3225,3223,3226&#8243; img_size=&#8221;600&#215;400&#8243; onclick=&#8221;&#8221;][vc_empty_space][vc_column_text] Actividad que permite a\u00a0alumnos y alumnas demostrar sus habilidades en el baile ya que este estilo acent\u00faa la l\u00ednea corporal, la movilidad del torso, trabajo de piernas r\u00e1pido y preciso y exagera los movimientos de algunas partes del cuerpo; por ejemplo, hombros &#8230;<\/p>\n","protected":false},"author":1,"featured_media":0,"parent":0,"menu_order":0,"comment_status":"open","ping_status":"closed","template":"","meta":[],"_links":{"self":[{"href":"https:\/\/ebvg.edu.mx\/roma\/wp-json\/wp\/v2\/pages\/3220"}],"collection":[{"href":"https:\/\/ebvg.edu.mx\/roma\/wp-json\/wp\/v2\/pages"}],"about":[{"href":"https:\/\/ebvg.edu.mx\/roma\/wp-json\/wp\/v2\/types\/page"}],"author":[{"embeddable":true,"href":"https:\/\/ebvg.edu.mx\/roma\/wp-json\/wp\/v2\/users\/1"}],"replies":[{"embeddable":true,"href":"https:\/\/ebvg.edu.mx\/roma\/wp-json\/wp\/v2\/comments?post=3220"}],"version-history":[{"count":35,"href":"https:\/\/ebvg.edu.mx\/roma\/wp-json\/wp\/v2\/pages\/3220\/revisions"}],"predecessor-version":[{"id":12121,"href":"https:\/\/ebvg.edu.mx\/roma\/wp-json\/wp\/v2\/pages\/3220\/revisions\/12121"}],"wp:attachment":[{"href":"https:\/\/ebvg.edu.mx\/roma\/wp-json\/wp\/v2\/media?parent=3220"}],"curies":[{"name":"wp","href":"https:\/\/api.w.org\/{rel}","templated":true}]}}