{"id":3174,"date":"2016-03-15T10:45:08","date_gmt":"2016-03-15T16:45:08","guid":{"rendered":"http:\/\/renzon.com\/berta\/?page_id=3174"},"modified":"2025-06-19T15:48:01","modified_gmt":"2025-06-19T21:48:01","slug":"futbol","status":"publish","type":"page","link":"https:\/\/ebvg.edu.mx\/roma\/futbol\/","title":{"rendered":"F\u00fatbol"},"content":{"rendered":"<p>[vc_row css=&#8221;.vc_custom_1502995380789{margin-top: -50px !important;background-position: center !important;background-repeat: no-repeat !important;background-size: cover !important;}&#8221;][vc_column css=&#8221;.vc_custom_1502995511604{margin-top: -210px !important;padding-right: 0px !important;padding-left: 0px !important;}&#8221;][vc_empty_space height=&#8221;8px&#8221;][\/vc_column][\/vc_row][vc_row][vc_column width=&#8221;3\/4&#8243;]<h1 style=\"color:#8c8c8c;\" class=\" title center\">F\u00fatbol<\/h1>[vc_empty_space height=&#8221;20px&#8221;]<h3 style=\"color:#c4c4c4;\" class=\" subtitle center\">Berta Von Gl\u00fcmer<\/h3>[vc_empty_space][vc_gallery interval=&#8221;3&#8243; images=&#8221;2834,2833,2835,2836&#8243; img_size=&#8221;600&#215;400&#8243;][vc_empty_space][vc_column_text]<\/p>\n<p style=\"text-align: justify;\">Esta actividad es una de las m\u00e1s demandadas por los alumnos y&nbsp;alumnas de la escuela. A lo largo de este tiempo hemos logrado conformar equipos representativos desde el nivel de Preescolar hasta&nbsp;Secundaria.<\/p>\n<p style=\"text-align: justify;\">Los equipos representativos juegan dos torneos por a\u00f1o&nbsp;en la liga de F\u00fatbol 7 con sede en la Alberca Ol\u00edmpica.<\/p>\n<p>[\/vc_column_text][vc_empty_space height=&#8221;64px&#8221;]<h3 style=\"color:;\" class=\"  center\">Equipos representativos<\/h3>[vc_empty_space]<table class=\"nicdark_table extrabig nicdark_bg_blue nicdark_radius\" style=\"height: 295px;\" width=\"603\">\n<thead class=\"nicdark_border_blue\">\n<tr>\n<th class=\"white\" style=\"text-align: center;\">Nivel Escolar<\/th>\n<th class=\"white\" style=\"text-align: center;\">Categor\u00eda<\/th>\n<th class=\"white\" style=\"text-align: center;\">Inscripci\u00f3n<\/th>\n<th class=\"white\" style=\"text-align: center;\">Colegiatura<\/th>\n<th class=\"white\" style=\"text-align: center;\">Horario<\/th>\n<\/tr>\n<\/thead>\n<tbody class=\"nicdark_bg_grey nicdark_border_grey\">\n<tr>\n<td>\n<h5 class=\"grey subtitle\" style=\"text-align: center;\">PRIMARIA<\/h5>\n<p style=\"text-align: center;\">(1\u00b0,2\u00b0,3\u00b0)<\/p>\n<p>&nbsp;<\/td>\n<td style=\"text-align: center;\">\n<h5 class=\"grey subtitle\">&nbsp;C<\/h5>\n<\/td>\n<td style=\"text-align: center;\">\n<h5 class=\"grey subtitle\">$1,200.00<\/h5>\n<\/td>\n<td style=\"text-align: center;\">\n<h5 class=\"grey subtitle\">$1,200.00<\/h5>\n<\/td>\n<td style=\"text-align: center;\">\n<h5 class=\"grey subtitle\">Lunes y Mi\u00e9rcoles 15:15 A 16:45 Hrs.<\/h5>\n<\/td>\n<\/tr>\n<tr>\n<td>\n<h5 class=\"grey subtitle\" style=\"text-align: center;\">PRIMARIA<\/h5>\n<p style=\"text-align: center;\">(4\u00b0,5\u00b0,6\u00b0)<\/p>\n<\/td>\n<td style=\"text-align: center;\">\n<h5 class=\"grey subtitle\">&nbsp;A<\/h5>\n<\/td>\n<td style=\"text-align: center;\">\n<h5 class=\"grey subtitle\">$1,200.00<\/h5>\n<\/td>\n<td style=\"text-align: center;\">\n<h5 class=\"grey subtitle\">$1,200.00<\/h5>\n<\/td>\n<td style=\"text-align: center;\">\n<h5 class=\"grey subtitle\">M\u00e1rtes y Jueves 15:15 A 16:45 Hrs.<\/h5>\n<\/td>\n<\/tr>\n<tr>\n<td>\n<h5 class=\"grey subtitle\" style=\"text-align: center;\">SECUNDARIA<\/h5>\n<p style=\"text-align: center;\">(* SE REQUIERE FIRMA DE RESPONSIVA)<\/p>\n<\/td>\n<td style=\"text-align: center;\">\n<h5 class=\"grey subtitle\">JUVENIL C<\/h5>\n<\/td>\n<td style=\"text-align: center;\">\n<h5 class=\"grey subtitle\">$1,200.00<\/h5>\n<\/td>\n<td style=\"text-align: center;\">\n<h5 class=\"grey subtitle\">$1,800.00<\/h5>\n<\/td>\n<td style=\"text-align: center;\">\n<h5 class=\"grey subtitle\">Lunes y Mi\u00e9rcoles de 15:00 A 16:00 Hrs.<\/h5>\n<\/td>\n<\/tr>\n<\/tbody>\n<\/table>\n[\/vc_column][vc_column width=&#8221;1\/4&#8243;][vc_column_text]<\/p>\n<div id=\"custom_html-6\" class=\"widget_text widget widget_custom_html\">\n<h2 align=\"center\">Otras Actividades<\/h2>\n<div class=\"textwidget custom-html-widget\">\n<table>\n<tbody>\n<tr>\n<td><a href=\"https:\/\/ebvg.edu.mx\/roma\/baloncesto\"><img src=\"https:\/\/ebvg.edu.mx\/roma\/wp-content\/uploads\/2015\/01\/BASQUETBOL.png\" alt=\"Basketball Team\" width=\"80px\" \/><\/a><\/td>\n<td>Basketball Team<br \/>\n<a href=\"https:\/\/ebvg.edu.mx\/roma\/baloncesto\">Ver m\u00e1s<\/a><\/td>\n<\/tr>\n<tr>\n<td><\/td>\n<\/tr>\n<tr>\n<td><a href=\"https:\/\/ebvg.edu.mx\/roma\/taekwondo\"><img src=\"https:\/\/ebvg.edu.mx\/roma\/wp-content\/uploads\/2015\/01\/TAE-KWON-DO.png\" alt=\"TAE-KWON-DO\" width=\"80px\" \/><\/a><\/td>\n<td>TAE KWON DO<br \/>\n<a href=\"https:\/\/ebvg.edu.mx\/roma\/taekwondo\">Ver m\u00e1s<\/a><\/td>\n<\/tr>\n<tr>\n<td><\/td>\n<\/tr>\n<tr>\n<td><\/td>\n<td><\/td>\n<\/tr>\n<tr>\n<td><\/td>\n<\/tr>\n<tr>\n<td><\/td>\n<td><\/td>\n<\/tr>\n<tr>\n<td><\/td>\n<\/tr>\n<tr>\n<td><\/td>\n<td><\/td>\n<\/tr>\n<tr>\n<td><\/td>\n<\/tr>\n<tr>\n<td><\/td>\n<td><\/td>\n<\/tr>\n<tr>\n<td><\/td>\n<\/tr>\n<tr>\n<td><\/td>\n<td><\/td>\n<\/tr>\n<\/tbody>\n<\/table>\n<\/div>\n<\/div>\n<p>[\/vc_column_text][\/vc_column][\/vc_row][vc_row][vc_column][vc_empty_space][\/vc_column][\/vc_row]<\/p>\n","protected":false},"excerpt":{"rendered":"<p>[vc_row css=&#8221;.vc_custom_1502995380789{margin-top: -50px !important;background-position: center !important;background-repeat: no-repeat !important;background-size: cover !important;}&#8221;][vc_column css=&#8221;.vc_custom_1502995511604{margin-top: -210px !important;padding-right: 0px !important;padding-left: 0px !important;}&#8221;][vc_empty_space height=&#8221;8px&#8221;][\/vc_column][\/vc_row][vc_row][vc_column width=&#8221;3\/4&#8243;][vc_empty_space height=&#8221;20px&#8221;][vc_empty_space][vc_gallery interval=&#8221;3&#8243; images=&#8221;2834,2833,2835,2836&#8243; img_size=&#8221;600&#215;400&#8243;][vc_empty_space][vc_column_text] Esta actividad es una de las m\u00e1s demandadas por los alumnos y&nbsp;alumnas de la escuela. A lo largo de este tiempo hemos logrado conformar equipos representativos desde el nivel de Preescolar hasta&nbsp;Secundaria. &#8230;<\/p>\n","protected":false},"author":1,"featured_media":0,"parent":0,"menu_order":0,"comment_status":"open","ping_status":"closed","template":"","meta":[],"_links":{"self":[{"href":"https:\/\/ebvg.edu.mx\/roma\/wp-json\/wp\/v2\/pages\/3174"}],"collection":[{"href":"https:\/\/ebvg.edu.mx\/roma\/wp-json\/wp\/v2\/pages"}],"about":[{"href":"https:\/\/ebvg.edu.mx\/roma\/wp-json\/wp\/v2\/types\/page"}],"author":[{"embeddable":true,"href":"https:\/\/ebvg.edu.mx\/roma\/wp-json\/wp\/v2\/users\/1"}],"replies":[{"embeddable":true,"href":"https:\/\/ebvg.edu.mx\/roma\/wp-json\/wp\/v2\/comments?post=3174"}],"version-history":[{"count":110,"href":"https:\/\/ebvg.edu.mx\/roma\/wp-json\/wp\/v2\/pages\/3174\/revisions"}],"predecessor-version":[{"id":13981,"href":"https:\/\/ebvg.edu.mx\/roma\/wp-json\/wp\/v2\/pages\/3174\/revisions\/13981"}],"wp:attachment":[{"href":"https:\/\/ebvg.edu.mx\/roma\/wp-json\/wp\/v2\/media?parent=3174"}],"curies":[{"name":"wp","href":"https:\/\/api.w.org\/{rel}","templated":true}]}}