{"id":3024,"date":"2016-03-10T13:39:22","date_gmt":"2016-03-10T19:39:22","guid":{"rendered":"http:\/\/renzon.com\/berta\/?page_id=3024"},"modified":"2025-11-13T06:40:33","modified_gmt":"2025-11-13T12:40:33","slug":"directorio","status":"publish","type":"page","link":"https:\/\/ebvg.edu.mx\/roma\/directorio\/","title":{"rendered":"Directorio"},"content":{"rendered":"<p>[vc_row css=&#8221;.vc_custom_1502209485726{margin-top: -160px !important;}&#8221;][vc_column css=&#8221;.vc_custom_1502724720526{margin-top: -160px !important;}&#8221;][rev_slider_vc alias=&#8221;slidedirectorio&#8221;][vc_empty_space height=&#8221;12px&#8221;]<h1 style=\"color:#aaaaaa;\" class=\" title center\">Directorio<\/h1>[vc_empty_space height=&#8221;20px&#8221;]<h3 style=\"color:#c4c4c4;\" class=\" subtitle left\">Estamos para servirte<\/h3>[\/vc_column][\/vc_row][vc_row][vc_column][vc_empty_space]<h1 style=\"color:;\" class=\"  \">Direcci\u00f3n General<\/h1>[vc_empty_space][\/vc_column][\/vc_row][vc_row][vc_column][vc_row_inner][vc_column_inner width=&#8221;1\/6&#8243;]<h3 style=\"color:#1e73be;\" class=\" subtitle center\">Directora de Jard\u00edn de Ni\u00f1os<\/h3>[vc_column_text css=&#8221;.vc_custom_1457641226527{margin-top: 10px !important;margin-bottom: 10px !important;}&#8221;]<\/p>\n<hr>\n<p>[\/vc_column_text]<h5 style=\"color:;\" class=\"  left\">Mtra. Blanca Laura Pati\u00f1o Segovia<\/h5>[vc_column_text]<a href=\"mailto:dirjar@ebvg.edu.mx\" target=\"_blank\" rel=\"noopener\">dirjar@ebvg.edu.mx<\/a>[\/vc_column_text][\/vc_column_inner][vc_column_inner width=&#8221;1\/6&#8243;]<h3 style=\"color:#1e73be;\" class=\" subtitle center\">Directora de Primaria<\/h3>[vc_column_text css=&#8221;.vc_custom_1457641226527{margin-top: 10px !important;margin-bottom: 10px !important;}&#8221;]<\/p>\n<hr>\n<p>[\/vc_column_text]<h5 style=\"color:;\" class=\"  left\">Mtra. Maricruz Salmeron Rodriguez<\/h5>[vc_column_text]<a href=\"mailto:dirpri@ebvg.edu.mx\">dirpri@ebvg.edu.mx<\/a>[\/vc_column_text][\/vc_column_inner][vc_column_inner width=&#8221;1\/6&#8243;]<h3 style=\"color:#1e73be;\" class=\" subtitle center\">Director de Secundaria<\/h3>[vc_column_text css=&#8221;.vc_custom_1457641226527{margin-top: 10px !important;margin-bottom: 10px !important;}&#8221;]<\/p>\n<hr>\n<p>[\/vc_column_text]<h5 style=\"color:;\" class=\"  left\">Q.F.B. Alejandro Olvera<\/h5>[vc_column_text]<a href=\"mailto:dirsec@ebvg.edu.mx\">dirsec@ebvg.edu.mx<\/a>[\/vc_column_text][\/vc_column_inner][vc_column_inner width=&#8221;1\/6&#8243;]<h3 style=\"color:#1e73be;\" class=\" subtitle center\">Directora de Preparatoria<\/h3>[vc_column_text css=&#8221;.vc_custom_1457641226527{margin-top: 10px !important;margin-bottom: 10px !important;}&#8221;]<\/p>\n<hr>\n<p>[\/vc_column_text]<h5 style=\"color:;\" class=\"  left\">Mtra. Ver\u00f3nica Vargas \u00c1vila<\/h5>[vc_column_text]<a href=\"mailto:dirprepa@ebvg.edu.mx\">dirprepa@ebvg.edu.mx<\/a>[\/vc_column_text][\/vc_column_inner][\/vc_row_inner][vc_row_inner][vc_column_inner width=&#8221;1\/6&#8243;]<h3 style=\"color:#1e73be;\" class=\" subtitle center\">Coordinaci\u00f3n de Ingl\u00e9s Jard\u00edn y Primaria<\/h3>[vc_column_text css=&#8221;.vc_custom_1457641226527{margin-top: 10px !important;margin-bottom: 10px !important;}&#8221;]<\/p>\n<hr>\n<p>[\/vc_column_text]<h5 style=\"color:;\" class=\"  left\">Profra. Diala Yee<\/h5>[vc_column_text]<a href=\"mailto:dyeec@ebvg.edu.mx\">dyeec@ebvg.edu.mx<\/a>[\/vc_column_text][\/vc_column_inner][vc_column_inner width=&#8221;1\/6&#8243;]<h3 style=\"color:#1e73be;\" class=\" title center\">Coordinaci\u00f3n de Ingl\u00e9s Secundaria, Preparatoria y Licenciatura<\/h3>[vc_column_text css=&#8221;.vc_custom_1457641226527{margin-top: 10px !important;margin-bottom: 10px !important;}&#8221;]<\/p>\n<hr>\n<p>[\/vc_column_text]<h4 style=\"color:#999999;\" class=\" subtitle left\">Lic. Ursula Estrada Rojas<\/h4>[vc_column_text]<a href=\"mailto:englishcoord@ebvg.edu.mx\">englishcoord@ebvg.edu.mx<\/a><\/p>\n<p>[\/vc_column_text][\/vc_column_inner][vc_column_inner width=&#8221;1\/6&#8243;]<h3 style=\"color:#1e73be;\" class=\" subtitle center\">Afterschool (Horario Extendido) y Curso de Verano<\/h3>[vc_column_text css=&#8221;.vc_custom_1457641226527{margin-top: 10px !important;margin-bottom: 10px !important;}&#8221;]<\/p>\n<hr>\n<p>[\/vc_column_text]<h5 style=\"color:;\" class=\"  left\">Lic. Edgar Gonz\u00e1lez<\/h5>[vc_column_text]<a href=\"mailto:atorresma@ebvg.edu.mx\">atorresm@ebvg.edu.mx<\/a>[\/vc_column_text][\/vc_column_inner][vc_column_inner][\/vc_column_inner][\/vc_row_inner][vc_empty_space][vc_empty_space][\/vc_column][\/vc_row][vc_row][vc_column][vc_empty_space][vc_column_text]<\/p>\n<hr>\n<p>[\/vc_column_text][vc_empty_space][\/vc_column][\/vc_row][vc_row][vc_column][vc_empty_space]<h1 style=\"color:;\" class=\"  \">Direcci\u00f3n Operativa<\/h1>[vc_empty_space][\/vc_column][\/vc_row][vc_row][vc_column][vc_row_inner][vc_column_inner width=&#8221;1\/6&#8243;]<h3 style=\"color:#1e73be;\" class=\" subtitle center\">Servicios Escolares<\/h3>[vc_column_text css=&#8221;.vc_custom_1457641226527{margin-top: 10px !important;margin-bottom: 10px !important;}&#8221;]<\/p>\n<hr>\n<p>[\/vc_column_text]<h5 style=\"color:;\" class=\"  left\">Lic. Alberto Gonz\u00e1lez<\/h5>[vc_column_text]<a href=\"mailto:agonzalezg@ebvg.edu.mx\">agonzalezg@ebvg.edu.mx<\/a>[\/vc_column_text][\/vc_column_inner][vc_column_inner width=&#8221;1\/6&#8243;]<h3 style=\"color:#1e73be;\" class=\" subtitle center\">Departamento de Psicolog\u00eda<\/h3>[vc_column_text css=&#8221;.vc_custom_1457641226527{margin-top: 10px !important;margin-bottom: 10px !important;}&#8221;]<\/p>\n<hr>\n<p>[\/vc_column_text]<h5 style=\"color:;\" class=\"  left\">Lic. Maricela Sifuentes<\/h5>[vc_column_text]<a href=\"mailto:msifuentesv@ebvg.edu.mx\">msifuentesv@ebvg.edu.mx<\/a>[\/vc_column_text][\/vc_column_inner][vc_column_inner width=&#8221;1\/6&#8243;]<h3 style=\"color:#1e73be;\" class=\" subtitle center\">Centro de Innovaci\u00f3n y Tecnolog\u00eda (CIT)<\/h3>[vc_column_text css=&#8221;.vc_custom_1457641226527{margin-top: 10px !important;margin-bottom: 10px !important;}&#8221;]<\/p>\n<hr>\n<p>[\/vc_column_text]<h5 style=\"color:;\" class=\"  left\">Ing. Israel Hern\u00e1ndez<\/h5>[vc_column_text]<a href=\"mailto:ssuarezg@ebvg.edu.mx\">cit@ebvg.edu.mx<\/a>[\/vc_column_text][\/vc_column_inner][\/vc_row_inner][vc_empty_space][vc_row_inner][vc_column_inner width=&#8221;1\/6&#8243;]<h3 style=\"color:#1e73be;\" class=\" subtitle center\">Actividades Vespertinas<\/h3>[vc_column_text css=&#8221;.vc_custom_1457641226527{margin-top: 10px !important;margin-bottom: 10px !important;}&#8221;]<\/p>\n<hr>\n<p>[\/vc_column_text]<h5 style=\"color:;\" class=\"  left\">Lic. Edgar Gonz\u00e1lez<\/h5>[vc_column_text]<a href=\"mailto:actvesp1@ebvg.edu.mx\">actvesp1@ebvg.edu.mx<\/a>[\/vc_column_text][\/vc_column_inner][vc_column_inner width=&#8221;1\/6&#8243;]<h3 style=\"color:#1e73be;\" class=\" subtitle left\">Servicio M\u00e9dico<\/h3>[vc_column_text css=&#8221;.vc_custom_1457641226527{margin-top: 10px !important;margin-bottom: 10px !important;}&#8221;]<\/p>\n<hr>\n<p>[\/vc_column_text]<h5 style=\"color:;\" class=\"  left\">Dra. Mar\u00eda del Carmen L\u00f3pez<\/h5>[vc_column_text]<a href=\"mailto:mlopezr2@ebvg.edu.mx\">mlopezr2@ebvg.edu.mx<\/a>[\/vc_column_text][\/vc_column_inner][vc_column_inner width=&#8221;1\/6&#8243;]<h3 style=\"color:#1e73be;\" class=\" subtitle center\">Departamento de Psicolog\u00eda Secundaria<\/h3>[vc_column_text css=&#8221;.vc_custom_1457641226527{margin-top: 10px !important;margin-bottom: 10px !important;}&#8221;]<\/p>\n<hr>\n<p>[\/vc_column_text]<h5 style=\"color:;\" class=\"  left\">Lic. Abril Landeros<\/h5>[vc_column_text]<a href=\"mailto:lsastres@ebvg.edu.mx\">alanderosf@ebvg.edu.mx<\/a>[\/vc_column_text][\/vc_column_inner][vc_column_inner width=&#8221;1\/6&#8243;]<h3 style=\"color:#1e73be;\" class=\" subtitle center\">Departamento de Psicolog\u00eda Preparatoria<\/h3>[vc_column_text css=&#8221;.vc_custom_1457641226527{margin-top: 10px !important;margin-bottom: 10px !important;}&#8221;]<\/p>\n<hr>\n<p>[\/vc_column_text]<h5 style=\"color:;\" class=\"  left\">Lic. Ver\u00f3nica Vargas<\/h5>[vc_column_text]<a href=\"mailto:vvargasa@ebvg.edu.mx\">vvargasa@ebvg.edu.mx<\/a>[\/vc_column_text][\/vc_column_inner][vc_column_inner width=&#8221;1\/6&#8243;]<h3 style=\"color:#1e73be;\" class=\" subtitle center\"> Relaciones P\u00fablicas y Vinculaci\u00f3n Acad\u00e9mica<\/h3>[vc_column_text css=&#8221;.vc_custom_1457641226527{margin-top: 10px !important;margin-bottom: 10px !important;}&#8221;]<\/p>\n<hr>\n<p>[\/vc_column_text]<h5 style=\"color:;\" class=\"  left\">Lic. Fabiola Cortez<\/h5>[vc_column_text]<a href=\"mailto:relacionespublicas@ebvg.edu.mx\" target=\"_blank\" rel=\"noopener\">relacionespublicas@ebvg.edu.mx<\/a>[\/vc_column_text][\/vc_column_inner][\/vc_row_inner][vc_empty_space][\/vc_column][\/vc_row][vc_row][vc_column][vc_empty_space][vc_column_text]<\/p>\n<hr>\n<p>[\/vc_column_text][vc_empty_space][\/vc_column][\/vc_row][vc_row][vc_column][vc_empty_space]<h1 style=\"color:;\" class=\"  \">Departamentos<\/h1>[vc_empty_space][\/vc_column][\/vc_row][vc_row][vc_column][vc_row_inner][vc_column_inner width=&#8221;1\/3&#8243;]<h3 style=\"color:#1e73be;\" class=\" subtitle left\">Relaciones P\u00fablicas y Vinculaci\u00f3n Acad\u00e9mica<\/h3>[vc_column_text]<\/p>\n<hr>\n<p style=\"text-align: justify;\">Su objetivo es atender de primera instancia a los Padres de Familia y\/o alumnos interesados en ingresar a nuestra Instituci\u00f3n, dando a conocer nuestra filosof\u00eda y facilitando los tr\u00e1mites para el primer ingreso. Es la vinculaci\u00f3n de nuestra escuela con su comunidad.<\/p>\n<p>&nbsp;<\/p>\n<p>&nbsp;<\/p>\n<p><strong>FABIOLA&nbsp;&nbsp;CORTEZ <\/strong><br \/>\nrelacionespublicas@ebvg.edu.mx<br \/>\nExt: 153<\/p>\n<p>&nbsp;<\/p>\n<p>[\/vc_column_text][\/vc_column_inner][vc_column_inner width=&#8221;1\/3&#8243;]<h3 style=\"color:#1e73be;\" class=\" subtitle left\">Departamento de Servicios Escolares<\/h3>[vc_column_text]<\/p>\n<hr>\n<p style=\"text-align: justify;\">Tiene a su cargo todo lo relacionado con la documentaci\u00f3n de profesores y alumnos que se deriva de los aspectos acad\u00e9micos que maneja la escuela, tanto en su car\u00e1cter interno como expedientes, constancias y calificaciones, como en su car\u00e1cter oficial con tr\u00e1mites y\/o legalizaciones ante las autoridades de la S.E.P., certificados, boletines y autorizaciones.<\/p>\n<p>&nbsp;<\/p>\n<p><strong>ALBERTO GONZ\u00c1LEZ<\/strong><br \/>\nagonzalezg@ebvg.edu.mx<br \/>\nExt: 156[\/vc_column_text][\/vc_column_inner][vc_column_inner width=&#8221;1\/3&#8243;]<h3 style=\"color:#1e73be;\" class=\" subtitle left\">Departamento de Psicolog\u00eda<\/h3>[vc_column_text]<\/p>\n<hr>\n<p style=\"text-align: justify;\">Brinda a la comunidad escolar servicios como valoraci\u00f3n psicol\u00f3gica, que inicia desde los ex\u00e1menes de ingreso de conocimientos generales y psicom\u00e9tricos, de los cuales se deriva un expediente. La orientaci\u00f3n es otro de los aspectos que maneja en dos modalidades para el estudio, proporcionando informaci\u00f3n sobre metodolog\u00eda, redacci\u00f3n y ortograf\u00eda, y vocacional aplicando \u201ctest\u201d propios para elegir adecuadamente una carrera profesional. Adem\u00e1s sirve de apoyo psicol\u00f3gico a trav\u00e9s de terapias breves de soluci\u00f3n de conflictos y consultas psicol\u00f3gicas.<\/p>\n<p>&nbsp;<\/p>\n<p><strong>MARISELA SIFUENTES<\/strong><br \/>\nmsifuentesv@ebvg.edu.mx<br \/>\nExt: 159<\/p>\n<p>&nbsp;<\/p>\n<p><strong>VER\u00d3NICA VARGAS<\/strong><br \/>\nvvargasa@ebvg.edu.mx<br \/>\nExt: 170<\/p>\n<p>&nbsp;<\/p>\n<p><strong>ABRIL&nbsp;LANDEROS&nbsp;<\/strong><\/p>\n<p>alanderosf@ebvg.edu.mx<\/p>\n<p>Ext: 188[\/vc_column_text][\/vc_column_inner][\/vc_row_inner][vc_empty_space height=&#8221;64px&#8221;][vc_row_inner][vc_column_inner width=&#8221;1\/3&#8243;]<h3 style=\"color:#1e73be;\" class=\" subtitle left\">Departamento de Recursos Humanos<\/h3>[vc_column_text]<\/p>\n<hr>\n<p style=\"text-align: justify;\">Proporciona el personal necesario que se apegue a las pol\u00edticas institucionales, para el eficiente desempe\u00f1o de la organizaci\u00f3n, creando un clima laboral favorable que propicie el desarrollo humano y el crecimiento sostenido de la instituci\u00f3n.<\/p>\n<p>&nbsp;<\/p>\n<p><strong>&nbsp;<\/strong><br \/>\n<a href=\"mailto:rhumanos@ebvg.edu.mx\" target=\"_blank\" rel=\"noopener\">rhumanos@ebvg.edu.mx<\/a><br \/>\nExt: 158<u><\/u><u><\/u>[\/vc_column_text][\/vc_column_inner][vc_column_inner width=&#8221;1\/3&#8243;]<h3 style=\"color:#1e73be;\" class=\" subtitle left\">Departamento de Matem\u00e1ticas<\/h3>[vc_column_text]<\/p>\n<hr>\n<p style=\"text-align: justify;\">Brinda asesor\u00edas t\u00e9cnicas respecto de los programas acad\u00e9micos de matem\u00e1ticas a maestros y alumnos de los diferentes niveles escolares de nuestra instituci\u00f3n, manteniendo una supervisi\u00f3n y seguimiento en el desarrollo de esta materia.<\/p>\n<p>&nbsp;<\/p>\n<p>[\/vc_column_text][vc_column_text]<strong>&nbsp;OSCAR&nbsp;CARBAJAL<\/strong><\/p>\n<p>ocarbajals@ebvg.edu.mx<\/p>\n<p>Ext. 186[\/vc_column_text][\/vc_column_inner][vc_column_inner width=&#8221;1\/3&#8243;]<h3 style=\"color:#1e73be;\" class=\" subtitle left\">Centro de Innovaci\u00f3n y Tecnolog\u00eda<\/h3>[vc_column_text]<\/p>\n<hr>\n<p style=\"text-align: justify;\">El CIT brinda asesor\u00eda t\u00e9cnica a maestros y alumnos para la realizaci\u00f3n de trabajos y exposiciones que sean requeridos, proporciona apoyo con algunos programas existentes para clases especiales de las diferentes asignaturas, as\u00ed como, el apoyo did\u00e1ctico a los alumnos a trav\u00e9s de software recreativo e internet.<\/p>\n<p>&nbsp;<\/p>\n<p><b>ISRAEL HERN\u00c1NDEZ<\/b><\/p>\n<p>&nbsp;<\/p>\n<p>cit@ebvg.edu.mx<br \/>\nExt: 160[\/vc_column_text][\/vc_column_inner][\/vc_row_inner][vc_empty_space height=&#8221;64px&#8221;][vc_row_inner][vc_column_inner width=&#8221;1\/3&#8243;]<h3 style=\"color:#1e73be;\" class=\" subtitle left\">Departamento de Ingl\u00e9s<\/h3>[vc_column_text]<\/p>\n<hr>\n<p style=\"text-align: justify;\">Brinda asesor\u00edas t\u00e9cnicas respecto al idioma ingl\u00e9s a maestros y alumnos. Adem\u00e1s, coordina a los profesores de ingl\u00e9s de los diferentes niveles de la instituci\u00f3n manteniendo una supervisi\u00f3n y seguimiento del aprendizaje del idioma.<\/p>\n<p>&nbsp;<\/p>\n<p style=\"text-align: justify;\"><strong>URSULA ESTRADA ROJAS<\/strong><br \/>\nenglishcoord@ebvg.edu.mx<br \/>\nExt: 187<\/p>\n<p>&nbsp;<\/p>\n<p><strong>&nbsp;DIALA&nbsp;YEE<\/strong><br \/>\ndyeec@ebvg.edu.mx<br \/>\nExt: 149[\/vc_column_text][\/vc_column_inner][vc_column_inner width=&#8221;1\/3&#8243;]<h3 style=\"color:#1e73be;\" class=\" subtitle left\">Departamento de Actividades Vespertinas<\/h3>[vc_column_text]<\/p>\n<hr>\n<p style=\"text-align: justify;\">Se encarga de la organizaci\u00f3n, funcionamiento y control de las diferentes actividades extraescolares que se imparten en horario vespertino para los diferentes niveles de nuestra instituci\u00f3n<\/p>\n<p>&nbsp;<\/p>\n<p style=\"font-weight: 400;\"><strong>&nbsp;EDGAR&nbsp;GONZ\u00c1LEZ<\/strong><br \/>\n<a href=\"mailto:actvesp1@ebvg.edu.mx\">actvesp1@ebvg.edu.mx<\/a><br \/>\nExt: 163<\/p>\n<p style=\"font-weight: 400;\"><strong>&nbsp;<\/strong><\/p>\n<p>[\/vc_column_text][\/vc_column_inner][vc_column_inner width=&#8221;1\/3&#8243;]<h3 style=\"color:#1e73be;\" class=\" subtitle left\">Departamento de Imagen Institucional<\/h3>[vc_column_text]<\/p>\n<hr>\n<p style=\"text-align: justify;\">Su objetivo Principal es mejorar la comunicaci\u00f3n, difusi\u00f3n y promoci\u00f3n de las acciones de la escuela fortaleciendo nuestros valores a trav\u00e9s de una comunicaci\u00f3n continua, apegada al dialogo personalizado y con la ejecuci\u00f3n de acciones que mejoren la calidad de informaci\u00f3n, promoci\u00f3n y difusi\u00f3n de lo que somos.<\/p>\n<p>&nbsp;<\/p>\n<p><strong>CESAR&nbsp; AMBRIZ&nbsp;<\/strong><br \/>\nimagen_institucional@ebvg.edu.mx<br \/>\nExt: 175[\/vc_column_text][\/vc_column_inner][\/vc_row_inner][vc_empty_space height=&#8221;64px&#8221;][vc_row_inner][vc_column_inner width=&#8221;1\/3&#8243;]<h3 style=\"color:#1e73be;\" class=\" subtitle left\">Servicio M\u00e9dico<\/h3>[vc_column_text]<\/p>\n<hr>\n<p style=\"text-align: justify;\">Dedicado principalmente a atender las posibles urgencias que pueden presentarse, adem\u00e1s de realizar ex\u00e1menes m\u00e9dicos de rutina, brindar atenci\u00f3n a toda la comunidad y organizar conferencias y campa\u00f1as relacionadas con higiene, nutrici\u00f3n y salud.<\/p>\n<p>&nbsp;<\/p>\n<p><b>MAR\u00cdA<\/b><strong>&nbsp;DEL CARMEN L\u00d3PEZ<br \/>\n<\/strong>mlopezr2@ebvg.edu.mx<br \/>\nExt: 161[\/vc_column_text][\/vc_column_inner][\/vc_row_inner][vc_empty_space][\/vc_column][\/vc_row]<\/p>\n","protected":false},"excerpt":{"rendered":"<p>[vc_row css=&#8221;.vc_custom_1502209485726{margin-top: -160px !important;}&#8221;][vc_column css=&#8221;.vc_custom_1502724720526{margin-top: -160px !important;}&#8221;][rev_slider_vc alias=&#8221;slidedirectorio&#8221;][vc_empty_space height=&#8221;12px&#8221;][vc_empty_space height=&#8221;20px&#8221;][\/vc_column][\/vc_row][vc_row][vc_column][vc_empty_space][vc_empty_space][\/vc_column][\/vc_row][vc_row][vc_column][vc_row_inner][vc_column_inner width=&#8221;1\/6&#8243;][vc_column_text css=&#8221;.vc_custom_1457641226527{margin-top: 10px !important;margin-bottom: 10px !important;}&#8221;] [\/vc_column_text][vc_column_text]dirjar@ebvg.edu.mx[\/vc_column_text][\/vc_column_inner][vc_column_inner width=&#8221;1\/6&#8243;][vc_column_text css=&#8221;.vc_custom_1457641226527{margin-top: 10px !important;margin-bottom: 10px !important;}&#8221;] [\/vc_column_text][vc_column_text]dirpri@ebvg.edu.mx[\/vc_column_text][\/vc_column_inner][vc_column_inner width=&#8221;1\/6&#8243;][vc_column_text css=&#8221;.vc_custom_1457641226527{margin-top: 10px !important;margin-bottom: 10px !important;}&#8221;] [\/vc_column_text][vc_column_text]dirsec@ebvg.edu.mx[\/vc_column_text][\/vc_column_inner][vc_column_inner width=&#8221;1\/6&#8243;][vc_column_text css=&#8221;.vc_custom_1457641226527{margin-top: 10px !important;margin-bottom: 10px !important;}&#8221;] [\/vc_column_text][vc_column_text]dirprepa@ebvg.edu.mx[\/vc_column_text][\/vc_column_inner][\/vc_row_inner][vc_row_inner][vc_column_inner width=&#8221;1\/6&#8243;][vc_column_text css=&#8221;.vc_custom_1457641226527{margin-top: 10px !important;margin-bottom: 10px !important;}&#8221;] [\/vc_column_text][vc_column_text]dyeec@ebvg.edu.mx[\/vc_column_text][\/vc_column_inner][vc_column_inner width=&#8221;1\/6&#8243;][vc_column_text css=&#8221;.vc_custom_1457641226527{margin-top: 10px !important;margin-bottom: 10px !important;}&#8221;] [\/vc_column_text][vc_column_text]englishcoord@ebvg.edu.mx [\/vc_column_text][\/vc_column_inner][vc_column_inner width=&#8221;1\/6&#8243;][vc_column_text css=&#8221;.vc_custom_1457641226527{margin-top: &#8230;<\/p>\n","protected":false},"author":1,"featured_media":0,"parent":0,"menu_order":0,"comment_status":"closed","ping_status":"closed","template":"","meta":[],"_links":{"self":[{"href":"https:\/\/ebvg.edu.mx\/roma\/wp-json\/wp\/v2\/pages\/3024"}],"collection":[{"href":"https:\/\/ebvg.edu.mx\/roma\/wp-json\/wp\/v2\/pages"}],"about":[{"href":"https:\/\/ebvg.edu.mx\/roma\/wp-json\/wp\/v2\/types\/page"}],"author":[{"embeddable":true,"href":"https:\/\/ebvg.edu.mx\/roma\/wp-json\/wp\/v2\/users\/1"}],"replies":[{"embeddable":true,"href":"https:\/\/ebvg.edu.mx\/roma\/wp-json\/wp\/v2\/comments?post=3024"}],"version-history":[{"count":150,"href":"https:\/\/ebvg.edu.mx\/roma\/wp-json\/wp\/v2\/pages\/3024\/revisions"}],"predecessor-version":[{"id":14358,"href":"https:\/\/ebvg.edu.mx\/roma\/wp-json\/wp\/v2\/pages\/3024\/revisions\/14358"}],"wp:attachment":[{"href":"https:\/\/ebvg.edu.mx\/roma\/wp-json\/wp\/v2\/media?parent=3024"}],"curies":[{"name":"wp","href":"https:\/\/api.w.org\/{rel}","templated":true}]}}