{"id":2983,"date":"2016-03-10T11:41:01","date_gmt":"2016-03-10T17:41:01","guid":{"rendered":"http:\/\/renzon.com\/berta\/?page_id=2983"},"modified":"2021-03-10T13:12:02","modified_gmt":"2021-03-10T19:12:02","slug":"licenciatura-en-educacion-preescolar","status":"publish","type":"page","link":"https:\/\/ebvg.edu.mx\/roma\/licenciatura-en-educacion-preescolar\/","title":{"rendered":"Licenciatura en Educaci\u00f3n Preescolar"},"content":{"rendered":"<p>[vc_row][vc_column css=&#8221;.vc_custom_1502822990657{margin-top: -160px !important;}&#8221;][rev_slider_vc alias=&#8221;slidelicenciatura&#8221;][vc_empty_space height=&#8221;20px&#8221;]<h1 style=\"color:;\" class=\" title center\">Licenciatura<\/h1>[vc_empty_space height=&#8221;50px&#8221;]<h3 style=\"color:;\" class=\" title left\">Clave de incorporaci\u00f3n SEP 09PNE0025Z \/ 09PNE0037E<\/h3>[\/vc_column][\/vc_row][vc_row][vc_column width=&#8221;2\/3&#8243;][vc_empty_space][vc_column_text]<\/p>\n<div class=\"vc_empty_space\">\n<h3>&#8220;Para aprender a ense\u00f1ar&#8221;<\/h3>\n<p>&nbsp;<\/p>\n<p class=\"p1\"><span class=\"s1\">Nuestra meta es formar profesionistas comprometidas a ejercer la docencia en educaci\u00f3n preescolar. La Normal \u201cBerta von Gl\u00fcmer\u201d, d\u00f3nde m\u00e1s de 58 a\u00f1os de experiencia nos respaldan, prepara educadoras con responsabilidad y capaces de guiar la formaci\u00f3n de la ni\u00f1ez, fomenta el desarrollo de actitudes reflexivas, cr\u00edticas y creadoras. Ofrece una s\u00f3lida formaci\u00f3n de orientaci\u00f3n human\u00edstica, sustentada en la cultura, la ciencia y la tecnolog\u00eda, para que trascienda la pr\u00e1ctica educativa.<\/span><\/p>\n<p>&nbsp;<\/p>\n<p class=\"p1\"><span class=\"s1\">Todo esto se logra gracias a la gu\u00eda y conducci\u00f3n del cuerpo docente altamente calificado y en constante actualizaci\u00f3n magisterial y con gran vocaci\u00f3n por la ense\u00f1anza.<\/span><\/p>\n<\/div>\n<p>[\/vc_column_text][vc_empty_space][vc_empty_space][vc_row_inner][vc_column_inner width=&#8221;1\/3&#8243;][vc_btn title=&#8221;Servicios escolares&#8221; style=&#8221;3d&#8221; color=&#8221;orange&#8221; align=&#8221;center&#8221; link=&#8221;url:http%3A%2F%2Frenzon.com%2Fberta%2Froma%2Fservicios-escolares%2F|title:Ver%20m%C3%A1s||&#8221;][\/vc_column_inner][vc_column_inner width=&#8221;1\/3&#8243;][vc_btn title=&#8221;Transporte&#8221; style=&#8221;3d&#8221; color=&#8221;orange&#8221; align=&#8221;center&#8221; link=&#8221;url:http%3A%2F%2Frenzon.com%2Fberta%2Froma%2Ftransporte%2F|title:Ver%20m%C3%A1s||&#8221;][\/vc_column_inner][vc_column_inner width=&#8221;1\/3&#8243;][vc_btn title=&#8221;Locker&#8221; style=&#8221;3d&#8221; color=&#8221;orange&#8221; align=&#8221;center&#8221; link=&#8221;url:http%3A%2F%2Frenzon.com%2Fberta%2Froma%2Flocker%2F|title:Ver%20m%C3%A1s||&#8221;][\/vc_column_inner][\/vc_row_inner][\/vc_column][vc_column width=&#8221;1\/3&#8243;][vc_empty_space][vc_row_inner css=&#8221;.vc_custom_1462910293365{padding-top: 15px !important;padding-right: 25px !important;padding-bottom: 15px !important;padding-left: 25px !important;background-color: #cc0033 !important;border-radius: 3px !important;}&#8221;][vc_column_inner]<h3 style=\"color:#ffffff;\" class=\"  \">Horario Matutino: 7:00 a 15:30 hrs<\/h3>[vc_empty_space height=&#8221;10px&#8221;]<h3 style=\"color:#ffffff;\" class=\"  \">Horario Vespertino: 14:00 a 22:00 hrs<\/h3>[vc_empty_space height=&#8221;10px&#8221;][\/vc_column_inner][\/vc_row_inner][vc_empty_space][vc_btn title=&#8221;Formato de reinscripci\u00f3n&#8221; style=&#8221;3d&#8221; color=&#8221;success&#8221; align=&#8221;center&#8221; i_icon_fontawesome=&#8221;fa fa-file-pdf-o&#8221; link=&#8221;url:https%3A%2F%2Febvg.edu.mx%2Fromawp-content%2Fuploads%2F2021%2F01%2FREINSCRIPCION-24-feb-2021-ok-2-2.pdf|title:Ver%20m%C3%A1s|target:%20_blank|&#8221; add_icon=&#8221;true&#8221;][vc_btn title=&#8221;Plan de estudios 2012&#8243; style=&#8221;3d&#8221; color=&#8221;success&#8221; align=&#8221;center&#8221; i_icon_fontawesome=&#8221;fa fa-link&#8221; link=&#8221;url:http%3A%2F%2Fwww.dgespe.sep.gob.mx%2Freforma_curricular%2Fplanes%2Flepree%2Fplan_de_estudios%2Fmalla_curricular|title:Malla%20curricular|target:%20_blank&#8221; add_icon=&#8221;true&#8221;][vc_btn title=&#8221;Procedimiento de inscripci\u00f3n&#8221; style=&#8221;flat&#8221; size=&#8221;xs&#8221; align=&#8221;center&#8221; link=&#8221;url:http%3A%2F%2Frenzon.com%2Fberta%2Froma%2Fwp-content%2Fuploads%2F2017%2F04%2Finstructivo1718.pdf|title:Ver%20m%C3%A1s|target:%20_blank&#8221;][vc_empty_space][vc_row_inner][vc_column_inner css=&#8221;.vc_custom_1462910314077{padding-top: 0px !important;padding-right: 0px !important;padding-bottom: 0px !important;padding-left: 0px !important;background-color: #cc0033 !important;border-radius: 3px !important;}&#8221;][vc_empty_space height=&#8221;10px&#8221;]<h2 style=\"color:#ffffff;\" class=\" subtitle center\">Uniformes<\/h2>[vc_empty_space height=&#8221;10px&#8221;][vc_column_text css=&#8221;.vc_custom_1457632599635{padding-top: 20px !important;padding-right: 25px !important;padding-bottom: 20px !important;padding-left: 25px !important;background-color: #f9f9f9 !important;border-radius: 3px !important;}&#8221;]Uniforme institucional<\/p>\n<hr \/>\n<p>Bata[\/vc_column_text][\/vc_column_inner][\/vc_row_inner][\/vc_column][\/vc_row][vc_row][vc_column][vc_empty_space][vc_empty_space]<h1 style=\"color:;\" class=\" title \">Datos de admisi\u00f3n<\/h1>[vc_empty_space]<div class=\"nicdark_divider  left big \"><span style=\"background-color:#1e73be;\" class=\"nicdark_radius\"><\/span><\/div>[vc_empty_space][\/vc_column][\/vc_row][vc_row][vc_column width=&#8221;1\/2&#8243;][vc_tta_accordion color=&#8221;juicy-pink&#8221; spacing=&#8221;10&#8243; active_section=&#8221;9&#8243; collapsible_all=&#8221;true&#8221;][vc_tta_section title=&#8221;Costos de inscripci\u00f3n y colegiatura&#8221; tab_id=&#8221;1457554929733-af7e5ad7-b445&#8243;]<div class=\"nicdark_archive1 nicdark_bg_grey nicdark_shadow nicdark_radius left overflow_scroll\">\n<table class=\"nicdark_table extrabig nicdark_bg_green nicdark_radius\">\n<thead class=\"nicdark_border_green\">\n<tr>\n<td class=\"nicdark_width_percentage1\">\n<h4 class=\"white\">Concepto<\/h4>\n<\/td>\n<td>\n<h4 class=\"white\">Monto<\/h4>\n<\/td>\n<td>\n<h4 class=\"white\">Periodo<\/h4>\n<\/td>\n<\/tr>\n<\/thead>\n<tbody class=\"nicdark_bg_grey nicdark_border_grey\">\n<tr>\n<td>Inscripci\u00f3n anual<\/p>\n<p><strong>Incluye:<\/strong> credencial escolar, seguro de accidentes escolares, aportaci\u00f3n cultural de eventos y cuota incorporaci\u00f3n S.E.P.<\/td>\n<td>\u00a0$7,855.00<\/td>\n<td>\u00danico<\/td>\n<\/tr>\n<tr>\n<td>Colegiatura mensual Matutino (10 meses)<\/td>\n<td>$5,000.00<\/td>\n<td>\u00danico<\/td>\n<\/tr>\n<tr>\n<td>Colegiatura mensual \u00a0Vespertino (10 meses)<\/td>\n<td>$4,000.00<\/td>\n<td>\u00danico<\/td>\n<\/tr>\n<tr>\n<td><\/td>\n<td><\/td>\n<td><\/td>\n<\/tr>\n<tr>\n<td><\/td>\n<td><\/td>\n<td><\/td>\n<\/tr>\n<tr>\n<td><\/td>\n<td><\/td>\n<td><\/td>\n<\/tr>\n<tr>\n<td><\/td>\n<td><\/td>\n<td><\/td>\n<\/tr>\n<\/tbody>\n<\/table>\n<\/div>\n[\/vc_tta_section][vc_tta_section title=&#8221;Proceso de admisi\u00f3n&#8221; tab_id=&#8221;1457554929915-e4ad5599-73d9&#8243;][vc_column_text]<\/p>\n<ol>\n<li>Solicitar Informaci\u00f3n.<br \/>\nV\u00eda Telef\u00f3nica al n\u00famero 52-41-13-40.<br \/>\nCorreo Electr\u00f3nico. relacionespublicas@ebvg.edu.mx<br \/>\nPresencial en un horario de 8:30 a.m. a 6:00 p.m.<\/li>\n<li>Solicitar entrevista con la Direcci\u00f3n de Nivel con la finalidad de resolver dudas acad\u00e9micas.<\/li>\n<li>Programar examen de admisi\u00f3n.<\/li>\n<li>Presentar examen.<\/li>\n<li>Entrega de resultado.<\/li>\n<li>Realizar proceso de inscripci\u00f3n.<\/li>\n<\/ol>\n<p>[\/vc_column_text][\/vc_tta_section][vc_tta_section title=&#8221;Requisitos de inscripci\u00f3n&#8221; tab_id=&#8221;1457555220307-aeab311a-ce07&#8243;][vc_column_text]<\/p>\n<p><strong>Requisitos de Inscripci\u00f3n<\/strong><\/p>\n<ol>\n<li>Acta de nacimiento original y 3 copias fotost\u00e1ticas legibles del mismo original en reducci\u00f3n a tama\u00f1o carta por ambos lados.<\/li>\n<li>CURP original y 3 copias fotost\u00e1ticas legibles.<\/li>\n<li>Certificado de Preparatoria o constancia de terminaci\u00f3n de estudios con promedio general por estar en tr\u00e1mite el certificado original y 3 copias fotost\u00e1ticas legibles en reducci\u00f3n a tama\u00f1o carta por ambos lados (si no es del D.F. deberan ser legalizados por el gobierno del estado que procede).<\/li>\n<li>Certificado m\u00e9dico original.<\/li>\n<li>6 fotograf\u00edas recientes tama\u00f1o infantil (en blanco y negro, papel mate, de frente, vestir con ropa clara) en un sobre con su nombre completo al reverso.<\/li>\n<\/ol>\n<p><strong>Si el ingreso es de 2\u00b0 \u00e1 8\u00b0 semestre anexar tambi\u00e9n<\/strong><\/p>\n<ol>\n<li>Certificaci\u00f3n parcial original y 2 copias fotost\u00e1ticas legibles por ambos lados<\/li>\n<li>Copias compulsadas por DGENAM de acta de nacimiento, CURP y Certificado Bachillerato.<\/li>\n<li>Oficio de autorizaci\u00f3n (Tr\u00e1nsito de Alumnos) de la DGENAM.<\/li>\n<\/ol>\n<p>[\/vc_column_text][\/vc_tta_section][\/vc_tta_accordion][\/vc_column][vc_column width=&#8221;1\/2&#8243;][vc_tta_accordion color=&#8221;juicy-pink&#8221; spacing=&#8221;10&#8243; active_section=&#8221;8&#8243; collapsible_all=&#8221;true&#8221;][vc_tta_section title=&#8221;Costos de uniformes y listas&#8221; tab_id=&#8221;1457561749482-9d63f7c1-463a&#8221;][vc_column_text]No hay informaci\u00f3n disponible.[\/vc_column_text][\/vc_tta_section][\/vc_tta_accordion][\/vc_column][\/vc_row][vc_row][vc_column][vc_empty_space][\/vc_column][\/vc_row]<\/p>\n","protected":false},"excerpt":{"rendered":"<p>[vc_row][vc_column css=&#8221;.vc_custom_1502822990657{margin-top: -160px !important;}&#8221;][rev_slider_vc alias=&#8221;slidelicenciatura&#8221;][vc_empty_space height=&#8221;20px&#8221;][vc_empty_space height=&#8221;50px&#8221;][\/vc_column][\/vc_row][vc_row][vc_column width=&#8221;2\/3&#8243;][vc_empty_space][vc_column_text] &#8220;Para aprender a ense\u00f1ar&#8221; &nbsp; Nuestra meta es formar profesionistas comprometidas a ejercer la docencia en educaci\u00f3n preescolar. La Normal \u201cBerta von Gl\u00fcmer\u201d, d\u00f3nde m\u00e1s de 58 a\u00f1os de experiencia nos respaldan, prepara educadoras con responsabilidad y capaces de guiar la formaci\u00f3n de la ni\u00f1ez, fomenta el &#8230;<\/p>\n","protected":false},"author":1,"featured_media":0,"parent":0,"menu_order":0,"comment_status":"closed","ping_status":"closed","template":"","meta":[],"_links":{"self":[{"href":"https:\/\/ebvg.edu.mx\/roma\/wp-json\/wp\/v2\/pages\/2983"}],"collection":[{"href":"https:\/\/ebvg.edu.mx\/roma\/wp-json\/wp\/v2\/pages"}],"about":[{"href":"https:\/\/ebvg.edu.mx\/roma\/wp-json\/wp\/v2\/types\/page"}],"author":[{"embeddable":true,"href":"https:\/\/ebvg.edu.mx\/roma\/wp-json\/wp\/v2\/users\/1"}],"replies":[{"embeddable":true,"href":"https:\/\/ebvg.edu.mx\/roma\/wp-json\/wp\/v2\/comments?post=2983"}],"version-history":[{"count":25,"href":"https:\/\/ebvg.edu.mx\/roma\/wp-json\/wp\/v2\/pages\/2983\/revisions"}],"predecessor-version":[{"id":11933,"href":"https:\/\/ebvg.edu.mx\/roma\/wp-json\/wp\/v2\/pages\/2983\/revisions\/11933"}],"wp:attachment":[{"href":"https:\/\/ebvg.edu.mx\/roma\/wp-json\/wp\/v2\/media?parent=2983"}],"curies":[{"name":"wp","href":"https:\/\/api.w.org\/{rel}","templated":true}]}}