{"id":2976,"date":"2016-03-10T11:20:12","date_gmt":"2016-03-10T17:20:12","guid":{"rendered":"http:\/\/renzon.com\/berta\/?page_id=2976"},"modified":"2026-02-04T14:39:38","modified_gmt":"2026-02-04T20:39:38","slug":"preparatoria","status":"publish","type":"page","link":"https:\/\/ebvg.edu.mx\/roma\/preparatoria\/","title":{"rendered":"Preparatoria"},"content":{"rendered":"<p>[vc_row css=&#8221;.vc_custom_1502209237025{margin-top: -160px !important;}&#8221;][vc_column css=&#8221;.vc_custom_1502724466991{margin-top: -160px !important;}&#8221;][rev_slider_vc alias=&#8221;slidepreparatoria&#8221;][vc_empty_space height=&#8221;12px&#8221;]<h1 style=\"color:#bababa;\" class=\" title center\">Preparatoria<\/h1>[vc_empty_space height=&#8221;20px&#8221;]<h3 style=\"color:#b7b7b7;\" class=\" subtitle left\">Clave de incorporaci\u00f3n SEP 09PBH3050L EMS3\/50<\/h3>[\/vc_column][\/vc_row][vc_row][vc_column width=&#8221;2\/3&#8243;][vc_empty_space][vc_column_text]<\/p>\n<div class=\"vc_empty_space\">\n<p class=\"p1\" style=\"text-align: justify;\"><span class=\"s1\"><span class=\"white nicdark_dropcap nicdark_bg_orange nicdark_radius_circle nicdark_shadow\">E<\/span>l nivel de&nbsp;preparatoria se encuentra incorporado a la Secretar\u00eda de Educaci\u00f3n P\u00fablica cuya entidad normativa es la Direcci\u00f3n General de Bachillerato; su plan es semestral con duraci\u00f3n de tres a\u00f1os.<\/span><\/p>\n<\/div>\n<p class=\"p2\" style=\"text-align: justify;\"><span class=\"s2\">Compartimos con la familia la responsabilidad de preparar a los j\u00f3venes para un futuro competitivo y exigente, desarrollando en ellos voluntad, disciplina y sensibilidad dentro de un agradable ambiente escolar.<\/span><\/p>\n<div class=\"vc_empty_space\">\n<p class=\"p2\" style=\"text-align: justify;\"><span class=\"s2\">Contamos con actualizaci\u00f3n pedag\u00f3gica constante de m\u00e9todos y recursos did\u00e1cticos y con una plantilla especializada de maestros; lo cual brinda atenci\u00f3n individual al alumno. Para desarrollar las habilidades del idioma, manejamos el ingl\u00e9s por bandas permitiendo al estudiante lograr la certificaci\u00f3n PET o FCE , documento avalado por la Universidad de Cambridge, al t\u00e9rmino del nivel.<\/span><\/p>\n<\/div>\n<p>[\/vc_column_text][vc_empty_space][vc_empty_space][vc_row_inner][vc_column_inner width=&#8221;1\/3&#8243;][vc_btn title=&#8221;Servicios escolares&#8221; style=&#8221;3d&#8221; color=&#8221;orange&#8221; align=&#8221;center&#8221; link=&#8221;url:https%3A%2F%2Febvg.edu.mx%2Fromaservicios-escolares%2F|title:Ver%20m%C3%A1s||&#8221;][\/vc_column_inner][vc_column_inner width=&#8221;1\/3&#8243;][vc_btn title=&#8221;Transporte&#8221; style=&#8221;3d&#8221; color=&#8221;orange&#8221; align=&#8221;center&#8221; link=&#8221;|title:Ver%20m%C3%A1s||&#8221;][\/vc_column_inner][vc_column_inner width=&#8221;1\/3&#8243;][vc_btn title=&#8221;Locker&#8221; style=&#8221;3d&#8221; color=&#8221;orange&#8221; align=&#8221;center&#8221; link=&#8221;url:https%3A%2F%2Febvg.edu.mx%2Fromalocker%2F|title:Ver%20m%C3%A1s||&#8221;][\/vc_column_inner][\/vc_row_inner][\/vc_column][vc_column width=&#8221;1\/3&#8243;][vc_empty_space][vc_row_inner css=&#8221;.vc_custom_1462909968408{padding-top: 15px !important;padding-right: 25px !important;padding-bottom: 15px !important;padding-left: 25px !important;background-color: #ec774b !important;border-radius: 3px !important;}&#8221;][vc_column_inner]<h3 style=\"color:#ffffff;\" class=\"  center\">Horario: 7:00 a 14:20 hrs<\/h3>[vc_empty_space height=&#8221;10px&#8221;][\/vc_column_inner][\/vc_row_inner][vc_empty_space][vc_btn title=&#8221;Formato de reinscripci\u00f3n&#8221; style=&#8221;3d&#8221; color=&#8221;success&#8221; align=&#8221;center&#8221; i_icon_fontawesome=&#8221;fa fa-file-pdf-o&#8221; link=&#8221;url:https%3A%2F%2Febvg.edu.mx%2Froma%2Fwp-content%2Fuploads%2F2026%2F02%2FFto_Reincripciones_26-27.pdf|title:Ver%20m%C3%A1s|target:%20_blank|&#8221; add_icon=&#8221;true&#8221;][vc_btn title=&#8221;Procedimiento de inscripci\u00f3n&#8221; style=&#8221;flat&#8221; color=&#8221;sky&#8221; size=&#8221;xs&#8221; align=&#8221;center&#8221; i_icon_fontawesome=&#8221;fa fa-file-pdf-o&#8221; link=&#8221;url:https%3A%2F%2Febvg.edu.mx%2Fromawp-content%2Fuploads%2F2023%2F02%2FInstructivo_Llenado_Fto_Reinscripciones_23-24.pdf|title:Ver%20m%C3%A1s|target:%20_blank|&#8221; add_icon=&#8221;true&#8221;][vc_btn title=&#8221;Uniformes&#8221; color=&#8221;danger&#8221; align=&#8221;center&#8221; i_icon_fontawesome=&#8221;fa fa-file-pdf-o&#8221; link=&#8221;url:https%3A%2F%2Febvg.edu.mx%2Fromawp-content%2Fuploads%2F2018%2F03%2Fposters-prepaUNIF.pdf|||&#8221; add_icon=&#8221;true&#8221;][vc_btn title=&#8221;Logros EBVG&#8221; style=&#8221;3d&#8221; color=&#8221;turquoise&#8221; align=&#8221;center&#8221; i_icon_fontawesome=&#8221;fa fa-video-camera&#8221; link=&#8221;url:%20https%3A%2F%2Fwww.youtube.com%2Fwatch%3Fv%3DWcrU-mFe_Lw|title:Ver%20m%C3%A1s|target:%20_blank|&#8221; add_icon=&#8221;true&#8221;][\/vc_column][\/vc_row][vc_row][vc_column][vc_empty_space height=&#8221;50px&#8221;][\/vc_column][\/vc_row][vc_row][vc_column][vc_empty_space]<h1 style=\"color:;\" class=\" title \">Datos de admisi\u00f3n<\/h1>[vc_empty_space]<div class=\"nicdark_divider  left big \"><span style=\"background-color:#1e73be;\" class=\"nicdark_radius\"><\/span><\/div>[vc_empty_space][\/vc_column][\/vc_row][vc_row][vc_column width=&#8221;1\/2&#8243;][vc_tta_accordion color=&#8221;orange&#8221; spacing=&#8221;10&#8243; active_section=&#8221;9&#8243; collapsible_all=&#8221;true&#8221;][vc_tta_section title=&#8221;Requisitos de inscripci\u00f3n&#8221; tab_id=&#8221;1457555220307-aeab311a-ce07&#8243;][vc_column_text]<strong>PREPARATORIA<\/strong><\/p>\n<p><strong>&nbsp;<\/strong><\/p>\n<p>Original y dos copias<\/p>\n<ul>\n<li>Acta de nacimiento&nbsp;(en caso de ser extranjero presentar el acta apostillada y su situaci\u00f3n migratoria)<\/li>\n<li>CURP<\/li>\n<li>Certificado de Educaci\u00f3n Secundaria<\/li>\n<li>Certificado de Salud (Institucional o Privada)<\/li>\n<li>Carta de Conducta<\/li>\n<li>6 Fotograf\u00edas recientes tama\u00f1o infantil (en blanco y negro, papel mate de frente, vestir con ropa clara) en un sobre con su nombre completo al reverso<\/li>\n<li>Carta de <em>No adeudo<\/em> del colegio proveniente<\/li>\n<li>Comprobante de domicilio&nbsp;de no m\u00e1s de dos meses de antig\u00fcedad (recibo telef\u00f3nico preferentemente)<\/li>\n<li>Copia de INE (por los dos lados) de ambos padres<\/li>\n<\/ul>\n<p>&nbsp;<\/p>\n<p>Notas:<\/p>\n<ul>\n<li>Si cursa la educaci\u00f3n secundaria en un sistema diferente a SEP, &nbsp;presentar resoluci\u00f3n de equivalencia y\/o revalidaci\u00f3n de estudios<\/li>\n<li>Estudios en el extranjero, presentar el documento de certificaci\u00f3n que sirvi\u00f3 de antecedente para la emisi\u00f3n de resoluci\u00f3n<\/li>\n<\/ul>\n<p>&nbsp;<\/p>\n<p>Si el ingreso es de 2do a 6to semestre, anexar tambi\u00e9n:<\/p>\n<ul>\n<li>Historial Acad\u00e9mico sellado y firmado<\/li>\n<li>Certificaci\u00f3n parcial y\/o tr\u00e1mite de equivalencia (si no es de la CDMX deber\u00e1 ser legalizado por el gobierno del estado que procede).<\/li>\n<\/ul>\n<p>&nbsp;[\/vc_column_text][\/vc_tta_section][\/vc_tta_accordion][\/vc_column][vc_column width=&#8221;1\/2&#8243;][vc_tta_accordion color=&#8221;orange&#8221; spacing=&#8221;10&#8243; active_section=&#8221;8&#8243; collapsible_all=&#8221;true&#8221;][vc_tta_section title=&#8221;Proceso de admisi\u00f3n&#8221; tab_id=&#8221;1457561749482-9d63f7c1-463a&#8221;][vc_column_text]<\/p>\n<ol>\n<li>Solicitar Informaci\u00f3n.<br \/>\nV\u00eda Telef\u00f3nica al n\u00famero 5552-41-13-40.<br \/>\nCorreo Electr\u00f3nico. <a href=\"mailto:relacionespublicas@ebvg.edu.mx\">relacionespublicas@ebvg.edu.mx<\/a><br \/>\nPresencial dentro de un horario de 8:30 a.m. a 6:00 p.m.<\/li>\n<li>Programar prueba de aptitudes acad\u00e9micas<\/li>\n<li>Presentar prueba<\/li>\n<li>Entrega de resultado<\/li>\n<li>Realizar proceso de inscripci\u00f3n<\/li>\n<\/ol>\n<p>[\/vc_column_text][\/vc_tta_section][vc_tta_section title=&#8221;Proveedor de uniformes&#8221; tab_id=&#8221;1494956066223-9644cf45-17bc&#8221;][vc_column_text]<\/p>\n<p style=\"font-weight: 400;\">UNIFORMES COLE LM, S.A. DE C.V.<\/p>\n<p style=\"font-weight: 400;\">Cerrada de Augusto Rodin&nbsp; No. 98 interior 4, N\u00e1poles, 03840 CDMX<\/p>\n<p style=\"font-weight: 400;\">Tel. 55 5615 9015,&nbsp; 55 5598 8958, <a href=\"mailto:uniformescole@yahoo.com\">uniformescole@yahoo.com<\/a><\/p>\n<p>[\/vc_column_text][\/vc_tta_section][\/vc_tta_accordion][\/vc_column][\/vc_row][vc_row][vc_column][vc_empty_space][vc_empty_space][vc_empty_space]<h1 style=\"color:;\" class=\" title left\"><\/h1><h2 style=\"color:;\" class=\" title left\"><\/h2>[vc_empty_space]<div class=\"nicdark_divider  left big \"><span style=\"background-color:#1e73be;\" class=\"nicdark_radius\"><\/span><\/div>[vc_empty_space][vc_row_inner][vc_column_inner width=&#8221;1\/3&#8243;][\/vc_column_inner][vc_column_inner width=&#8221;1\/3&#8243;][\/vc_column_inner][vc_column_inner width=&#8221;1\/3&#8243;][\/vc_column_inner][\/vc_row_inner][vc_empty_space][vc_empty_space][\/vc_column][\/vc_row][vc_row][vc_column][vc_column_text]<\/p>\n<p>[\/vc_column_text][\/vc_column][\/vc_row]<\/p>\n","protected":false},"excerpt":{"rendered":"<p>[vc_row css=&#8221;.vc_custom_1502209237025{margin-top: -160px !important;}&#8221;][vc_column css=&#8221;.vc_custom_1502724466991{margin-top: -160px !important;}&#8221;][rev_slider_vc alias=&#8221;slidepreparatoria&#8221;][vc_empty_space height=&#8221;12px&#8221;][vc_empty_space height=&#8221;20px&#8221;][\/vc_column][\/vc_row][vc_row][vc_column width=&#8221;2\/3&#8243;][vc_empty_space][vc_column_text] El nivel de&nbsp;preparatoria se encuentra incorporado a la Secretar\u00eda de Educaci\u00f3n P\u00fablica cuya entidad normativa es la Direcci\u00f3n General de Bachillerato; su plan es semestral con duraci\u00f3n de tres a\u00f1os. Compartimos con la familia la responsabilidad de preparar a los j\u00f3venes para un futuro &#8230;<\/p>\n","protected":false},"author":1,"featured_media":0,"parent":0,"menu_order":0,"comment_status":"closed","ping_status":"closed","template":"","meta":[],"_links":{"self":[{"href":"https:\/\/ebvg.edu.mx\/roma\/wp-json\/wp\/v2\/pages\/2976"}],"collection":[{"href":"https:\/\/ebvg.edu.mx\/roma\/wp-json\/wp\/v2\/pages"}],"about":[{"href":"https:\/\/ebvg.edu.mx\/roma\/wp-json\/wp\/v2\/types\/page"}],"author":[{"embeddable":true,"href":"https:\/\/ebvg.edu.mx\/roma\/wp-json\/wp\/v2\/users\/1"}],"replies":[{"embeddable":true,"href":"https:\/\/ebvg.edu.mx\/roma\/wp-json\/wp\/v2\/comments?post=2976"}],"version-history":[{"count":109,"href":"https:\/\/ebvg.edu.mx\/roma\/wp-json\/wp\/v2\/pages\/2976\/revisions"}],"predecessor-version":[{"id":14569,"href":"https:\/\/ebvg.edu.mx\/roma\/wp-json\/wp\/v2\/pages\/2976\/revisions\/14569"}],"wp:attachment":[{"href":"https:\/\/ebvg.edu.mx\/roma\/wp-json\/wp\/v2\/media?parent=2976"}],"curies":[{"name":"wp","href":"https:\/\/api.w.org\/{rel}","templated":true}]}}