{"id":8853,"date":"2021-05-30T22:35:56","date_gmt":"2021-05-30T22:35:56","guid":{"rendered":"http:\/\/ebvg.edu.mx\/cuajimalpa\/?page_id=8853"},"modified":"2021-08-04T01:52:09","modified_gmt":"2021-08-04T01:52:09","slug":"swim-squad","status":"publish","type":"page","link":"https:\/\/ebvg.edu.mx\/cuajimalpa\/swim-squad\/","title":{"rendered":"Swim Squad"},"content":{"rendered":"<p>[vc_row][vc_column css=\u00bb.vc_custom_1622137729889{margin-top: -160px !important;}\u00bb][rev_slider_vc alias=\u00bbnatacion\u00bb][vc_empty_space height=\u00bb20px\u00bb][\/vc_column][\/vc_row][vc_row][vc_column width=\u00bb2\/3&#8243;]<h1 style=\"color:#b7b7b7;\" class=\" title center\">Swim Squad<\/h1>[vc_empty_space height=\u00bb12px\u00bb]<h3 style=\"color:#a8a8a8;\" class=\" title center\">Von Gl\u00fcmer<\/h3>[vc_empty_space][vc_gallery interval=\u00bb5&#8243; images=\u00bb8975,8976&#8243; img_size=\u00bb600&#215;400&#8243; onclick=\u00bb\u00bb][vc_empty_space]<h3 style=\"color:;\" class=\"  center\">Swim Squad<\/h3>[vc_empty_space][vc_column_text]La nataci\u00f3n es un actividad con multiples beneficios, tiene un bajo impacto en huvesos y articulaciones, mejora la flexibilidad y la elasticidad, aumenta la capacidad pulmonar y reduce el estr\u00e9s. En \u00e9stas clases aprender\u00e1n a nadar y afinar su estilo, es una disciplina muy importante y necesaria para la vida de nuestros ni\u00f1os. Las clases estan dirigidas tanto para alumnos de preescolar y como de primaria. 2 veces por semana.[\/vc_column_text][\/vc_column][vc_column width=\u00bb1\/3&#8243;][vc_column_text]<\/p>\n<div id=\"custom_html-6\" class=\"widget_text widget widget_custom_html\">\n<h2 align=\"center\">Otras Actividades<\/h2>\n<div class=\"textwidget custom-html-widget\">\n<table>\n<tbody>\n<tr>\n<td><img loading=\"lazy\" decoding=\"async\" class=\"alignnone wp-image-9085 size-full\" src=\"http:\/\/ebvg.edu.mx\/cuajimalpa\/wp-content\/uploads\/2021\/08\/fe.png\" alt=\"\" width=\"83\" height=\"84\" \/><\/td>\n<td>Educaci\u00f3n en la f\u00e9<br \/>\n<a href=\"\/cuajimalpa\/educacion-en-la-fe\/\">Ver m\u00e1s<\/a><\/td>\n<\/tr>\n<tr>\n<td><\/td>\n<\/tr>\n<tr>\n<td><img loading=\"lazy\" decoding=\"async\" class=\"alignnone wp-image-9087 size-full\" src=\"http:\/\/ebvg.edu.mx\/cuajimalpa\/wp-content\/uploads\/2021\/08\/artes-marciales.png\" alt=\"\" width=\"83\" height=\"84\" \/><\/td>\n<td>Artes Marciales<br \/>\n<a href=\"http:\/\/ebvg.edu.mx\/cuajimalpa\/artes-marciales\/\">Ver m\u00e1s<\/a><\/td>\n<\/tr>\n<tr>\n<td><\/td>\n<\/tr>\n<tr>\n<td><a href=\"http:\/\/ebvg.edu.mx\/roma\/ballet-2\/\"><img decoding=\"async\" src=\"http:\/\/ebvg.edu.mx\/roma\/wp-content\/uploads\/2017\/08\/BALLET.png\" alt=\"Ballet Team\" width=\"80px\" \/><\/a><\/td>\n<td>Ballet Team<br \/>\n<a href=\"\/cuajimalpa\/ballet-team\/\">Ver m\u00e1s<\/a><\/td>\n<\/tr>\n<tr>\n<td><\/td>\n<\/tr>\n<tr>\n<td><a href=\"http:\/\/ebvg.edu.mx\/roma\/futbol\/\"><img decoding=\"async\" src=\"http:\/\/ebvg.edu.mx\/roma\/wp-content\/uploads\/2015\/01\/FUTBOL.png\" alt=\"F\u00fatbol Team\" width=\"80px\" \/><\/a><\/td>\n<td>Futbol Team<br \/>\n<a href=\"\/cuajimalpa\/soccer-team\">Ver m\u00e1s<\/a><\/td>\n<\/tr>\n<tr>\n<td><\/td>\n<\/tr>\n<tr>\n<td><img loading=\"lazy\" decoding=\"async\" class=\"alignnone wp-image-9088 size-full\" src=\"http:\/\/ebvg.edu.mx\/cuajimalpa\/wp-content\/uploads\/2021\/08\/gimnasia.png\" alt=\"\" width=\"83\" height=\"84\" \/><\/td>\n<td>Gimnasia Ol\u00edmpica<br \/>\n<a href=\"\/cuajimalpa\/gimnasia-olimpica\">Ver m\u00e1s<\/a><\/td>\n<\/tr>\n<tr>\n<td><\/td>\n<\/tr>\n<tr>\n<td><img loading=\"lazy\" decoding=\"async\" class=\"alignnone wp-image-9089 size-full\" src=\"http:\/\/ebvg.edu.mx\/cuajimalpa\/wp-content\/uploads\/2021\/08\/parkour.png\" alt=\"\" width=\"83\" height=\"84\" \/><\/td>\n<td>Parkour Team<br \/>\n<a href=\"\/cuajimalpa\/parkour\">Ver m\u00e1s<\/a><\/td>\n<\/tr>\n<tr>\n<td><\/td>\n<\/tr>\n<tr>\n<td><img decoding=\"async\" class=\"alignnone size-full wp-image-8809\" src=\"http:\/\/ebvg.edu.mx\/cuajimalpa\/wp-content\/uploads\/2021\/05\/AJEDREZ.png\" alt=\"\" \/><\/td>\n<td>Chess Team<\/p>\n<p><a href=\"\/cuajimalpa\/chess-team\">Ver m\u00e1s<\/a><\/td>\n<\/tr>\n<tr>\n<td><\/td>\n<\/tr>\n<tr>\n<td><img loading=\"lazy\" decoding=\"async\" class=\"alignnone wp-image-9090 size-full\" src=\"http:\/\/ebvg.edu.mx\/cuajimalpa\/wp-content\/uploads\/2021\/08\/jazz.png\" alt=\"\" width=\"83\" height=\"84\" \/><\/td>\n<td>Jazz<br \/>\n<a href=\"\/cuajimalpa\/jazz\">Ver m\u00e1s<\/a><\/td>\n<\/tr>\n<tr>\n<td><\/td>\n<\/tr>\n<tr>\n<td><img loading=\"lazy\" decoding=\"async\" class=\"alignnone wp-image-9091 size-full\" src=\"http:\/\/ebvg.edu.mx\/cuajimalpa\/wp-content\/uploads\/2021\/08\/tecnologia.png\" alt=\"\" width=\"83\" height=\"84\" \/><\/td>\n<td>Tecnolog\u00eda<br \/>\n<a href=\"\/cuajimalpa\/tecnologia\">Ver m\u00e1s<\/a><\/td>\n<\/tr>\n<tr>\n<td><\/td>\n<\/tr>\n<tr>\n<td><img loading=\"lazy\" decoding=\"async\" class=\"alignnone wp-image-9092 size-full\" src=\"http:\/\/ebvg.edu.mx\/cuajimalpa\/wp-content\/uploads\/2021\/08\/cocina.png\" alt=\"\" width=\"83\" height=\"84\" \/><\/td>\n<td>Cocina<br \/>\n<a href=\"\/cuajimalpa\/cocina\">Ver m\u00e1s<\/a><\/td>\n<\/tr>\n<tr>\n<td><\/td>\n<\/tr>\n<tr>\n<td><img loading=\"lazy\" decoding=\"async\" class=\"alignnone size-full wp-image-8807\" src=\"http:\/\/ebvg.edu.mx\/cuajimalpa\/wp-content\/uploads\/2021\/05\/BASQUETBOL.png\" alt=\"\" width=\"80\" height=\"80\" \/><\/td>\n<td>Basketball Team<\/p>\n<p><a style=\"font-family: inherit; font-size: inherit;\" href=\"\/cuajimalpa\/basketball-team\">Ver m\u00e1s<\/a><\/td>\n<\/tr>\n<\/tbody>\n<\/table>\n<\/div>\n<\/div>\n<p>[\/vc_column_text][\/vc_column][\/vc_row][vc_row][vc_column][vc_empty_space][\/vc_column][\/vc_row]<\/p>\n","protected":false},"excerpt":{"rendered":"<p>[vc_row][vc_column css=\u00bb.vc_custom_1622137729889{margin-top: -160px !important;}\u00bb][rev_slider_vc alias=\u00bbnatacion\u00bb][vc_empty_space height=\u00bb20px\u00bb][\/vc_column][\/vc_row][vc_row][vc_column width=\u00bb2\/3&#8243;][vc_empty_space height=\u00bb12px\u00bb][vc_empty_space][vc_gallery interval=\u00bb5&#8243; images=\u00bb8975,8976&#8243; img_size=\u00bb600&#215;400&#8243; onclick=\u00bb\u00bb][vc_empty_space][vc_empty_space][vc_column_text]La nataci\u00f3n es un actividad con multiples beneficios, tiene un bajo impacto en huvesos y articulaciones, mejora la flexibilidad y la elasticidad, aumenta la capacidad pulmonar y reduce el estr\u00e9s. En \u00e9stas clases aprender\u00e1n a nadar y afinar su estilo, es una disciplina muy &#8230;<\/p>\n","protected":false},"author":1,"featured_media":0,"parent":0,"menu_order":0,"comment_status":"closed","ping_status":"closed","template":"","meta":{"footnotes":""},"_links":{"self":[{"href":"https:\/\/ebvg.edu.mx\/cuajimalpa\/wp-json\/wp\/v2\/pages\/8853"}],"collection":[{"href":"https:\/\/ebvg.edu.mx\/cuajimalpa\/wp-json\/wp\/v2\/pages"}],"about":[{"href":"https:\/\/ebvg.edu.mx\/cuajimalpa\/wp-json\/wp\/v2\/types\/page"}],"author":[{"embeddable":true,"href":"https:\/\/ebvg.edu.mx\/cuajimalpa\/wp-json\/wp\/v2\/users\/1"}],"replies":[{"embeddable":true,"href":"https:\/\/ebvg.edu.mx\/cuajimalpa\/wp-json\/wp\/v2\/comments?post=8853"}],"version-history":[{"count":10,"href":"https:\/\/ebvg.edu.mx\/cuajimalpa\/wp-json\/wp\/v2\/pages\/8853\/revisions"}],"predecessor-version":[{"id":9100,"href":"https:\/\/ebvg.edu.mx\/cuajimalpa\/wp-json\/wp\/v2\/pages\/8853\/revisions\/9100"}],"wp:attachment":[{"href":"https:\/\/ebvg.edu.mx\/cuajimalpa\/wp-json\/wp\/v2\/media?parent=8853"}],"curies":[{"name":"wp","href":"https:\/\/api.w.org\/{rel}","templated":true}]}}