{"id":4316,"date":"2017-08-10T01:42:01","date_gmt":"2017-08-10T01:42:01","guid":{"rendered":"http:\/\/ebvg.edu.mx\/cuajimalpa\/?page_id=4316"},"modified":"2021-06-07T21:04:10","modified_gmt":"2021-06-07T21:04:10","slug":"nosotros","status":"publish","type":"page","link":"https:\/\/ebvg.edu.mx\/cuajimalpa\/nosotros\/","title":{"rendered":"Nosotros"},"content":{"rendered":"<p>[vc_row][vc_column css=\u00bb.vc_custom_1503438087495{margin-top: -160px !important;}\u00bb][rev_slider_vc alias=\u00bbslidenosotros\u00bb][\/vc_column][\/vc_row][vc_row][vc_column width=\u00bb2\/3&#8243;][vc_empty_space]<h3 style=\"color:;\" class=\" title center\">Sesenta a\u00f1os de historia de nuestra instituci\u00f3n<\/h3>[vc_empty_space][vc_column_text]<\/p>\n<p style=\"font-weight: 400;\">Porfirio D\u00edaz,presidente de M\u00e9xico a principios del siglo XX; encomend\u00f3 al entonces ministro de Educaci\u00f3n Don Justo Sierra, la b\u00fasqueda de una personalidad que tuviera los atributos necesarios para ir a estudiar a los E.E.U.U., la carrera de educadora.<\/p>\n<p style=\"font-weight: 400;\">Fue as\u00ed como la Srita. Berta Von Gl\u00fcmer, elegida para tal misi\u00f3n, a su regreso inicia y funda en 1907, el primer\u00a0 curso para maestras de educaci\u00f3n preescolar.<\/p>\n<p style=\"font-weight: 400;\">Con bases firmes, fuertes y responsables, en\u00a01957\u00a0Alicia Sodi Serret, una de las \u00faltimas alumnas de la Srita. Berta, constituye oficialmente\u00a0la\u00a0escuela que llevar\u00e1 el nombre de esta insigne maestra.<\/p>\n<p style=\"font-weight: 400;\">Este plantel ubicado en la colonia Roma ofrece todos los grados desde: Jard\u00edn de ni\u00f1os, hasta la Licenciatura en Educaci\u00f3n Preescolar.<\/p>\n<p style=\"font-weight: 400;\">En\u00a0agosto de 1999 se funda el Colegio Von Gl\u00fcmer en Cuajimalpa., tiene el orgullo de pertenecer y provenir de esta ra\u00edz en l\u00ednea directa, del origen de esta carrera para los jardines de ni\u00f1os. Proyecto fuerte y s\u00f3lido que se ha consolidado a trav\u00e9s del tiempo y que cuenta con todo el respaldo de la Escuela Berta Von Gl\u00fcmer.<\/p>\n<p>&nbsp;<\/p>\n<p align=\"justify\"><strong>Principios y creencias:<\/strong><\/p>\n<p>Creemos que nuestros alumnos tienen la capacidad de desarrollarse plenamente y son un agente de cambio en potencia para nuestra sociedad.<\/p>\n<p>El maestro gu\u00eda, encausa y acompa\u00f1a al alumno en su desarrollo y los padres de familia como la influencia m\u00e1s importante en el desarrollo emocional a trav\u00e9s de su ejemplo, relaci\u00f3n y ambiente familiar.<\/p>\n<p>Nuestra escuela es el espacio donde convive la comunidad educativa y que brinda a los alumnos la oportunidad de desarrollarse \u00edntegramente.<\/p>\n<p>El dominio en el idioma ingl\u00e9s, las habilidades matem\u00e1ticas, verbales y las tecnolog\u00edas de informaci\u00f3n y comunicaci\u00f3n, contribuyen a incrementar oportunidades del alumno en su futuro.<\/p>\n<p>Colaboraci\u00f3n positiva de todas las personas e instituciones que trabajan en favor del desarrollo del alumno.[\/vc_column_text][vc_empty_space][\/vc_column][vc_column width=\u00bb1\/3&#8243;][vc_empty_space][vc_empty_space][vc_empty_space][vc_row_inner css=\u00bb.vc_custom_1456977240868{padding-top: 15px !important;padding-right: 25px !important;padding-bottom: 15px !important;padding-left: 25px !important;background-color: #294571 !important;border-radius: 3px !important;}\u00bb][vc_column_inner]<h3 style=\"color:#ffffff;\" class=\"  \">Nuestra Misi\u00f3n<\/h3>[\/vc_column_inner][\/vc_row_inner][vc_column_text css=\u00bb.vc_custom_1502347398331{padding-top: 20px !important;padding-right: 25px !important;padding-bottom: 20px !important;padding-left: 25px !important;background-color: #f9f9f9 !important;}\u00bb]<\/p>\n<p style=\"text-align: justify;\">Es la formaci\u00f3n integral del alumno(a) como ser independiente, responsable y comprometido. Preparado para formar parte de una sociedad competitiva y cambiante.<br \/>\nCon la ventaja de una preparaci\u00f3n acad\u00e9mica completa y de solidez moral, apoyados de los beneficios de la tecnolog\u00eda y el idioma ingles.<\/p>\n<p>[\/vc_column_text][vc_empty_space][vc_empty_space][vc_row_inner css=\u00bb.vc_custom_1456977240868{padding-top: 15px !important;padding-right: 25px !important;padding-bottom: 15px !important;padding-left: 25px !important;background-color: #294571 !important;border-radius: 3px !important;}\u00bb][vc_column_inner]<h3 style=\"color:#ffffff;\" class=\"  \">Nuestra Visi\u00f3n<\/h3>[\/vc_column_inner][\/vc_row_inner][vc_column_text css=\u00bb.vc_custom_1502347553156{padding-top: 20px !important;padding-right: 25px !important;padding-bottom: 20px !important;padding-left: 25px !important;background-color: #f9f9f9 !important;}\u00bb]<\/p>\n<ul>\n<li style=\"text-align: justify;\">Formar el sentido de pertenencia generada por una calidez educativa.<\/li>\n<li style=\"text-align: justify;\">Facilitar una educaci\u00f3n innovadora y de calidad, encaminada a una excelencia profesional.<\/li>\n<li style=\"text-align: justify;\">Fomentar el dominio del idioma ingl\u00e9s y la tecnolog\u00eda inform\u00e1tica.<\/li>\n<li style=\"text-align: justify;\">Generar vivencias dentro y fuera de la instituci\u00f3n como parte de la formaci\u00f3n en la verdad y el valor.<\/li>\n<li style=\"text-align: justify;\">Promover la b\u00fasqueda constante de la veracidad en el \u00e1mbito de la globalizaci\u00f3n.<\/li>\n<li style=\"text-align: justify;\">Impulsar la lectura, investigaci\u00f3n y creatividad para responder a los constantes cambios culturales.<\/li>\n<li style=\"text-align: justify;\">Construir un pensamiento reflexivo, cr\u00edtico y aut\u00f3nomo con base en habilidades de competencia.<\/li>\n<\/ul>\n<p>[\/vc_column_text][vc_empty_space][\/vc_column][\/vc_row][vc_row][vc_column][vc_empty_space]<h2 style=\"color:;\" class=\" subtitle center\">Nuestros Valores<\/h2>[vc_empty_space][\/vc_column][vc_column][\/vc_column][\/vc_row][vc_row][vc_column][vc_column_text]<\/p>\n<p class=\"p1\" style=\"text-align: justify;\"><b><\/b><span class=\"s1\"><strong>SENTIDO DE PERTENENCIA<\/strong>: Es la identificaci\u00f3n con la instituci\u00f3n compartiendo y haciendo propia la misi\u00f3n, visi\u00f3n y valores que conllevan al apego en comunidad.<\/span><\/p>\n<p class=\"p3\" style=\"text-align: justify;\"><span class=\"s1\"><strong>HONESTIDAD<\/strong>: Ser congruente entre lo que decimos y hacemos.<\/span><\/p>\n<p class=\"p3\" style=\"text-align: justify;\"><span class=\"s1\"><strong>COMPROMISO:<\/strong> Aceptar y cumplir por convicci\u00f3n nuestras obligaciones personales y profesionales con la instituci\u00f3n y con todas las personas con quienes tratamos.<\/span><\/p>\n<p class=\"p3\"><span class=\"s1\"><strong>COMPRENSI\u00d3N:<\/strong> Entender los actos o sentimientos de otros.<\/span><\/p>\n<p class=\"p3\" style=\"text-align: justify;\"><span class=\"s1\"><strong>RESPONSABILIDAD:<\/strong> Cumplir siempre con nuestros compromisos y acuerdos personales, profesionales y de vida.<\/span><\/p>\n<p class=\"p3\" style=\"text-align: justify;\"><span class=\"s1\"><strong>RESPETO:<\/strong> Reconocer, apreciar y valorar mi persona, as\u00ed como la de los dem\u00e1s y al entorno, entendiendo mis posibilidades de acci\u00f3n, como base de toda convivencia en sociedad.<\/span><\/p>\n<p class=\"p3\" style=\"text-align: justify;\"><span class=\"s1\"><strong>TOLERANCIA:<\/strong> Aceptar la diversidad de opini\u00f3n tiene que ver con saber escuchar y admitir a los dem\u00e1s valorando distintas formas de<span class=\"Apple-converted-space\">\u00a0 <\/span>entender y posicionarse en la vida, siempre que no atenten contra los derechos fundamentales de la persona.<\/span><\/p>\n<p class=\"p3\" style=\"text-align: justify;\"><span class=\"s1\"><strong>COMUNICACI\u00d3N:<\/strong> Dar y recibir informaci\u00f3n clara, oportuna y efectiva en todas direcciones para lograr objetivos comunes.<\/span><\/p>\n<p class=\"p3\" style=\"text-align: justify;\"><span class=\"s1\"><strong>SERVICIO:<\/strong> Desarrollar actitudes y acciones como valor agregado en la ejecuci\u00f3n de las actividades diarias y en nuestra relaci\u00f3n con los dem\u00e1s.<\/span><\/p>\n<p class=\"p3\" style=\"text-align: justify;\"><span class=\"s1\"><strong>AUTONOM\u00cdA:<\/strong> Facultad que tiene toda persona para actuar o no de una manera, por lo que es responsable de sus actos.<\/span><\/p>\n<p>[\/vc_column_text][vc_empty_space][vc_empty_space][\/vc_column][\/vc_row]<\/p>\n","protected":false},"excerpt":{"rendered":"<p>[vc_row][vc_column css=\u00bb.vc_custom_1503438087495{margin-top: -160px !important;}\u00bb][rev_slider_vc alias=\u00bbslidenosotros\u00bb][\/vc_column][\/vc_row][vc_row][vc_column width=\u00bb2\/3&#8243;][vc_empty_space][vc_empty_space][vc_column_text] Porfirio D\u00edaz,presidente de M\u00e9xico a principios del siglo XX; encomend\u00f3 al entonces ministro de Educaci\u00f3n Don Justo Sierra, la b\u00fasqueda de una personalidad que tuviera los atributos necesarios para ir a estudiar a los E.E.U.U., la carrera de educadora. Fue as\u00ed como la Srita. Berta Von Gl\u00fcmer, elegida para &#8230;<\/p>\n","protected":false},"author":1,"featured_media":0,"parent":0,"menu_order":0,"comment_status":"closed","ping_status":"closed","template":"","meta":{"footnotes":""},"_links":{"self":[{"href":"https:\/\/ebvg.edu.mx\/cuajimalpa\/wp-json\/wp\/v2\/pages\/4316"}],"collection":[{"href":"https:\/\/ebvg.edu.mx\/cuajimalpa\/wp-json\/wp\/v2\/pages"}],"about":[{"href":"https:\/\/ebvg.edu.mx\/cuajimalpa\/wp-json\/wp\/v2\/types\/page"}],"author":[{"embeddable":true,"href":"https:\/\/ebvg.edu.mx\/cuajimalpa\/wp-json\/wp\/v2\/users\/1"}],"replies":[{"embeddable":true,"href":"https:\/\/ebvg.edu.mx\/cuajimalpa\/wp-json\/wp\/v2\/comments?post=4316"}],"version-history":[{"count":10,"href":"https:\/\/ebvg.edu.mx\/cuajimalpa\/wp-json\/wp\/v2\/pages\/4316\/revisions"}],"predecessor-version":[{"id":8902,"href":"https:\/\/ebvg.edu.mx\/cuajimalpa\/wp-json\/wp\/v2\/pages\/4316\/revisions\/8902"}],"wp:attachment":[{"href":"https:\/\/ebvg.edu.mx\/cuajimalpa\/wp-json\/wp\/v2\/media?parent=4316"}],"curies":[{"name":"wp","href":"https:\/\/api.w.org\/{rel}","templated":true}]}}