{"id":4301,"date":"2017-08-10T00:47:16","date_gmt":"2017-08-10T00:47:16","guid":{"rendered":"http:\/\/ebvg.edu.mx\/cuajimalpa\/?page_id=4301"},"modified":"2023-09-25T22:22:11","modified_gmt":"2023-09-25T22:22:11","slug":"cuaji-directorio","status":"publish","type":"page","link":"https:\/\/ebvg.edu.mx\/cuajimalpa\/cuaji-directorio\/","title":{"rendered":"Directorio"},"content":{"rendered":"<p>[vc_row][vc_column css=\u00bb.vc_custom_1503082526285{margin-top: -50px !important;}\u00bb][vc_empty_space height=\u00bb20px\u00bb][vc_empty_space height=\u00bb52px\u00bb]<h1 style=\"color:;\" class=\"  \">Direcci\u00f3n General<\/h1>[vc_empty_space][\/vc_column][\/vc_row][vc_row][vc_column][vc_row_inner][vc_column_inner width=\u00bb1\/4&#8243;]<h3 style=\"color:#1e73be;\" class=\" subtitle left\">Direcci\u00f3n General<\/h3>[vc_column_text css=\u00bb.vc_custom_1457641226527{margin-top: 10px !important;margin-bottom: 10px !important;}\u00bb]<\/p>\n<hr \/>\n<p>[\/vc_column_text]<h5 style=\"color:#000000;\" class=\"  left\">Lic. Alicia Vivanco<\/h5>[vc_column_text]direccioncvg@ebvg.edu.mx<\/p>\n<p>Ext. 305[\/vc_column_text][\/vc_column_inner][vc_column_inner width=\u00bb1\/4&#8243;]<h3 style=\"color:#1e73be;\" class=\" subtitle left\">Direcci\u00f3n administrativa<\/h3>[vc_column_text css=\u00bb.vc_custom_1457641226527{margin-top: 10px !important;margin-bottom: 10px !important;}\u00bb]<\/p>\n<hr \/>\n<p>[\/vc_column_text]<h5 style=\"color:#000000;\" class=\"  left\">Lic. Paola Sosa<\/h5>[vc_column_text]administracioncvg@ebvg.edu.mx<\/p>\n<p>Ext. 308[\/vc_column_text][\/vc_column_inner][vc_column_inner width=\u00bb1\/4&#8243;]<h3 style=\"color:#1e73be;\" class=\" subtitle left\">Director de Preescolar<\/h3>[vc_column_text css=\u00bb.vc_custom_1457641226527{margin-top: 10px !important;margin-bottom: 10px !important;}\u00bb]<\/p>\n<hr \/>\n<p>[\/vc_column_text]<h5 style=\"color:#000000;\" class=\"  left\">Mtr. Mar\u00eda Guadalupe Rivas Cisneros<\/h5>[vc_column_text]preescolarcvg@ebvg.edu.mx<\/p>\n<p>Ext. 304[\/vc_column_text][\/vc_column_inner][vc_column_inner width=\u00bb1\/4&#8243;]<h3 style=\"color:#1e73be;\" class=\" subtitle left\">Director de Primaria<\/h3>[vc_column_text css=\u00bb.vc_custom_1457641226527{margin-top: 10px !important;margin-bottom: 10px !important;}\u00bb]<\/p>\n<hr \/>\n<p>[\/vc_column_text]<h5 style=\"color:#000000;\" class=\"  left\">Lic. Ra\u00fal Guti\u00e9rrez- Ni\u00f1o de Haro<\/h5>[vc_column_text]primariacvg@ebvg.edu.mx<\/p>\n<p>Ext. 310[\/vc_column_text][\/vc_column_inner][\/vc_row_inner][vc_empty_space][\/vc_column][\/vc_row][vc_row][vc_column][\/vc_column][\/vc_row][vc_row][vc_column][vc_empty_space][vc_column_text]<\/p>\n<hr \/>\n<p>[\/vc_column_text][vc_empty_space][\/vc_column][\/vc_row][vc_row][vc_column][vc_empty_space]<h1 style=\"color:;\" class=\"  \">Departamentos<\/h1>[vc_empty_space][\/vc_column][\/vc_row][vc_row][vc_column][vc_row_inner][vc_column_inner width=\u00bb1\/3&#8243;]<h3 style=\"color:#1e73be;\" class=\" subtitle left\">Coordinaci\u00f3n de ingl\u00e9s<\/h3>[vc_column_text]<\/p>\n<hr \/>\n<p style=\"text-align: justify;\">Responsable de elaborar los programas que le permitan desde preescolar hasta primaria teniendo una continuidad para lograr que los ni\u00f1os adquieran la comprensi\u00f3n, escritura en el idioma ingl\u00e9s como lengua extranjera<\/p>\n<p>&nbsp;<\/p>\n<p>[\/vc_column_text]<h5 style=\"color:#000000;\" class=\"  left\">Lic. Marcela Zoyaya<\/h5>[vc_column_text]englishcvg@ebvg.edu.mx<br \/>\nExt. 303[\/vc_column_text][\/vc_column_inner][vc_column_inner width=\u00bb1\/3&#8243;]<h3 style=\"color:#1e73be;\" class=\" subtitle left\">Departamento de Relaciones Publicas y Admisi\u00f3n<\/h3>[vc_column_text]<\/p>\n<hr \/>\n<p style=\"text-align: justify;\">Responsable del proceso de admisi\u00f3n de nuevos alumnos, as\u00ed como de organizar actividades de integraci\u00f3n de toda la comunidad educativa Von Gl\u00fcmer<\/p>\n<p>&nbsp;<\/p>\n<p>[\/vc_column_text]<h5 style=\"color:#000000;\" class=\"  left\">Lic. Ana Gabriela Guevara<\/h5>[vc_column_text]rhumanascvg@ebvg.edu.mx<br \/>\nExt: 306[\/vc_column_text][\/vc_column_inner][vc_column_inner width=\u00bb1\/3&#8243;]<h3 style=\"color:#1e73be;\" class=\" subtitle left\">Departamento de Psicolog\u00eda y Recursos Humanos<\/h3>[vc_column_text]<\/p>\n<hr \/>\n<p style=\"text-align: justify;\">Responsable de aplicar los diagn\u00f3sticos de admisi\u00f3n, atender adecuadamente los casos de ni\u00f1os con determinadas necesidades y realizaci\u00f3n de din\u00e1micas para el personal<\/p>\n<p>[\/vc_column_text]<h5 style=\"color:#000000;\" class=\"  left\">Lic. Daniela P\u00e9rezNegr\u00f3n Guerrero<\/h5>[vc_column_text]psicologiacvg@ebvg.edu.mx<br \/>\nExt:311[\/vc_column_text][\/vc_column_inner][\/vc_row_inner][vc_empty_space][\/vc_column][\/vc_row]<\/p>\n","protected":false},"excerpt":{"rendered":"<p>[vc_row][vc_column css=\u00bb.vc_custom_1503082526285{margin-top: -50px !important;}\u00bb][vc_empty_space height=\u00bb20px\u00bb][vc_empty_space height=\u00bb52px\u00bb][vc_empty_space][\/vc_column][\/vc_row][vc_row][vc_column][vc_row_inner][vc_column_inner width=\u00bb1\/4&#8243;][vc_column_text css=\u00bb.vc_custom_1457641226527{margin-top: 10px !important;margin-bottom: 10px !important;}\u00bb] [\/vc_column_text][vc_column_text]direccioncvg@ebvg.edu.mx Ext. 305[\/vc_column_text][\/vc_column_inner][vc_column_inner width=\u00bb1\/4&#8243;][vc_column_text css=\u00bb.vc_custom_1457641226527{margin-top: 10px !important;margin-bottom: 10px !important;}\u00bb] [\/vc_column_text][vc_column_text]administracioncvg@ebvg.edu.mx Ext. 308[\/vc_column_text][\/vc_column_inner][vc_column_inner width=\u00bb1\/4&#8243;][vc_column_text css=\u00bb.vc_custom_1457641226527{margin-top: 10px !important;margin-bottom: 10px !important;}\u00bb] [\/vc_column_text][vc_column_text]preescolarcvg@ebvg.edu.mx Ext. 304[\/vc_column_text][\/vc_column_inner][vc_column_inner width=\u00bb1\/4&#8243;][vc_column_text css=\u00bb.vc_custom_1457641226527{margin-top: 10px !important;margin-bottom: 10px !important;}\u00bb] [\/vc_column_text][vc_column_text]primariacvg@ebvg.edu.mx Ext. 310[\/vc_column_text][\/vc_column_inner][\/vc_row_inner][vc_empty_space][\/vc_column][\/vc_row][vc_row][vc_column][\/vc_column][\/vc_row][vc_row][vc_column][vc_empty_space][vc_column_text] [\/vc_column_text][vc_empty_space][\/vc_column][\/vc_row][vc_row][vc_column][vc_empty_space][vc_empty_space][\/vc_column][\/vc_row][vc_row][vc_column][vc_row_inner][vc_column_inner width=\u00bb1\/3&#8243;][vc_column_text] Responsable de elaborar los programas que le permitan desde preescolar hasta &#8230;<\/p>\n","protected":false},"author":1,"featured_media":0,"parent":0,"menu_order":0,"comment_status":"closed","ping_status":"closed","template":"","meta":{"footnotes":""},"_links":{"self":[{"href":"https:\/\/ebvg.edu.mx\/cuajimalpa\/wp-json\/wp\/v2\/pages\/4301"}],"collection":[{"href":"https:\/\/ebvg.edu.mx\/cuajimalpa\/wp-json\/wp\/v2\/pages"}],"about":[{"href":"https:\/\/ebvg.edu.mx\/cuajimalpa\/wp-json\/wp\/v2\/types\/page"}],"author":[{"embeddable":true,"href":"https:\/\/ebvg.edu.mx\/cuajimalpa\/wp-json\/wp\/v2\/users\/1"}],"replies":[{"embeddable":true,"href":"https:\/\/ebvg.edu.mx\/cuajimalpa\/wp-json\/wp\/v2\/comments?post=4301"}],"version-history":[{"count":36,"href":"https:\/\/ebvg.edu.mx\/cuajimalpa\/wp-json\/wp\/v2\/pages\/4301\/revisions"}],"predecessor-version":[{"id":9507,"href":"https:\/\/ebvg.edu.mx\/cuajimalpa\/wp-json\/wp\/v2\/pages\/4301\/revisions\/9507"}],"wp:attachment":[{"href":"https:\/\/ebvg.edu.mx\/cuajimalpa\/wp-json\/wp\/v2\/media?parent=4301"}],"curies":[{"name":"wp","href":"https:\/\/api.w.org\/{rel}","templated":true}]}}