{"id":4294,"date":"2017-08-10T00:00:49","date_gmt":"2017-08-10T00:00:49","guid":{"rendered":"http:\/\/ebvg.edu.mx\/cuajimalpa\/?page_id=4294"},"modified":"2024-01-10T18:54:21","modified_gmt":"2024-01-10T18:54:21","slug":"cuaji-elementary","status":"publish","type":"page","link":"https:\/\/ebvg.edu.mx\/cuajimalpa\/cuaji-elementary\/","title":{"rendered":"Elementary"},"content":{"rendered":"<p>[vc_row][vc_column css=\u00bb.vc_custom_1503437601140{margin-top: -160px !important;}\u00bb][rev_slider_vc alias=\u00bbelementary\u00bb][\/vc_column][\/vc_row][vc_row][vc_column][vc_empty_space][\/vc_column][\/vc_row][vc_row][vc_column width=\u00bb2\/3&#8243;][vc_empty_space][vc_column_text]<\/p>\n<p style=\"text-align: justify;\">El colegio Von Gl\u00fcmer School\u00a0 se fund\u00f3 para dar respuesta a las necesidades educativas de una de las zonas m\u00e1s privilegiadas en cuanto a la ecolog\u00eda que tiene la Ciudad de M\u00e9xico: Cuajimalpa. Nuestro Colegio es heredero de una tradici\u00f3n pedag\u00f3gica emanada del colegio Von Gl\u00fcmer fundada hace m\u00e1s de 60\u00a0a\u00f1os y con el reconocimiento oficial de ser una instituci\u00f3n bicultural en donde se privilegia tanto el espa\u00f1ol como el ingl\u00e9s.<\/p>\n<p style=\"text-align: justify;\">Nuestro compromiso con la comunidad a la que atendemos ubica cuatro aspectos b\u00e1sicos: formativo, acad\u00e9mico, social y emocional; animando siempre al apego familiar, la colaboraci\u00f3n y generosidad de todas las personas que nos rodean<\/p>\n<p style=\"text-align: justify;\">De esta forma, nuestro colegio pretende que cada uno de nuestros alumnos sea una persona consciente, progresista y participante activo de su propia formaci\u00f3n. Por ello, y con el fin de lograr una formaci\u00f3n integral en los alumnos y alumnas del Nivel Elementary, cimentamos nuestro sistema educativo en la atenci\u00f3n personalizada de todos y cada uno de ellos, haciendo que nuestro funcionamiento y accionar parta de una Visi\u00f3n y Misi\u00f3n con una realidad centrada en nuestros chicos para que a su vez puedan dar una respuesta adecuada y pertinente\u00a0 a la sociedad a la que pertenecen, cultivando siempre el trabajo en equipo y privilegiando el uso de los nuevos recursos tecnol\u00f3gicos dentro y fuera del aula.<\/p>\n<p>[\/vc_column_text][vc_empty_space]<h3 style=\"color:;\" class=\" subtitle left\">Uniformes<\/h3>[vc_column_text]<\/p>\n<ul>\n<li>De diario<\/li>\n<li>Pants para Deportes<\/li>\n<\/ul>\n<p>[\/vc_column_text][vc_empty_space][\/vc_column][vc_column width=\u00bb1\/3&#8243;][vc_empty_space][vc_row_inner css=\u00bb.vc_custom_1462909217420{padding-top: 15px !important;padding-right: 25px !important;padding-bottom: 15px !important;padding-left: 25px !important;background-color: #6fc191 !important;border-radius: 3px !important;}\u00bb][vc_column_inner]<h3 style=\"color:#ffffff;\" class=\"  center\">Elementary<\/h3><h3 style=\"color:#ffffff;\" class=\"  center\">7:40 a 14:30 h.<\/h3>[vc_empty_space height=\u00bb10px\u00bb]<div class=\"nicdark_divider   small \"><span style=\"background-color:#ffffff;\" class=\"nicdark_radius\"><\/span><\/div>[vc_empty_space height=\u00bb10px\u00bb]<h3 style=\"color:#ffffff;\" class=\"  center\">After School<\/h3><h3 style=\"color:#ffffff;\" class=\"  center\">14:30 a 17:00 h.<\/h3>[vc_empty_space height=\u00bb10px\u00bb][\/vc_column_inner][\/vc_row_inner][vc_empty_space][vc_row_inner css=\u00bb.vc_custom_1462909228817{padding-top: 15px !important;padding-right: 25px !important;padding-bottom: 15px !important;padding-left: 25px !important;background-color: #6fc191 !important;border-radius: 3px !important;}\u00bb][vc_column_inner]<h3 style=\"color:#ffffff;\" class=\"  center\">Incorporaci\u00f3n SEP<\/h3>[\/vc_column_inner][\/vc_row_inner][vc_column_text css=\u00bb.vc_custom_1502341761629{padding-top: 20px !important;padding-right: 25px !important;padding-bottom: 20px !important;padding-left: 25px !important;background-color: #f9f9f9 !important;}\u00bb]<\/p>\n<p style=\"text-align: center;\">31- 3065-120-16-Px015<\/p>\n<p>[\/vc_column_text][vc_empty_space][vc_row_inner css=\u00bb.vc_custom_1704908640054{background-color: #6fc191 !important;}\u00bb][vc_column_inner]<h3 style=\"color:#ffffff;\" class=\"  center\">Primaria segun n\u00famero de incorporaci\u00f3n 09060368 de fecha 03\/08\/2006.<\/h3>[\/vc_column_inner][\/vc_row_inner][vc_row_inner css=\u00bb.vc_custom_1704912395405{background-color: #6fc191 !important;}\u00bb][vc_column_inner][\/vc_column_inner][\/vc_row_inner][\/vc_column][\/vc_row][vc_row][vc_column][\/vc_column][\/vc_row][vc_row][vc_column][\/vc_column][\/vc_row][vc_row][vc_column][vc_empty_space height=\u00bb60px\u00bb]<h1 style=\"color:;\" class=\" title \">Proceso de admisi\u00f3n<\/h1>[vc_empty_space]<div class=\"nicdark_divider  left big \"><span style=\"background-color:#1e73be;\" class=\"nicdark_radius\"><\/span><\/div>[vc_empty_space][\/vc_column][\/vc_row][vc_row][vc_column width=\u00bb1\/2&#8243;][vc_tta_accordion color=\u00bbgreen\u00bb spacing=\u00bb10&#8243; active_section=\u00bb9&#8243; collapsible_all=\u00bbtrue\u00bb][vc_tta_section title=\u00bbSecci\u00f3n\u00bb tab_id=\u00bb1613083088391-19cf0fba-f896&#8243;][\/vc_tta_section][vc_tta_section title=\u00bbSolicitar informaci\u00f3n\u00bb tab_id=\u00bb1457554929915-e4ad5599-73d9&#8243;][vc_column_text]<\/p>\n<ol>\n<li>Solicitar Informaci\u00f3n.<br \/>\nAl tel\u00e9fono: 5585307065<\/li>\n<li>Correo Electr\u00f3nico. rhumanascvg@ebvg.edu.mx (Horario extendido de 8:00 a 18:00 Hrs)<\/li>\n<li>Programar examen de admisi\u00f3n<\/li>\n<li>Presentar examen<\/li>\n<li>Entrega de resultado<\/li>\n<li>Realizar proceso de inscripci\u00f3n<\/li>\n<\/ol>\n<p>[\/vc_column_text][\/vc_tta_section][vc_tta_section title=\u00bbFormato de Reinscripci\u00f3n\u00bb tab_id=\u00bb1613083086298-176348b0-9966&#8243;][\/vc_tta_section][vc_tta_section title=\u00bbSolicitar entrevista con el Departamento de Relaciones P\u00fablicas \u00bb tab_id=\u00bb1502340400811-ac279e77-bb11&#8243;][vc_column_text]<\/p>\n<ol>\n<li>Programar entrevista en Zoom\u00a0 (Recibir informaci\u00f3n institucional y resolver dudas).<\/li>\n<li>Realizar un recorrido por nuestras Instalaciones en Google.<\/li>\n<li>Recibir informaci\u00f3n de costos.<\/li>\n<li>Llenar el formato de solicitud y cuestionario de admisi\u00f3n.<\/li>\n<li>Programar y realizar pago de examen de admisi\u00f3n.<\/li>\n<li>Presentar ex\u00e1men<\/li>\n<li>Entrega de resultado<\/li>\n<li>Realizar proceso de inscripci\u00f3n<\/li>\n<\/ol>\n<p>[\/vc_column_text][\/vc_tta_section][\/vc_tta_accordion][\/vc_column][vc_column width=\u00bb1\/2&#8243;][\/vc_column][\/vc_row][vc_row][vc_column][vc_empty_space height=\u00bb100px\u00bb][\/vc_column][\/vc_row]<\/p>\n","protected":false},"excerpt":{"rendered":"<p>[vc_row][vc_column css=\u00bb.vc_custom_1503437601140{margin-top: -160px !important;}\u00bb][rev_slider_vc alias=\u00bbelementary\u00bb][\/vc_column][\/vc_row][vc_row][vc_column][vc_empty_space][\/vc_column][\/vc_row][vc_row][vc_column width=\u00bb2\/3&#8243;][vc_empty_space][vc_column_text] El colegio Von Gl\u00fcmer School\u00a0 se fund\u00f3 para dar respuesta a las necesidades educativas de una de las zonas m\u00e1s privilegiadas en cuanto a la ecolog\u00eda que tiene la Ciudad de M\u00e9xico: Cuajimalpa. Nuestro Colegio es heredero de una tradici\u00f3n pedag\u00f3gica emanada del colegio Von Gl\u00fcmer fundada hace m\u00e1s &#8230;<\/p>\n","protected":false},"author":1,"featured_media":0,"parent":0,"menu_order":0,"comment_status":"closed","ping_status":"closed","template":"","meta":{"footnotes":""},"_links":{"self":[{"href":"https:\/\/ebvg.edu.mx\/cuajimalpa\/wp-json\/wp\/v2\/pages\/4294"}],"collection":[{"href":"https:\/\/ebvg.edu.mx\/cuajimalpa\/wp-json\/wp\/v2\/pages"}],"about":[{"href":"https:\/\/ebvg.edu.mx\/cuajimalpa\/wp-json\/wp\/v2\/types\/page"}],"author":[{"embeddable":true,"href":"https:\/\/ebvg.edu.mx\/cuajimalpa\/wp-json\/wp\/v2\/users\/1"}],"replies":[{"embeddable":true,"href":"https:\/\/ebvg.edu.mx\/cuajimalpa\/wp-json\/wp\/v2\/comments?post=4294"}],"version-history":[{"count":27,"href":"https:\/\/ebvg.edu.mx\/cuajimalpa\/wp-json\/wp\/v2\/pages\/4294\/revisions"}],"predecessor-version":[{"id":9642,"href":"https:\/\/ebvg.edu.mx\/cuajimalpa\/wp-json\/wp\/v2\/pages\/4294\/revisions\/9642"}],"wp:attachment":[{"href":"https:\/\/ebvg.edu.mx\/cuajimalpa\/wp-json\/wp\/v2\/media?parent=4294"}],"curies":[{"name":"wp","href":"https:\/\/api.w.org\/{rel}","templated":true}]}}